{"id":21327,"date":"2025-02-14T20:23:33","date_gmt":"2025-02-14T20:23:33","guid":{"rendered":"https:\/\/www.ortholite.com\/estroboscopio\/"},"modified":"2025-12-18T06:11:43","modified_gmt":"2025-12-18T06:11:43","slug":"estroboscopio","status":"publish","type":"page","link":"https:\/\/www.ortholite.com\/pt-pt\/estroboscopio\/","title":{"rendered":"estrobosc\u00f3pio"},"content":{"rendered":"\n<div class=\"wp-block-group alignfull has-background-6-gradient-background has-background is-layout-flow wp-block-group-is-layout-flow\" style=\"padding-right:0;padding-left:0\">\n<div class=\"wp-block-columns are-vertically-aligned-center is-layout-flex wp-container-core-columns-is-layout-d1fb7168 wp-block-columns-is-layout-flex\" style=\"padding-right:0;padding-left:0\">\n<div class=\"wp-block-column is-vertically-aligned-center is-layout-flow wp-block-column-is-layout-flow\" style=\"padding-right:var(--wp--preset--spacing--xs);padding-left:var(--wp--preset--spacing--md);flex-basis:50%\">\n<div class=\"wp-block-group is-layout-constrained wp-container-core-group-is-layout-d7b41ed8 wp-block-group-is-layout-constrained\" style=\"padding-top:var(--wp--preset--spacing--md);padding-right:0;padding-bottom:var(--wp--preset--spacing--md);padding-left:var(--wp--preset--spacing--size-fluid-20-100)\">\n<div class=\"wp-block-group is-layout-constrained wp-container-core-group-is-layout-ef7f83af wp-block-group-is-layout-constrained\">\n<h1 class=\"wp-block-heading has-primary-color has-text-color has-link-color has-h-2-font-size wp-elements-75588d8d5e03af1ebbbe71597af94d77\">ORTHOLITE STROBEL<\/h1>\n<\/div>\n\n\n\n<div class=\"wp-block-group is-layout-constrained wp-block-group-is-layout-constrained\">\n<p class=\"is-style-default has-primary-color has-text-color has-link-color wp-elements-8e1b3f0fddb68a75a951a62159b4e347\">Para maximizar o amortecimento e trazer as carater\u00edsticas mais frescas, secas e saud\u00e1veis para o interior do sapato, combina o OrthoLite<sup>\u00ae<\/sup> com um tecido n\u00e3o el\u00e1stico em vez dos tradicionais materiais strobel.<\/p>\n\n\n\n<p>Para estilos de perfil mais baixo, como os t\u00e9nis de corrida descal\u00e7os, elimina totalmente a palmilha e utiliza o estribo OrthoLite<sup>\u00ae<\/sup> para uma fina camada de amortecimento e gest\u00e3o da humidade.<\/p>\n\n\n\n<p class=\"is-style-default has-primary-color has-text-color has-link-color wp-elements-4abf3a261014bb93615079b85ea9953f\">As nossas espumas com densidades de 0,11 ou 0,13 s\u00e3o ideais para esta aplica\u00e7\u00e3o &#8211; e o benef\u00edcio do ressalto elevado pode ser adicionado com a formula\u00e7\u00e3o OrthoLite<sup>\u00ae<\/sup> X40\u2122.<\/p>\n<\/div>\n<\/div>\n<\/div>\n\n\n\n<div class=\"wp-block-column is-vertically-aligned-center is-layout-flow wp-block-column-is-layout-flow\" style=\"flex-basis:50%\">\n<figure class=\"wp-block-image aligncenter size-full is-resized\"><img loading=\"lazy\" decoding=\"async\" width=\"662\" height=\"598\" src=\"https:\/\/www.ortholite.com\/wp-content\/uploads\/2025\/02\/strobel-image-fr-site.resave.png\" alt=\"\" class=\"wp-image-17151\" style=\"width:450px\" srcset=\"https:\/\/www.ortholite.com\/wp-content\/uploads\/2025\/02\/strobel-image-fr-site.resave.png 662w, https:\/\/www.ortholite.com\/wp-content\/uploads\/2025\/02\/strobel-image-fr-site.resave-300x271.png 300w\" sizes=\"auto, (max-width: 662px) 100vw, 662px\" \/><\/figure>\n<\/div>\n<\/div>\n<\/div>\n\n\n\n<div class=\"wp-block-group has-tertiary-background-color has-background is-layout-constrained wp-container-core-group-is-layout-37ade560 wp-block-group-is-layout-constrained\" style=\"padding-top:var(--wp--preset--spacing--lg);padding-right:var(--wp--preset--spacing--xs);padding-bottom:var(--wp--preset--spacing--lg);padding-left:var(--wp--preset--spacing--xs)\">\n<div class=\"wp-block-group fade-up is-layout-constrained wp-container-core-group-is-layout-bea02a06 wp-block-group-is-layout-constrained\">\n<h2 class=\"wp-block-heading has-text-align-center\">Benef\u00edcios<\/h2>\n\n\n\n<p class=\"has-text-align-center\">A OrthoLite<sup>\u00ae<\/sup> \u00e9 o principal fabricante e fornecedor de espumas para palmilhas OEM para as principais marcas de cal\u00e7ado do mundo. Como uma empresa americana verticalmente integrada com instala\u00e7\u00f5es em todo o mundo, colaboramos com os nossos parceiros de marca para criar e produzir formula\u00e7\u00f5es personalizadas que proporcionam um conforto e desempenho inigual\u00e1veis. <\/p>\n\n\n\n<p class=\"has-text-align-center\"><strong>V\u00ea aqui como a inova\u00e7\u00e3o OrthoLite<sup>\u00ae<\/sup> continua a definir o padr\u00e3o:<\/strong><\/p>\n<\/div>\n\n\n\n<div class=\"wp-block-columns is-style-sticky-columns has-background-1-gradient-background has-background is-layout-flex wp-container-core-columns-is-layout-5c4d418f wp-block-columns-is-layout-flex\" style=\"border-radius:20px;padding-right:var(--wp--preset--spacing--xxs);padding-left:var(--wp--preset--spacing--xxs)\">\n<div class=\"wp-block-column is-layout-flow wp-block-column-is-layout-flow\" style=\"padding-top:var(--wp--preset--spacing--md);padding-bottom:var(--wp--preset--spacing--md);flex-basis:50%\">\n<figure class=\"wp-block-image aligncenter size-full front-image\"><img loading=\"lazy\" decoding=\"async\" width=\"662\" height=\"598\" src=\"https:\/\/www.ortholite.com\/wp-content\/uploads\/2025\/02\/strobel-image-fr-site.resave.png\" alt=\"\" class=\"wp-image-17151\" style=\"object-fit:cover\" srcset=\"https:\/\/www.ortholite.com\/wp-content\/uploads\/2025\/02\/strobel-image-fr-site.resave.png 662w, https:\/\/www.ortholite.com\/wp-content\/uploads\/2025\/02\/strobel-image-fr-site.resave-300x271.png 300w\" sizes=\"auto, (max-width: 662px) 100vw, 662px\" \/><\/figure>\n<\/div>\n\n\n\n<div class=\"wp-block-column is-vertically-aligned-center is-content-justification-left is-layout-constrained wp-container-core-column-is-layout-9b36aaaa wp-block-column-is-layout-constrained\" style=\"padding-top:var(--wp--preset--spacing--lg);padding-right:var(--wp--preset--spacing--xs);padding-bottom:var(--wp--preset--spacing--lg);padding-left:var(--wp--preset--spacing--xs);flex-basis:50%\">\n<div class=\"wp-block-group fade-up is-content-justification-left is-layout-constrained wp-container-core-group-is-layout-e004278d wp-block-group-is-layout-constrained\" style=\"padding-right:var(--wp--preset--spacing--xs);padding-left:var(--wp--preset--spacing--xs)\">\n<figure class=\"wp-block-image size-large is-resized\"><img loading=\"lazy\" decoding=\"async\" width=\"100\" height=\"100\" src=\"https:\/\/www.ortholite.com\/wp-content\/uploads\/2025\/02\/OLT_Eco-icon_65k.svg\" alt=\"\" class=\"wp-image-16679\" style=\"width:auto;height:80px\"\/><\/figure>\n\n\n\n<h2 class=\"wp-block-heading has-accent-color has-text-color has-link-color has-h-5-font-size wp-elements-a18e6f66da86e7ad10c11b759d8e204b\">Amigo do ambiente<\/h2>\n\n\n\n<p class=\"is-style-default has-primary-color has-text-color has-link-color has-default-paragraph-font-size wp-elements-6d20d94e5f3edd01bd9dcd9dbea9e3c7\">Todas as espumas OrthoLite<sup>\u00ae<\/sup> cont\u00eam 5% de borracha reciclada, ajudando a manter centenas de toneladas de res\u00edduos fora dos aterros todos os anos.<\/p>\n<\/div>\n\n\n\n<div class=\"wp-block-group fade-up is-content-justification-left is-layout-constrained wp-container-core-group-is-layout-e004278d wp-block-group-is-layout-constrained\" style=\"padding-right:var(--wp--preset--spacing--xs);padding-left:var(--wp--preset--spacing--xs)\">\n<figure class=\"wp-block-image size-large is-resized\"><img loading=\"lazy\" decoding=\"async\" width=\"100\" height=\"100\" src=\"https:\/\/www.ortholite.com\/wp-content\/uploads\/2025\/02\/OLT_Cushioning-icon_65K.svg\" alt=\"\" class=\"wp-image-16673\" style=\"width:auto;height:80px\"\/><\/figure>\n\n\n\n<h2 class=\"wp-block-heading has-accent-color has-text-color has-link-color has-h-5-font-size wp-elements-7e4f543cb7a5dd69012c699384d6af5e\">Amortecimento a longo prazo<\/h2>\n\n\n\n<p class=\"is-style-default has-primary-color has-text-color has-link-color has-default-paragraph-font-size wp-elements-79becb41b5519a46349c4175caeaee1a\">Ao contr\u00e1rio das palmilhas tradicionais, o conjunto de compress\u00e3o das palmilhas OrthoLite \u00e9 inferior a 5% ao longo do tempo, pelo que o amortecimento e o ajuste nunca mudam dentro do sapato, proporcionando o m\u00e1ximo conforto sempre que cal\u00e7a os sapatos.<\/p>\n<\/div>\n\n\n\n<div class=\"wp-block-group fade-up is-content-justification-left is-layout-constrained wp-container-core-group-is-layout-e004278d wp-block-group-is-layout-constrained\" style=\"padding-right:var(--wp--preset--spacing--xs);padding-left:var(--wp--preset--spacing--xs)\">\n<figure class=\"wp-block-image size-large is-resized\"><img loading=\"lazy\" decoding=\"async\" width=\"100\" height=\"100\" src=\"https:\/\/www.ortholite.com\/wp-content\/uploads\/2025\/02\/OLT_Breathability-icon_65K.svg\" alt=\"\" class=\"wp-image-16661\" style=\"width:auto;height:80px\"\/><\/figure>\n\n\n\n<h2 class=\"wp-block-heading has-accent-color has-text-color has-link-color has-h-5-font-size wp-elements-14b0fcaa48c540dec6665f64ff60058c\">Alto n\u00edvel de respirabilidade<\/h2>\n\n\n\n<p class=\"is-style-default has-primary-color has-text-color has-link-color has-default-paragraph-font-size wp-elements-6d42d2c0030a4e2604fcef17f23d7a2a\">A espuma de PU de c\u00e9lulas abertas OrthoLite \u00e9 95% a 100% respir\u00e1vel, permitindo que o ar circule dentro e \u00e0 volta da palmilha, mantendo o p\u00e9 mais fresco dentro do sapato.<\/p>\n<\/div>\n\n\n\n<div class=\"wp-block-group fade-up is-content-justification-left is-layout-constrained wp-container-core-group-is-layout-e004278d wp-block-group-is-layout-constrained\" style=\"padding-right:var(--wp--preset--spacing--xs);padding-left:var(--wp--preset--spacing--xs)\">\n<figure class=\"wp-block-image size-large is-resized\"><img loading=\"lazy\" decoding=\"async\" width=\"100\" height=\"100\" src=\"https:\/\/www.ortholite.com\/wp-content\/uploads\/2025\/02\/OLT_Washable-icon_65K.svg\" alt=\"\" class=\"wp-image-16649\" style=\"width:auto;height:80px\"\/><\/figure>\n\n\n\n<h2 class=\"wp-block-heading has-accent-color has-text-color has-link-color has-h-5-font-size wp-elements-50378d4109ed6cb9ed6407314e23a0c2\">Lav\u00e1vel<\/h2>\n\n\n\n<p class=\"is-style-default has-primary-color has-text-color has-link-color has-default-paragraph-font-size wp-elements-86f188b408900e1da522b82e77e5d3d7\">As palmilhas OrthoLite podem ser lavadas na m\u00e1quina, ficando sempre como novas e mantendo todos os seus benef\u00edcios de desempenho ap\u00f3s a lavagem.<\/p>\n<\/div>\n\n\n\n<div class=\"wp-block-group fade-up is-content-justification-left is-layout-constrained wp-container-core-group-is-layout-e004278d wp-block-group-is-layout-constrained\" style=\"padding-right:var(--wp--preset--spacing--xs);padding-left:var(--wp--preset--spacing--xs)\">\n<figure class=\"wp-block-image size-large is-resized\"><img loading=\"lazy\" decoding=\"async\" width=\"100\" height=\"100\" src=\"https:\/\/www.ortholite.com\/wp-content\/uploads\/2025\/02\/OLT_Lightweight-icon_65K.svg\" alt=\"\" class=\"wp-image-16655\" style=\"width:auto;height:80px\"\/><\/figure>\n\n\n\n<h2 class=\"wp-block-heading has-accent-color has-text-color has-link-color has-h-5-font-size wp-elements-d4fee73f18175ef54d73e4df22015035\">Leve<\/h2>\n\n\n\n<p class=\"is-style-default has-primary-color has-text-color has-link-color has-default-paragraph-font-size wp-elements-fe2f924fc252b8c602600b87b5e76c90\">As palmilhas OrthoLite s\u00e3o leves, melhorando o desempenho do cal\u00e7ado com um conforto arejado.<\/p>\n<\/div>\n\n\n\n<div class=\"wp-block-group fade-up is-content-justification-left is-layout-constrained wp-container-core-group-is-layout-e004278d wp-block-group-is-layout-constrained\" style=\"padding-right:var(--wp--preset--spacing--xs);padding-left:var(--wp--preset--spacing--xs)\">\n<figure class=\"wp-block-image size-large is-resized\"><img loading=\"lazy\" decoding=\"async\" width=\"100\" height=\"100\" src=\"https:\/\/www.ortholite.com\/wp-content\/uploads\/2025\/02\/OLT_Moisture-Management.svg\" alt=\"\" class=\"wp-image-16667\" style=\"width:auto;height:80px\"\/><\/figure>\n\n\n\n<h2 class=\"wp-block-heading has-accent-color has-text-color has-link-color has-h-5-font-size wp-elements-13c1ee96a384768236d63809f3b4afd8\">Gest\u00e3o da humidade<\/h2>\n\n\n\n<p class=\"is-style-default has-primary-color has-text-color has-link-color has-default-paragraph-font-size wp-elements-506066e478f7ba6fa7d5146ade0c5fb9\">A estrutura \u00fanica de c\u00e9lulas abertas das palmilhas OrthoLite cria um sistema de gest\u00e3o da humidade, ajudando a afastar a humidade do p\u00e9 para proporcionar um ambiente de cal\u00e7ado mais fresco, seco e saud\u00e1vel.<\/p>\n<\/div>\n<\/div>\n<\/div>\n<\/div>\n\n\n\n<div class=\"alignfull wp-block-ortholite-theme-cta-block\">\n\t<div class=\"img-left\"><\/div>\n\t<div\n\t\tclass=\"block-wrapper\"\n\t\tdata-width='850px'\n\t\tdata-gap='var:preset|spacing|sm'\n\t>\n\t\t\n\n<div class=\"wp-block-group is-content-justification-center is-layout-constrained wp-container-core-group-is-layout-c607767f wp-block-group-is-layout-constrained\" style=\"padding-top:var(--wp--preset--spacing--xl);padding-right:var(--wp--preset--spacing--md);padding-bottom:var(--wp--preset--spacing--xl);padding-left:var(--wp--preset--spacing--md)\">\n<h2 class=\"wp-block-heading has-text-align-center is-style-default has-secondary-color has-text-color has-link-color wp-elements-953b05a6dc9b8195abf1fa8e7bb46d32\">Conforto e desempenho<\/h2>\n\n\n\n<p class=\"has-text-align-center is-style-default has-secondary-color has-text-color has-link-color has-h-6-font-size wp-elements-f79ecf5774d12aeb0c3d82ab7640f63b\" style=\"font-style:normal;font-weight:500\">IMPULSIONADO PELA INOVA\u00c7\u00c3O<\/p>\n\n\n\n<p class=\"has-text-align-center\">Somos movidos pela inova\u00e7\u00e3o, por uma compreens\u00e3o profunda das necessidades dos nossos parceiros de marca, por uma verdadeira colabora\u00e7\u00e3o e por uma dedica\u00e7\u00e3o em limitar o nosso impacto no planeta &#8211; e isso nota-se em cada produto que fabricamos. Foi assim que nos torn\u00e1mos o l\u00edder global e \u00e9 por isso que nos orgulhamos de fazer parcerias com as melhores marcas do mundo.<\/p>\n\n\n\n<div class=\"wp-block-buttons is-content-justification-center is-layout-flex wp-container-core-buttons-is-layout-a89b3969 wp-block-buttons-is-layout-flex\">\n<div class=\"wp-block-button is-style-outline is-style-outline--1\"><a class=\"wp-block-button__link has-secondary-color has-text-color has-link-color wp-element-button\" href=\"https:\/\/www.ortholite.com\/pt-pt\/contacto\/\">contacta-nos<\/a><\/div>\n<\/div>\n<\/div>\n\n\t<\/div>\n\t<div class=\"img-right\"><\/div>\n<\/div>\n","protected":false},"excerpt":{"rendered":"<p>ORTHOLITE STROBEL Para maximizar o amortecimento e trazer as carater\u00edsticas mais frescas, secas e saud\u00e1veis para o interior do sapato, combina o OrthoLite\u00ae com um tecido n\u00e3o el\u00e1stico em vez dos tradicionais materiais strobel. Para estilos de perfil mais baixo, como os t\u00e9nis de corrida descal\u00e7os, elimina totalmente a palmilha e utiliza o estribo OrthoLite\u00ae [&hellip;]<\/p>\n","protected":false},"author":2,"featured_media":17155,"parent":0,"menu_order":0,"comment_status":"closed","ping_status":"closed","template":"","meta":{"_acf_changed":false,"footnotes":""},"class_list":["post-21327","page","type-page","status-publish","has-post-thumbnail","hentry"],"acf":[],"yoast_head":"<!-- This site is optimized with the Yoast SEO plugin v27.2 - https:\/\/yoast.com\/product\/yoast-seo-wordpress\/ -->\n<title>Tecnologia Strobel OrthoLite | OrthoLite<\/title>\n<meta name=\"description\" content=\"Descobre as vantagens da tecnologia OrthoLite Strobel, concebida para melhorar a flexibilidade e o conforto do cal\u00e7ado.\" \/>\n<meta name=\"robots\" content=\"index, follow, max-snippet:-1, max-image-preview:large, max-video-preview:-1\" \/>\n<link rel=\"canonical\" href=\"https:\/\/www.ortholite.com\/pt-pt\/estroboscopio\/\" \/>\n<meta property=\"og:locale\" content=\"pt_PT\" \/>\n<meta property=\"og:type\" content=\"article\" \/>\n<meta property=\"og:title\" content=\"Tecnologia Strobel OrthoLite | OrthoLite\" \/>\n<meta property=\"og:description\" content=\"Descobre as vantagens da tecnologia OrthoLite Strobel, concebida para melhorar a flexibilidade e o conforto do cal\u00e7ado.\" \/>\n<meta property=\"og:url\" content=\"https:\/\/www.ortholite.com\/pt-pt\/estroboscopio\/\" \/>\n<meta property=\"og:site_name\" content=\"Ortholite\" \/>\n<meta property=\"article:modified_time\" content=\"2025-12-18T06:11:43+00:00\" \/>\n<meta property=\"og:image\" content=\"https:\/\/www.ortholite.com\/wp-content\/uploads\/2025\/02\/strobel-image-fr-site.resave.png\" \/>\n\t<meta property=\"og:image:width\" content=\"662\" \/>\n\t<meta property=\"og:image:height\" content=\"598\" \/>\n\t<meta property=\"og:image:type\" content=\"image\/png\" \/>\n<meta name=\"twitter:card\" content=\"summary_large_image\" \/>\n<meta name=\"twitter:label1\" content=\"Tempo estimado de leitura\" \/>\n\t<meta name=\"twitter:data1\" content=\"4 minutos\" \/>\n<script type=\"application\/ld+json\" class=\"yoast-schema-graph\">{\"@context\":\"https:\/\/schema.org\",\"@graph\":[{\"@type\":\"WebPage\",\"@id\":\"https:\/\/www.ortholite.com\/pt-pt\/estroboscopio\/\",\"url\":\"https:\/\/www.ortholite.com\/pt-pt\/estroboscopio\/\",\"name\":\"Tecnologia Strobel OrthoLite | OrthoLite\",\"isPartOf\":{\"@id\":\"https:\/\/www.ortholite.com\/pt-pt\/#website\"},\"primaryImageOfPage\":{\"@id\":\"https:\/\/www.ortholite.com\/pt-pt\/estroboscopio\/#primaryimage\"},\"image\":{\"@id\":\"https:\/\/www.ortholite.com\/pt-pt\/estroboscopio\/#primaryimage\"},\"thumbnailUrl\":\"https:\/\/www.ortholite.com\/wp-content\/uploads\/2025\/02\/strobel-image-fr-site.resave.png\",\"datePublished\":\"2025-02-14T20:23:33+00:00\",\"dateModified\":\"2025-12-18T06:11:43+00:00\",\"description\":\"Descobre as vantagens da tecnologia OrthoLite Strobel, concebida para melhorar a flexibilidade e o conforto do cal\u00e7ado.\",\"breadcrumb\":{\"@id\":\"https:\/\/www.ortholite.com\/pt-pt\/estroboscopio\/#breadcrumb\"},\"inLanguage\":\"pt-PT\",\"potentialAction\":[{\"@type\":\"ReadAction\",\"target\":[\"https:\/\/www.ortholite.com\/pt-pt\/estroboscopio\/\"]}]},{\"@type\":\"ImageObject\",\"inLanguage\":\"pt-PT\",\"@id\":\"https:\/\/www.ortholite.com\/pt-pt\/estroboscopio\/#primaryimage\",\"url\":\"https:\/\/www.ortholite.com\/wp-content\/uploads\/2025\/02\/strobel-image-fr-site.resave.png\",\"contentUrl\":\"https:\/\/www.ortholite.com\/wp-content\/uploads\/2025\/02\/strobel-image-fr-site.resave.png\",\"width\":662,\"height\":598},{\"@type\":\"BreadcrumbList\",\"@id\":\"https:\/\/www.ortholite.com\/pt-pt\/estroboscopio\/#breadcrumb\",\"itemListElement\":[{\"@type\":\"ListItem\",\"position\":1,\"name\":\"Home\",\"item\":\"https:\/\/www.ortholite.com\/pt-pt\/primeira-pagina\/\"},{\"@type\":\"ListItem\",\"position\":2,\"name\":\"estrobosc\u00f3pio\"}]},{\"@type\":\"WebSite\",\"@id\":\"https:\/\/www.ortholite.com\/pt-pt\/#website\",\"url\":\"https:\/\/www.ortholite.com\/pt-pt\/\",\"name\":\"Ortholite\",\"description\":\"High Performance Comfort Insoles, Open-Cell Foam Tech\",\"publisher\":{\"@id\":\"https:\/\/www.ortholite.com\/pt-pt\/#organization\"},\"potentialAction\":[{\"@type\":\"SearchAction\",\"target\":{\"@type\":\"EntryPoint\",\"urlTemplate\":\"https:\/\/www.ortholite.com\/pt-pt\/?s={search_term_string}\"},\"query-input\":{\"@type\":\"PropertyValueSpecification\",\"valueRequired\":true,\"valueName\":\"search_term_string\"}}],\"inLanguage\":\"pt-PT\"},{\"@type\":\"Organization\",\"@id\":\"https:\/\/www.ortholite.com\/pt-pt\/#organization\",\"name\":\"Ortholite\",\"url\":\"https:\/\/www.ortholite.com\/pt-pt\/\",\"logo\":{\"@type\":\"ImageObject\",\"inLanguage\":\"pt-PT\",\"@id\":\"https:\/\/www.ortholite.com\/pt-pt\/#\/schema\/logo\/image\/\",\"url\":\"https:\/\/www.ortholite.com\/wp-content\/uploads\/2024\/12\/horizontal-logo.svg\",\"contentUrl\":\"https:\/\/www.ortholite.com\/wp-content\/uploads\/2024\/12\/horizontal-logo.svg\",\"width\":201,\"height\":52,\"caption\":\"Ortholite\"},\"image\":{\"@id\":\"https:\/\/www.ortholite.com\/pt-pt\/#\/schema\/logo\/image\/\"}}]}<\/script>\n<!-- \/ Yoast SEO plugin. -->","yoast_head_json":{"title":"Tecnologia Strobel OrthoLite | OrthoLite","description":"Descobre as vantagens da tecnologia OrthoLite Strobel, concebida para melhorar a flexibilidade e o conforto do cal\u00e7ado.","robots":{"index":"index","follow":"follow","max-snippet":"max-snippet:-1","max-image-preview":"max-image-preview:large","max-video-preview":"max-video-preview:-1"},"canonical":"https:\/\/www.ortholite.com\/pt-pt\/estroboscopio\/","og_locale":"pt_PT","og_type":"article","og_title":"Tecnologia Strobel OrthoLite | OrthoLite","og_description":"Descobre as vantagens da tecnologia OrthoLite Strobel, concebida para melhorar a flexibilidade e o conforto do cal\u00e7ado.","og_url":"https:\/\/www.ortholite.com\/pt-pt\/estroboscopio\/","og_site_name":"Ortholite","article_modified_time":"2025-12-18T06:11:43+00:00","og_image":[{"width":662,"height":598,"url":"https:\/\/www.ortholite.com\/wp-content\/uploads\/2025\/02\/strobel-image-fr-site.resave.png","type":"image\/png"}],"twitter_card":"summary_large_image","twitter_misc":{"Tempo estimado de leitura":"4 minutos"},"schema":{"@context":"https:\/\/schema.org","@graph":[{"@type":"WebPage","@id":"https:\/\/www.ortholite.com\/pt-pt\/estroboscopio\/","url":"https:\/\/www.ortholite.com\/pt-pt\/estroboscopio\/","name":"Tecnologia Strobel OrthoLite | OrthoLite","isPartOf":{"@id":"https:\/\/www.ortholite.com\/pt-pt\/#website"},"primaryImageOfPage":{"@id":"https:\/\/www.ortholite.com\/pt-pt\/estroboscopio\/#primaryimage"},"image":{"@id":"https:\/\/www.ortholite.com\/pt-pt\/estroboscopio\/#primaryimage"},"thumbnailUrl":"https:\/\/www.ortholite.com\/wp-content\/uploads\/2025\/02\/strobel-image-fr-site.resave.png","datePublished":"2025-02-14T20:23:33+00:00","dateModified":"2025-12-18T06:11:43+00:00","description":"Descobre as vantagens da tecnologia OrthoLite Strobel, concebida para melhorar a flexibilidade e o conforto do cal\u00e7ado.","breadcrumb":{"@id":"https:\/\/www.ortholite.com\/pt-pt\/estroboscopio\/#breadcrumb"},"inLanguage":"pt-PT","potentialAction":[{"@type":"ReadAction","target":["https:\/\/www.ortholite.com\/pt-pt\/estroboscopio\/"]}]},{"@type":"ImageObject","inLanguage":"pt-PT","@id":"https:\/\/www.ortholite.com\/pt-pt\/estroboscopio\/#primaryimage","url":"https:\/\/www.ortholite.com\/wp-content\/uploads\/2025\/02\/strobel-image-fr-site.resave.png","contentUrl":"https:\/\/www.ortholite.com\/wp-content\/uploads\/2025\/02\/strobel-image-fr-site.resave.png","width":662,"height":598},{"@type":"BreadcrumbList","@id":"https:\/\/www.ortholite.com\/pt-pt\/estroboscopio\/#breadcrumb","itemListElement":[{"@type":"ListItem","position":1,"name":"Home","item":"https:\/\/www.ortholite.com\/pt-pt\/primeira-pagina\/"},{"@type":"ListItem","position":2,"name":"estrobosc\u00f3pio"}]},{"@type":"WebSite","@id":"https:\/\/www.ortholite.com\/pt-pt\/#website","url":"https:\/\/www.ortholite.com\/pt-pt\/","name":"Ortholite","description":"High Performance Comfort Insoles, Open-Cell Foam Tech","publisher":{"@id":"https:\/\/www.ortholite.com\/pt-pt\/#organization"},"potentialAction":[{"@type":"SearchAction","target":{"@type":"EntryPoint","urlTemplate":"https:\/\/www.ortholite.com\/pt-pt\/?s={search_term_string}"},"query-input":{"@type":"PropertyValueSpecification","valueRequired":true,"valueName":"search_term_string"}}],"inLanguage":"pt-PT"},{"@type":"Organization","@id":"https:\/\/www.ortholite.com\/pt-pt\/#organization","name":"Ortholite","url":"https:\/\/www.ortholite.com\/pt-pt\/","logo":{"@type":"ImageObject","inLanguage":"pt-PT","@id":"https:\/\/www.ortholite.com\/pt-pt\/#\/schema\/logo\/image\/","url":"https:\/\/www.ortholite.com\/wp-content\/uploads\/2024\/12\/horizontal-logo.svg","contentUrl":"https:\/\/www.ortholite.com\/wp-content\/uploads\/2024\/12\/horizontal-logo.svg","width":201,"height":52,"caption":"Ortholite"},"image":{"@id":"https:\/\/www.ortholite.com\/pt-pt\/#\/schema\/logo\/image\/"}}]}},"_links":{"self":[{"href":"https:\/\/www.ortholite.com\/pt-pt\/wp-json\/wp\/v2\/pages\/21327","targetHints":{"allow":["GET"]}}],"collection":[{"href":"https:\/\/www.ortholite.com\/pt-pt\/wp-json\/wp\/v2\/pages"}],"about":[{"href":"https:\/\/www.ortholite.com\/pt-pt\/wp-json\/wp\/v2\/types\/page"}],"author":[{"embeddable":true,"href":"https:\/\/www.ortholite.com\/pt-pt\/wp-json\/wp\/v2\/users\/2"}],"replies":[{"embeddable":true,"href":"https:\/\/www.ortholite.com\/pt-pt\/wp-json\/wp\/v2\/comments?post=21327"}],"version-history":[{"count":3,"href":"https:\/\/www.ortholite.com\/pt-pt\/wp-json\/wp\/v2\/pages\/21327\/revisions"}],"predecessor-version":[{"id":23379,"href":"https:\/\/www.ortholite.com\/pt-pt\/wp-json\/wp\/v2\/pages\/21327\/revisions\/23379"}],"wp:featuredmedia":[{"embeddable":true,"href":"https:\/\/www.ortholite.com\/pt-pt\/wp-json\/wp\/v2\/media\/17155"}],"wp:attachment":[{"href":"https:\/\/www.ortholite.com\/pt-pt\/wp-json\/wp\/v2\/media?parent=21327"}],"curies":[{"name":"wp","href":"https:\/\/api.w.org\/{rel}","templated":true}]}}