{"id":21317,"date":"2025-01-23T18:50:25","date_gmt":"2025-01-23T18:50:25","guid":{"rendered":"https:\/\/www.ortholite.com\/loja\/"},"modified":"2025-04-10T12:27:25","modified_gmt":"2025-04-10T12:27:25","slug":"loja","status":"publish","type":"page","link":"https:\/\/www.ortholite.com\/pt-pt\/loja\/","title":{"rendered":"loja"},"content":{"rendered":"\n<div class=\"wp-block-group alignfull has-background is-layout-flow wp-block-group-is-layout-flow\" style=\"background:linear-gradient(135deg,rgb(0,169,224) 0%,rgb(0,169,224) 100%)\">\n<div class=\"wp-block-columns are-vertically-aligned-center is-style-default is-layout-flex wp-container-core-columns-is-layout-3e7d31c7 wp-block-columns-is-layout-flex\" style=\"margin-bottom:var(--wp--preset--spacing--md)\">\n<div class=\"wp-block-column is-vertically-aligned-center is-layout-flow wp-block-column-is-layout-flow\">\n<div class=\"wp-block-group is-layout-constrained wp-container-core-group-is-layout-f498ebe4 wp-block-group-is-layout-constrained\" style=\"padding-top:var(--wp--preset--spacing--lg);padding-right:var(--wp--preset--spacing--size-fluid-20-80);padding-bottom:var(--wp--preset--spacing--lg);padding-left:var(--wp--preset--spacing--size-fluid-20-80)\">\n<h2 class=\"wp-block-heading\">Concebida para conforto e desempenho<\/h2>\n\n\n\n<p class=\"is-style-default\">Com a confian\u00e7a de mais de 500 marcas, agora dispon\u00edvel diretamente para TI.<\/p>\n\n\n\n<div class=\"wp-block-buttons is-layout-flex wp-block-buttons-is-layout-flex\">\n<div class=\"wp-block-button is-style-fill\"><a class=\"wp-block-button__link wp-element-button\" href=\"https:\/\/www.amazon.com\/stores\/Ortholite\/page\/6B80A325-51C0-4E5C-9C40-971DA3373BC1?ref_=ast_bln\" target=\"_blank\" rel=\" noreferrer noopener nofollow\">compra tudo<\/a><\/div>\n<\/div>\n<\/div>\n<\/div>\n\n\n\n<div class=\"wp-block-column is-vertically-aligned-center has-background-4-gradient-background has-background is-layout-flow wp-block-column-is-layout-flow\">\n<div class=\"wp-block-ortholite-theme-animated-50\">\n\t<div class=\"animated-50-wrapper vertical-center\">\n\t\t<img decoding=\"async\" src=\"https:\/\/www.ortholite.com\/wp-content\/uploads\/2024\/12\/Insole1-HybridPlusRecycled-1.png\" alt=\"Insole1-HybridPlusRecycled 1\" class=\"center-img vertical-center\">\n\t\t\t\t\t<img decoding=\"async\" src=\"https:\/\/www.ortholite.com\/wp-content\/uploads\/2025\/01\/ortholite-transparent-orb.png\" alt=\"ortholite-transparent-orb\" class=\"bg-img\">\n\t\t\t\t\t\t\t<img decoding=\"async\" src=\"https:\/\/www.ortholite.com\/wp-content\/uploads\/2024\/12\/Insole-OrbTrail-1.svg\" alt=\"Insole-OrbTrail 1\" class=\"bottom-img\">\n\t\t\t<\/div>\n<\/div>\n<\/div>\n<\/div>\n<\/div>\n\n<div class=\"wp-block-group is-layout-constrained wp-block-group-is-layout-constrained\" style=\"padding-top:var(--wp--preset--spacing--sm);padding-bottom:var(--wp--preset--spacing--xxs)\">\n<div class=\"wp-block-group is-layout-constrained wp-container-core-group-is-layout-52fd8420 wp-block-group-is-layout-constrained\">\n<h2 class=\"wp-block-heading has-text-align-center has-h-3-font-size\">A nossa miss\u00e3o \u00e9 simples: tornar o teu cal\u00e7ado mais confort\u00e1vel.<\/h2>\n\n\n\n<p class=\"has-text-align-center\">H\u00e1 mais de 25 anos que a OrthoLite tem vindo a inovar a tecnologia de palmilhas para proporcionar mais amortecimento, mais respirabilidade, mais desempenho e um conforto global sem paralelo. Agora trazemos a nossa tecnologia de palmilhas diretamente para ti. <\/p>\n<\/div>\n<\/div>\n\n<div class=\"wp-block-group has-background-1-gradient-background has-background is-layout-constrained wp-container-core-group-is-layout-c6c43da5 wp-block-group-is-layout-constrained\" style=\"padding-top:var(--wp--preset--spacing--lg);padding-right:var(--wp--preset--spacing--size-fluid-40-80);padding-bottom:var(--wp--preset--spacing--lg);padding-left:var(--wp--preset--spacing--size-fluid-40-80)\">\n<div class=\"wp-block-columns has-background-6-gradient-background has-background is-layout-flex wp-container-core-columns-is-layout-357dd401 wp-block-columns-is-layout-flex\" style=\"border-radius:8px;padding-top:var(--wp--preset--spacing--xs);padding-right:0;padding-bottom:var(--wp--preset--spacing--xs);padding-left:0\">\n<div class=\"wp-block-column is-vertically-aligned-center is-layout-flow wp-block-column-is-layout-flow\" style=\"flex-basis:40%\">\n<div class=\"wp-block-group is-content-justification-center is-layout-constrained wp-container-core-group-is-layout-d9595d4c wp-block-group-is-layout-constrained\" style=\"padding-left:0\">\n<div class=\"wp-block-group is-layout-constrained wp-container-core-group-is-layout-055e6cac wp-block-group-is-layout-constrained\" style=\"min-height:150px;margin-top:0;margin-bottom:0;padding-right:0;padding-left:0\">\n<p class=\"has-text-align-center has-primary-color has-text-color has-link-color has-h-4-font-size wp-elements-576228baf7c5643b8a8e64053994958f\"><strong>Conforto<\/strong><\/p>\n\n\n\n<p class=\"has-text-align-center has-primary-color has-text-color has-link-color wp-elements-cdfbe0efe96670afea0a27a0681ea672\">Amortecimento elevado para o m\u00e1ximo em luxo ao pisar.<\/p>\n<\/div>\n\n\n\n<div class=\"wp-block-buttons is-content-justification-center is-layout-flex wp-container-core-buttons-is-layout-a89b3969 wp-block-buttons-is-layout-flex\">\n<div class=\"wp-block-button is-style-fill\"><a class=\"wp-block-button__link wp-element-button\" href=\"https:\/\/www.amazon.com\/dp\/B0CCK23LKJ?ref=myi_title_dp\" target=\"_blank\" rel=\"noreferrer noopener\">compra fusion<\/a><\/div>\n<\/div>\n<\/div>\n<\/div>\n\n\n\n<div class=\"wp-block-column is-vertically-aligned-center is-layout-flow wp-block-column-is-layout-flow\">\n<figure class=\"wp-block-image size-full\"><img loading=\"lazy\" decoding=\"async\" width=\"735\" height=\"355\" src=\"https:\/\/www.ortholite.com\/wp-content\/uploads\/2025\/02\/fusion-insole.png\" alt=\"\" class=\"wp-image-16730\" style=\"object-fit:cover\" srcset=\"https:\/\/www.ortholite.com\/wp-content\/uploads\/2025\/02\/fusion-insole.png 735w, https:\/\/www.ortholite.com\/wp-content\/uploads\/2025\/02\/fusion-insole-300x145.png 300w\" sizes=\"auto, (max-width: 735px) 100vw, 735px\" \/><\/figure>\n<\/div>\n<\/div>\n\n\n\n<div class=\"wp-block-columns is-layout-flex wp-container-core-columns-is-layout-28f84493 wp-block-columns-is-layout-flex\">\n<div class=\"wp-block-column has-background is-layout-flow wp-block-column-is-layout-flow\" style=\"border-radius:8px;background:linear-gradient(81deg,rgba(7,171,217,0.85) 8%,rgba(105,194,76,0.85) 59%,rgba(96,181,123,0.85) 80%,rgb(30,34,170) 124%)\">\n<div class=\"wp-block-group is-layout-constrained wp-container-core-group-is-layout-84ef83b2 wp-block-group-is-layout-constrained\" style=\"border-radius:8px;min-height:400px;padding-top:var(--wp--preset--spacing--xs);padding-right:var(--wp--preset--spacing--xs);padding-bottom:var(--wp--preset--spacing--xs);padding-left:var(--wp--preset--spacing--xs)\">\n<div class=\"wp-block-group is-layout-constrained wp-container-core-group-is-layout-6d761cbc wp-block-group-is-layout-constrained\" style=\"padding-top:var(--wp--preset--spacing--xs);padding-right:var(--wp--preset--spacing--xs);padding-bottom:var(--wp--preset--spacing--xs);padding-left:var(--wp--preset--spacing--xs)\">\n<div class=\"wp-block-group is-layout-constrained wp-container-core-group-is-layout-ef7f83af wp-block-group-is-layout-constrained\">\n<p class=\"has-text-align-center has-h-4-font-size\" style=\"text-transform:none\"><strong>Desempenho<\/strong><\/p>\n\n\n\n<p class=\"has-text-align-center\">Amortecimento e recupera\u00e7\u00e3o de longa dura\u00e7\u00e3o, corrida ap\u00f3s corrida ap\u00f3s corrida.<\/p>\n<\/div>\n\n\n\n<div class=\"wp-block-buttons is-content-justification-center is-layout-flex wp-container-core-buttons-is-layout-a89b3969 wp-block-buttons-is-layout-flex\">\n<div class=\"wp-block-button is-style-fill\"><a class=\"wp-block-button__link wp-element-button\" href=\"https:\/\/www.amazon.com\/dp\/B0CCK3FCGD?ref=myi_title_dp\" target=\"_blank\" rel=\"noreferrer noopener\">loja x40<\/a><\/div>\n<\/div>\n<\/div>\n\n\n\n<figure class=\"wp-block-image size-full\"><img loading=\"lazy\" decoding=\"async\" width=\"558\" height=\"188\" src=\"https:\/\/www.ortholite.com\/wp-content\/uploads\/2025\/02\/x40-insole.png\" alt=\"\" class=\"wp-image-16724\" srcset=\"https:\/\/www.ortholite.com\/wp-content\/uploads\/2025\/02\/x40-insole.png 558w, https:\/\/www.ortholite.com\/wp-content\/uploads\/2025\/02\/x40-insole-300x101.png 300w\" sizes=\"auto, (max-width: 558px) 100vw, 558px\" \/><\/figure>\n<\/div>\n<\/div>\n\n\n\n<div class=\"wp-block-column has-background is-layout-flow wp-block-column-is-layout-flow\" style=\"border-radius:8px;background:linear-gradient(70deg,rgba(0,46,115,0.85) 3%,rgba(0,168,224,0.85) 45%,rgba(0,168,224,0.85) 62%,rgba(255,208,0,0.85) 93%)\">\n<div class=\"wp-block-group is-layout-constrained wp-container-core-group-is-layout-f1710873 wp-block-group-is-layout-constrained\" style=\"min-height:400px;padding-top:var(--wp--preset--spacing--xs);padding-right:var(--wp--preset--spacing--xs);padding-bottom:var(--wp--preset--spacing--xs);padding-left:var(--wp--preset--spacing--xs)\">\n<div class=\"wp-block-group is-layout-constrained wp-container-core-group-is-layout-39dd8ab1 wp-block-group-is-layout-constrained\" style=\"border-radius:8px;padding-top:var(--wp--preset--spacing--xxs);padding-right:var(--wp--preset--spacing--xxs);padding-bottom:var(--wp--preset--spacing--xxs);padding-left:var(--wp--preset--spacing--xxs)\">\n<div class=\"wp-block-group is-layout-constrained wp-container-core-group-is-layout-f58b1c72 wp-block-group-is-layout-constrained\" style=\"padding-top:var(--wp--preset--spacing--xs);padding-right:var(--wp--preset--spacing--xs);padding-bottom:var(--wp--preset--spacing--xs);padding-left:var(--wp--preset--spacing--xs)\">\n<div class=\"wp-block-group is-layout-constrained wp-container-core-group-is-layout-ef7f83af wp-block-group-is-layout-constrained\">\n<p class=\"has-text-align-center has-h-4-font-size\"><strong>Barreira t\u00e9rmica<\/strong><\/p>\n\n\n\n<p class=\"has-text-align-center\">Bloqueia o frio ou o calor, na neve ou na relva, sem sacrificar o conforto.<\/p>\n<\/div>\n\n\n\n<div class=\"wp-block-buttons is-content-justification-center is-layout-flex wp-container-core-buttons-is-layout-a89b3969 wp-block-buttons-is-layout-flex\">\n<div class=\"wp-block-button is-style-fill\"><a class=\"wp-block-button__link wp-element-button\" href=\"https:\/\/www.amazon.com\/dp\/B0CCK1TTPH?ref=myi_title_dp\" target=\"_blank\" rel=\"noreferrer noopener\">compra o-therm<\/a><\/div>\n<\/div>\n<\/div>\n\n\n\n<figure class=\"wp-block-image aligncenter size-full\"><img loading=\"lazy\" decoding=\"async\" width=\"565\" height=\"196\" src=\"https:\/\/www.ortholite.com\/wp-content\/uploads\/2025\/02\/otherm-insole.png\" alt=\"\" class=\"wp-image-16718\" srcset=\"https:\/\/www.ortholite.com\/wp-content\/uploads\/2025\/02\/otherm-insole.png 565w, https:\/\/www.ortholite.com\/wp-content\/uploads\/2025\/02\/otherm-insole-300x104.png 300w\" sizes=\"auto, (max-width: 565px) 100vw, 565px\" \/><\/figure>\n<\/div>\n<\/div>\n<\/div>\n<\/div>\n<\/div>\n\n<div class=\"wp-block-cover is-light\"><span aria-hidden=\"true\" class=\"wp-block-cover__background has-tertiary-background-color has-background-dim-100 has-background-dim\"><\/span><img loading=\"lazy\" decoding=\"async\" width=\"1600\" height=\"560\" class=\"wp-block-cover__image-background wp-image-1506\" alt=\"\" src=\"https:\/\/www.ortholite.com\/wp-content\/uploads\/2025\/01\/pexels-nappy-936094-1.jpg\" data-object-fit=\"cover\" srcset=\"https:\/\/www.ortholite.com\/wp-content\/uploads\/2025\/01\/pexels-nappy-936094-1.jpg 1600w, https:\/\/www.ortholite.com\/wp-content\/uploads\/2025\/01\/pexels-nappy-936094-1-300x105.jpg 300w, https:\/\/www.ortholite.com\/wp-content\/uploads\/2025\/01\/pexels-nappy-936094-1-1024x358.jpg 1024w, https:\/\/www.ortholite.com\/wp-content\/uploads\/2025\/01\/pexels-nappy-936094-1-768x269.jpg 768w, https:\/\/www.ortholite.com\/wp-content\/uploads\/2025\/01\/pexels-nappy-936094-1-1536x538.jpg 1536w\" sizes=\"auto, (max-width: 1600px) 100vw, 1600px\" \/><div class=\"wp-block-cover__inner-container is-layout-constrained wp-block-cover-is-layout-constrained\">\n<div class=\"alignfull is-style-default wp-block-ortholite-theme-cta-block\">\n\t<div class=\"img-left\"><\/div>\n\t<div\n\t\tclass=\"block-wrapper\"\n\t\tdata-width='800px'\n\t\tdata-gap='var:preset|spacing|sm'\n\t>\n\t\t\n\n<div class=\"wp-block-group is-content-justification-center is-layout-constrained wp-container-core-group-is-layout-60d83557 wp-block-group-is-layout-constrained\" style=\"padding-top:var(--wp--preset--spacing--xl);padding-right:var(--wp--preset--spacing--size-fluid-20-100);padding-bottom:var(--wp--preset--spacing--xl);padding-left:var(--wp--preset--spacing--size-fluid-20-100)\">\n<h2 class=\"wp-block-heading has-text-align-center is-style-default has-secondary-color has-text-color has-link-color wp-elements-f947c6f61346584d89af80a618a2fc15\">N\u00e3o tens a certeza do que procuras?<\/h2>\n\n\n\n<div class=\"wp-block-buttons is-content-justification-center is-layout-flex wp-container-core-buttons-is-layout-a89b3969 wp-block-buttons-is-layout-flex\">\n<div class=\"wp-block-button is-style-outline is-style-outline--1\"><a class=\"wp-block-button__link has-secondary-color has-text-color has-link-color wp-element-button\" href=\"https:\/\/www.amazon.com\/stores\/Ortholite\/page\/6B80A325-51C0-4E5C-9C40-971DA3373BC1?ref_=ast_bln\" target=\"_blank\" rel=\"noreferrer noopener\">compra tudo<\/a><\/div>\n<\/div>\n<\/div>\n\n\t<\/div>\n\t<div class=\"img-right\"><\/div>\n<\/div>\n<\/div><\/div>\n","protected":false},"excerpt":{"rendered":"<p>Concebida para conforto e desempenho Com a confian\u00e7a de mais de 500 marcas, agora dispon\u00edvel diretamente para TI. A nossa miss\u00e3o \u00e9 simples: tornar o teu cal\u00e7ado mais confort\u00e1vel. H\u00e1 mais de 25 anos que a OrthoLite tem vindo a inovar a tecnologia de palmilhas para proporcionar mais amortecimento, mais respirabilidade, mais desempenho e um [&hellip;]<\/p>\n","protected":false},"author":1,"featured_media":22300,"parent":0,"menu_order":0,"comment_status":"closed","ping_status":"closed","template":"","meta":{"_acf_changed":false,"footnotes":""},"class_list":["post-21317","page","type-page","status-publish","has-post-thumbnail","hentry"],"acf":[],"yoast_head":"<!-- This site is optimized with the Yoast SEO plugin v27.3 - https:\/\/yoast.com\/product\/yoast-seo-wordpress\/ -->\n<title>loja - Ortholite<\/title>\n<meta name=\"robots\" content=\"index, follow, max-snippet:-1, max-image-preview:large, max-video-preview:-1\" \/>\n<link rel=\"canonical\" href=\"https:\/\/www.ortholite.com\/pt-pt\/loja\/\" \/>\n<meta property=\"og:locale\" content=\"pt_PT\" \/>\n<meta property=\"og:type\" content=\"article\" \/>\n<meta property=\"og:title\" content=\"loja - Ortholite\" \/>\n<meta property=\"og:description\" content=\"Concebida para conforto e desempenho Com a confian\u00e7a de mais de 500 marcas, agora dispon\u00edvel diretamente para TI. A nossa miss\u00e3o \u00e9 simples: tornar o teu cal\u00e7ado mais confort\u00e1vel. H\u00e1 mais de 25 anos que a OrthoLite tem vindo a inovar a tecnologia de palmilhas para proporcionar mais amortecimento, mais respirabilidade, mais desempenho e um [&hellip;]\" \/>\n<meta property=\"og:url\" content=\"https:\/\/www.ortholite.com\/pt-pt\/loja\/\" \/>\n<meta property=\"og:site_name\" content=\"Ortholite\" \/>\n<meta property=\"article:modified_time\" content=\"2025-04-10T12:27:25+00:00\" \/>\n<meta property=\"og:image\" content=\"https:\/\/www.ortholite.com\/wp-content\/uploads\/2025\/02\/fusion-insole.png\" \/>\n<meta name=\"twitter:card\" content=\"summary_large_image\" \/>\n<meta name=\"twitter:label1\" content=\"Tempo estimado de leitura\" \/>\n\t<meta name=\"twitter:data1\" content=\"1 minuto\" \/>\n<script type=\"application\/ld+json\" class=\"yoast-schema-graph\">{\"@context\":\"https:\\\/\\\/schema.org\",\"@graph\":[{\"@type\":\"WebPage\",\"@id\":\"https:\\\/\\\/www.ortholite.com\\\/pt-pt\\\/loja\\\/\",\"url\":\"https:\\\/\\\/www.ortholite.com\\\/pt-pt\\\/loja\\\/\",\"name\":\"loja - Ortholite\",\"isPartOf\":{\"@id\":\"https:\\\/\\\/www.ortholite.com\\\/pt-pt\\\/#website\"},\"primaryImageOfPage\":{\"@id\":\"https:\\\/\\\/www.ortholite.com\\\/pt-pt\\\/loja\\\/#primaryimage\"},\"image\":{\"@id\":\"https:\\\/\\\/www.ortholite.com\\\/pt-pt\\\/loja\\\/#primaryimage\"},\"thumbnailUrl\":\"https:\\\/\\\/www.ortholite.com\\\/wp-content\\\/uploads\\\/2025\\\/05\\\/x40-insole.png\",\"datePublished\":\"2025-01-23T18:50:25+00:00\",\"dateModified\":\"2025-04-10T12:27:25+00:00\",\"breadcrumb\":{\"@id\":\"https:\\\/\\\/www.ortholite.com\\\/pt-pt\\\/loja\\\/#breadcrumb\"},\"inLanguage\":\"pt-PT\",\"potentialAction\":[{\"@type\":\"ReadAction\",\"target\":[\"https:\\\/\\\/www.ortholite.com\\\/pt-pt\\\/loja\\\/\"]}]},{\"@type\":\"ImageObject\",\"inLanguage\":\"pt-PT\",\"@id\":\"https:\\\/\\\/www.ortholite.com\\\/pt-pt\\\/loja\\\/#primaryimage\",\"url\":\"https:\\\/\\\/www.ortholite.com\\\/wp-content\\\/uploads\\\/2025\\\/05\\\/x40-insole.png\",\"contentUrl\":\"https:\\\/\\\/www.ortholite.com\\\/wp-content\\\/uploads\\\/2025\\\/05\\\/x40-insole.png\",\"width\":1568,\"height\":1234},{\"@type\":\"BreadcrumbList\",\"@id\":\"https:\\\/\\\/www.ortholite.com\\\/pt-pt\\\/loja\\\/#breadcrumb\",\"itemListElement\":[{\"@type\":\"ListItem\",\"position\":1,\"name\":\"Home\",\"item\":\"https:\\\/\\\/www.ortholite.com\\\/pt-pt\\\/primeira-pagina\\\/\"},{\"@type\":\"ListItem\",\"position\":2,\"name\":\"loja\"}]},{\"@type\":\"WebSite\",\"@id\":\"https:\\\/\\\/www.ortholite.com\\\/pt-pt\\\/#website\",\"url\":\"https:\\\/\\\/www.ortholite.com\\\/pt-pt\\\/\",\"name\":\"Ortholite\",\"description\":\"High Performance Comfort Insoles, Open-Cell Foam Tech\",\"publisher\":{\"@id\":\"https:\\\/\\\/www.ortholite.com\\\/pt-pt\\\/#organization\"},\"potentialAction\":[{\"@type\":\"SearchAction\",\"target\":{\"@type\":\"EntryPoint\",\"urlTemplate\":\"https:\\\/\\\/www.ortholite.com\\\/pt-pt\\\/?s={search_term_string}\"},\"query-input\":{\"@type\":\"PropertyValueSpecification\",\"valueRequired\":true,\"valueName\":\"search_term_string\"}}],\"inLanguage\":\"pt-PT\"},{\"@type\":\"Organization\",\"@id\":\"https:\\\/\\\/www.ortholite.com\\\/pt-pt\\\/#organization\",\"name\":\"Ortholite\",\"url\":\"https:\\\/\\\/www.ortholite.com\\\/pt-pt\\\/\",\"logo\":{\"@type\":\"ImageObject\",\"inLanguage\":\"pt-PT\",\"@id\":\"https:\\\/\\\/www.ortholite.com\\\/pt-pt\\\/#\\\/schema\\\/logo\\\/image\\\/\",\"url\":\"https:\\\/\\\/www.ortholite.com\\\/wp-content\\\/uploads\\\/2024\\\/12\\\/horizontal-logo.svg\",\"contentUrl\":\"https:\\\/\\\/www.ortholite.com\\\/wp-content\\\/uploads\\\/2024\\\/12\\\/horizontal-logo.svg\",\"width\":201,\"height\":52,\"caption\":\"Ortholite\"},\"image\":{\"@id\":\"https:\\\/\\\/www.ortholite.com\\\/pt-pt\\\/#\\\/schema\\\/logo\\\/image\\\/\"}}]}<\/script>\n<!-- \/ Yoast SEO plugin. -->","yoast_head_json":{"title":"loja - Ortholite","robots":{"index":"index","follow":"follow","max-snippet":"max-snippet:-1","max-image-preview":"max-image-preview:large","max-video-preview":"max-video-preview:-1"},"canonical":"https:\/\/www.ortholite.com\/pt-pt\/loja\/","og_locale":"pt_PT","og_type":"article","og_title":"loja - Ortholite","og_description":"Concebida para conforto e desempenho Com a confian\u00e7a de mais de 500 marcas, agora dispon\u00edvel diretamente para TI. A nossa miss\u00e3o \u00e9 simples: tornar o teu cal\u00e7ado mais confort\u00e1vel. H\u00e1 mais de 25 anos que a OrthoLite tem vindo a inovar a tecnologia de palmilhas para proporcionar mais amortecimento, mais respirabilidade, mais desempenho e um [&hellip;]","og_url":"https:\/\/www.ortholite.com\/pt-pt\/loja\/","og_site_name":"Ortholite","article_modified_time":"2025-04-10T12:27:25+00:00","og_image":[{"url":"https:\/\/www.ortholite.com\/wp-content\/uploads\/2025\/02\/fusion-insole.png","type":"","width":"","height":""}],"twitter_card":"summary_large_image","twitter_misc":{"Tempo estimado de leitura":"1 minuto"},"schema":{"@context":"https:\/\/schema.org","@graph":[{"@type":"WebPage","@id":"https:\/\/www.ortholite.com\/pt-pt\/loja\/","url":"https:\/\/www.ortholite.com\/pt-pt\/loja\/","name":"loja - Ortholite","isPartOf":{"@id":"https:\/\/www.ortholite.com\/pt-pt\/#website"},"primaryImageOfPage":{"@id":"https:\/\/www.ortholite.com\/pt-pt\/loja\/#primaryimage"},"image":{"@id":"https:\/\/www.ortholite.com\/pt-pt\/loja\/#primaryimage"},"thumbnailUrl":"https:\/\/www.ortholite.com\/wp-content\/uploads\/2025\/05\/x40-insole.png","datePublished":"2025-01-23T18:50:25+00:00","dateModified":"2025-04-10T12:27:25+00:00","breadcrumb":{"@id":"https:\/\/www.ortholite.com\/pt-pt\/loja\/#breadcrumb"},"inLanguage":"pt-PT","potentialAction":[{"@type":"ReadAction","target":["https:\/\/www.ortholite.com\/pt-pt\/loja\/"]}]},{"@type":"ImageObject","inLanguage":"pt-PT","@id":"https:\/\/www.ortholite.com\/pt-pt\/loja\/#primaryimage","url":"https:\/\/www.ortholite.com\/wp-content\/uploads\/2025\/05\/x40-insole.png","contentUrl":"https:\/\/www.ortholite.com\/wp-content\/uploads\/2025\/05\/x40-insole.png","width":1568,"height":1234},{"@type":"BreadcrumbList","@id":"https:\/\/www.ortholite.com\/pt-pt\/loja\/#breadcrumb","itemListElement":[{"@type":"ListItem","position":1,"name":"Home","item":"https:\/\/www.ortholite.com\/pt-pt\/primeira-pagina\/"},{"@type":"ListItem","position":2,"name":"loja"}]},{"@type":"WebSite","@id":"https:\/\/www.ortholite.com\/pt-pt\/#website","url":"https:\/\/www.ortholite.com\/pt-pt\/","name":"Ortholite","description":"High Performance Comfort Insoles, Open-Cell Foam Tech","publisher":{"@id":"https:\/\/www.ortholite.com\/pt-pt\/#organization"},"potentialAction":[{"@type":"SearchAction","target":{"@type":"EntryPoint","urlTemplate":"https:\/\/www.ortholite.com\/pt-pt\/?s={search_term_string}"},"query-input":{"@type":"PropertyValueSpecification","valueRequired":true,"valueName":"search_term_string"}}],"inLanguage":"pt-PT"},{"@type":"Organization","@id":"https:\/\/www.ortholite.com\/pt-pt\/#organization","name":"Ortholite","url":"https:\/\/www.ortholite.com\/pt-pt\/","logo":{"@type":"ImageObject","inLanguage":"pt-PT","@id":"https:\/\/www.ortholite.com\/pt-pt\/#\/schema\/logo\/image\/","url":"https:\/\/www.ortholite.com\/wp-content\/uploads\/2024\/12\/horizontal-logo.svg","contentUrl":"https:\/\/www.ortholite.com\/wp-content\/uploads\/2024\/12\/horizontal-logo.svg","width":201,"height":52,"caption":"Ortholite"},"image":{"@id":"https:\/\/www.ortholite.com\/pt-pt\/#\/schema\/logo\/image\/"}}]}},"_links":{"self":[{"href":"https:\/\/www.ortholite.com\/pt-pt\/wp-json\/wp\/v2\/pages\/21317","targetHints":{"allow":["GET"]}}],"collection":[{"href":"https:\/\/www.ortholite.com\/pt-pt\/wp-json\/wp\/v2\/pages"}],"about":[{"href":"https:\/\/www.ortholite.com\/pt-pt\/wp-json\/wp\/v2\/types\/page"}],"author":[{"embeddable":true,"href":"https:\/\/www.ortholite.com\/pt-pt\/wp-json\/wp\/v2\/users\/1"}],"replies":[{"embeddable":true,"href":"https:\/\/www.ortholite.com\/pt-pt\/wp-json\/wp\/v2\/comments?post=21317"}],"version-history":[{"count":1,"href":"https:\/\/www.ortholite.com\/pt-pt\/wp-json\/wp\/v2\/pages\/21317\/revisions"}],"predecessor-version":[{"id":21318,"href":"https:\/\/www.ortholite.com\/pt-pt\/wp-json\/wp\/v2\/pages\/21317\/revisions\/21318"}],"wp:featuredmedia":[{"embeddable":true,"href":"https:\/\/www.ortholite.com\/pt-pt\/wp-json\/wp\/v2\/media\/22300"}],"wp:attachment":[{"href":"https:\/\/www.ortholite.com\/pt-pt\/wp-json\/wp\/v2\/media?parent=21317"}],"curies":[{"name":"wp","href":"https:\/\/api.w.org\/{rel}","templated":true}]}}