{"id":21132,"date":"2025-03-07T16:40:59","date_gmt":"2025-03-07T16:40:59","guid":{"rendered":"https:\/\/www.ortholite.com\/esqui-3d\/"},"modified":"2025-12-18T05:58:25","modified_gmt":"2025-12-18T05:58:25","slug":"esqui-3d","status":"publish","type":"page","link":"https:\/\/www.ortholite.com\/pt-pt\/esqui-3d\/","title":{"rendered":"Esqui 3D"},"content":{"rendered":"\n<div class=\"wp-block-group alignfull has-primary-background-color has-background is-layout-constrained wp-container-core-group-is-layout-dc719497 wp-block-group-is-layout-constrained\" style=\"padding-top:var(--wp--preset--spacing--md);padding-right:var(--wp--preset--spacing--xxs);padding-bottom:var(--wp--preset--spacing--md);padding-left:var(--wp--preset--spacing--xxs);background-image:url(&apos;https:\/\/www.ortholite.com\/wp-content\/uploads\/2025\/02\/dark-blue-background.png&apos;);background-size:cover;\">\n<div class=\"wp-block-group is-content-justification-left is-layout-flex wp-container-core-group-is-layout-20bfc4c6 wp-block-group-is-layout-flex\" style=\"padding-right:0;padding-left:0\">\n<figure class=\"wp-block-image size-full is-resized\"><img loading=\"lazy\" decoding=\"async\" width=\"73\" height=\"33\" src=\"https:\/\/www.ortholite.com\/wp-content\/uploads\/2025\/03\/Ortholite-3DSkive-white.svg\" alt=\"\" class=\"wp-image-18998\" style=\"width:auto;height:120px\"\/><\/figure>\n<\/div>\n<\/div>\n\n\n\n<div class=\"wp-block-group has-background is-layout-constrained wp-container-core-group-is-layout-aa362e2d wp-block-group-is-layout-constrained\" style=\"background:linear-gradient(135deg,rgba(255,255,255,0) 69%,rgb(232,240,250) 100%);margin-top:-200px;padding-top:var(--wp--preset--spacing--md);padding-right:var(--wp--preset--spacing--xs);padding-bottom:var(--wp--preset--spacing--md);padding-left:var(--wp--preset--spacing--xs)\">\n<div class=\"wp-block-columns is-style-sticky-r-columns is-layout-flex wp-container-core-columns-is-layout-4b12e7ec wp-block-columns-is-layout-flex\">\n<div class=\"wp-block-column is-layout-flow wp-block-column-is-layout-flow\" style=\"padding-top:10rem\">\n<div class=\"wp-block-group is-layout-constrained wp-container-core-group-is-layout-3156e74c wp-block-group-is-layout-constrained\">\n<div class=\"wp-block-group is-layout-constrained wp-block-group-is-layout-constrained\">\n<div class=\"wp-block-group is-content-justification-left is-nowrap is-layout-flex wp-container-core-group-is-layout-a5411a34 wp-block-group-is-layout-flex\">\n<figure class=\"wp-block-image size-full is-resized\"><img loading=\"lazy\" decoding=\"async\" width=\"100\" height=\"100\" src=\"https:\/\/www.ortholite.com\/wp-content\/uploads\/2025\/02\/OLT_Eco-icon_65k.svg\" alt=\"\" class=\"wp-image-16679\" style=\"width:80px\"\/><\/figure>\n<\/div>\n\n\n\n<h1 class=\"wp-block-heading has-h-3-font-size\" style=\"font-style:normal;font-weight:500;letter-spacing:0px;text-transform:capitalize\"><br>3DSkive\u2122: Tecnologia vis\u00edvel com conforto instant\u00e2neo<\/h1>\n\n\n\n<p class=\"is-style-default has-default-paragraph-font-size\">O OrthoLite<sup>\u00ae<\/sup> 3D Skive\u2122 apresenta uma tecnologia exclusiva de conforto e desempenho para aumentar o amortecimento e a circula\u00e7\u00e3o de ar sob os p\u00e9s.<\/p>\n\n\n\n<div class=\"wp-block-buttons is-layout-flex wp-block-buttons-is-layout-flex\">\n<div class=\"wp-block-button\"><a class=\"wp-block-button__link wp-element-button\" href=\"https:\/\/www.ortholite.com\/wp-content\/uploads\/2025\/03\/3D-Skive-Tech-Sheet.pdf\" target=\"_blank\" rel=\"noreferrer noopener\">descarrega a ficha t\u00e9cnica<\/a><\/div>\n<\/div>\n<\/div>\n\n\n\n<div class=\"wp-block-group is-layout-constrained wp-block-group-is-layout-constrained\">\n<h2 class=\"wp-block-heading has-h-5-font-size\">Resumo do produto<\/h2>\n\n\n\n<div class=\"wp-block-group is-layout-constrained wp-container-core-group-is-layout-19e250f3 wp-block-group-is-layout-constrained\">\n<p class=\"is-style-default\">A aplica\u00e7\u00e3o OrthoLite<sup>\u00ae<\/sup> 3D Skive\u2122 \u00e9 uma tecnologia de corte 3D patenteada que utiliza um padr\u00e3o de geometria ondulado ou em forma de caixa de ovo, proporcionando um maior conforto ao cal\u00e7ar e uma melhor circula\u00e7\u00e3o de ar sob os p\u00e9s.<\/p>\n\n\n\n<p>O amortecimento texturado proporciona um conforto de massagem excecional e cria a sensa\u00e7\u00e3o de caminhar no ar. Os picos e vales de 3 mm mant\u00eam a sua forma ao longo do tempo, maximizando o amortecimento OrthoLite<sup>\u00ae<\/sup> e os atributos de conforto.<\/p>\n<\/div>\n<\/div>\n\n\n\n<div class=\"wp-block-group is-layout-constrained wp-block-group-is-layout-constrained\">\n<figure class=\"wp-block-image size-full is-resized\"><img loading=\"lazy\" decoding=\"async\" width=\"306\" height=\"52\" src=\"https:\/\/www.ortholite.com\/wp-content\/uploads\/2025\/03\/mesh1_primary.png\" alt=\"\" class=\"wp-image-19008\" style=\"width:160px\" srcset=\"https:\/\/www.ortholite.com\/wp-content\/uploads\/2025\/03\/mesh1_primary.png 306w, https:\/\/www.ortholite.com\/wp-content\/uploads\/2025\/03\/mesh1_primary-300x51.png 300w\" sizes=\"auto, (max-width: 306px) 100vw, 306px\" \/><\/figure>\n\n\n\n<p>Testes <sup>MESH1\u00ae<\/sup> conclu\u00eddos e aprovados.<\/p>\n<\/div>\n\n\n\n<div class=\"wp-block-group is-content-justification-center is-layout-constrained wp-container-core-group-is-layout-ffce93fd wp-block-group-is-layout-constrained\" style=\"border-style:none;border-width:0px\">\n<div class=\"wp-block-group has-background wp-container-content-e0b89f81 is-layout-constrained wp-container-core-group-is-layout-d385ac8e wp-block-group-is-layout-constrained\" style=\"border-top-color:var(--wp--preset--color--tertiary);border-top-width:1px;border-left-color:var(--wp--preset--color--tertiary);border-left-width:1px;background:linear-gradient(135deg,rgb(232,240,250) 5%,rgb(232,240,250) 100%);min-height:70px;padding-top:var(--wp--preset--spacing--xs);padding-right:var(--wp--preset--spacing--xs);padding-bottom:var(--wp--preset--spacing--xs);padding-left:var(--wp--preset--spacing--xs)\">\n<p class=\"has-text-align-left is-style-small-paragraph\"><strong>Formula\u00e7\u00e3o<br><\/strong><sup>O<\/sup> OrthoLite\u00ae 3D Skive\u2122 pode ser utilizado com a maioria das nossas formula\u00e7\u00f5es patenteadas (excluindo as espumas OrthoLite<sup>\u00ae<\/sup> Impressions\u2122, OrthoLite<sup>\u00ae<\/sup> Imperial\u2122 e OrthoLite<sup>\u00ae<\/sup> Lazy\u2122).<\/p>\n<\/div>\n\n\n\n<div class=\"wp-block-group has-secondary-background-color has-background wp-container-content-e0b89f81 is-content-justification-center is-nowrap is-layout-flex wp-container-core-group-is-layout-b6773fa8 wp-block-group-is-layout-flex\" style=\"border-top-color:var(--wp--preset--color--tertiary);border-top-width:1px;border-bottom-color:var(--wp--preset--color--tertiary);border-bottom-width:1px;border-left-color:var(--wp--preset--color--tertiary);border-left-width:1px;min-height:60px;padding-top:var(--wp--preset--spacing--xxs);padding-right:var(--wp--preset--spacing--xxs);padding-bottom:var(--wp--preset--spacing--xxs);padding-left:var(--wp--preset--spacing--xxs)\">\n<p class=\"has-text-align-left is-style-default has-tertiary-color has-text-color has-link-color wp-elements-63f8ae26c5b581843ac66dce2060829e\"><strong>5%<\/strong> de borracha reciclada  <\/p>\n\n\n\n<p class=\"has-text-align-right has-tertiary-color has-text-color has-link-color has-h-4-font-size wp-elements-ed0a748f9429fd31c471dacce1eb2834\" style=\"line-height:1.1\">  = <strong>5%<\/strong> Conte\u00fado ecol\u00f3gico total<\/p>\n<\/div>\n<\/div>\n<\/div>\n<\/div>\n\n\n\n<div class=\"wp-block-column is-layout-flow wp-block-column-is-layout-flow\" style=\"padding-top:var(--wp--preset--spacing--xs)\">\n<figure class=\"wp-block-image aligncenter size-full fade-up\" style=\"margin-top:var(--wp--preset--spacing--xs)\"><img loading=\"lazy\" decoding=\"async\" width=\"640\" height=\"754\" src=\"https:\/\/www.ortholite.com\/wp-content\/uploads\/2025\/03\/3D-Skive.png\" alt=\"\" class=\"wp-image-18986\" style=\"object-fit:cover\" srcset=\"https:\/\/www.ortholite.com\/wp-content\/uploads\/2025\/03\/3D-Skive.png 640w, https:\/\/www.ortholite.com\/wp-content\/uploads\/2025\/03\/3D-Skive-255x300.png 255w\" sizes=\"auto, (max-width: 640px) 100vw, 640px\" \/><\/figure>\n<\/div>\n<\/div>\n<\/div>\n\n\n\n<div class=\"wp-block-group has-background is-layout-flow wp-block-group-is-layout-flow\" style=\"background:linear-gradient(180deg,rgb(205,205,205) 0%,rgb(205,205,205) 100%);padding-top:var(--wp--preset--spacing--xs);padding-bottom:var(--wp--preset--spacing--xs)\">\n<div\n\tclass=\"gap-sm is-style-flex-row-scroll-up wp-block-ortholite-theme-flex-row\"\tdata-child-width=\"\"\n>\n\t\n\n<div class=\"wp-block-group is-nowrap is-layout-flex wp-container-core-group-is-layout-07e61161 wp-block-group-is-layout-flex\">\n<figure class=\"wp-block-image aligncenter size-full is-resized\"><img loading=\"lazy\" decoding=\"async\" width=\"600\" height=\"600\" src=\"https:\/\/www.ortholite.com\/wp-content\/uploads\/2025\/02\/Recycled-icon_circle.png\" alt=\"\" class=\"wp-image-17000\" style=\"width:60px\" srcset=\"https:\/\/www.ortholite.com\/wp-content\/uploads\/2025\/02\/Recycled-icon_circle.png 600w, https:\/\/www.ortholite.com\/wp-content\/uploads\/2025\/02\/Recycled-icon_circle-300x300.png 300w, https:\/\/www.ortholite.com\/wp-content\/uploads\/2025\/02\/Recycled-icon_circle-150x150.png 150w\" sizes=\"auto, (max-width: 600px) 100vw, 600px\" \/><\/figure>\n\n\n\n<p class=\"has-text-align-left is-style-small-paragraph\">Reciclado<br>Conte\u00fado<\/p>\n<\/div>\n\n\n\n<div class=\"wp-block-group is-nowrap is-layout-flex wp-container-core-group-is-layout-07e61161 wp-block-group-is-layout-flex\">\n<figure class=\"wp-block-image aligncenter size-full is-resized\"><img loading=\"lazy\" decoding=\"async\" width=\"601\" height=\"601\" src=\"https:\/\/www.ortholite.com\/wp-content\/uploads\/2025\/02\/cushioning.circle.png\" alt=\"\" class=\"wp-image-17056\" style=\"width:60px\" srcset=\"https:\/\/www.ortholite.com\/wp-content\/uploads\/2025\/02\/cushioning.circle.png 601w, https:\/\/www.ortholite.com\/wp-content\/uploads\/2025\/02\/cushioning.circle-300x300.png 300w, https:\/\/www.ortholite.com\/wp-content\/uploads\/2025\/02\/cushioning.circle-150x150.png 150w\" sizes=\"auto, (max-width: 601px) 100vw, 601px\" \/><\/figure>\n\n\n\n<p class=\"has-text-align-left is-style-small-paragraph\">A longo prazo<br>Cushioning<\/p>\n<\/div>\n\n\n\n<div class=\"wp-block-group is-nowrap is-layout-flex wp-container-core-group-is-layout-07e61161 wp-block-group-is-layout-flex\">\n<figure class=\"wp-block-image aligncenter size-full is-resized\"><img loading=\"lazy\" decoding=\"async\" width=\"601\" height=\"601\" src=\"https:\/\/www.ortholite.com\/wp-content\/uploads\/2025\/02\/moisture.circle.png\" alt=\"\" class=\"wp-image-17044\" style=\"width:60px\" srcset=\"https:\/\/www.ortholite.com\/wp-content\/uploads\/2025\/02\/moisture.circle.png 601w, https:\/\/www.ortholite.com\/wp-content\/uploads\/2025\/02\/moisture.circle-300x300.png 300w, https:\/\/www.ortholite.com\/wp-content\/uploads\/2025\/02\/moisture.circle-150x150.png 150w\" sizes=\"auto, (max-width: 601px) 100vw, 601px\" \/><\/figure>\n\n\n\n<p class=\"has-text-align-left is-style-small-paragraph\">Humidade<br>Gest\u00e3o<\/p>\n<\/div>\n\n\n\n<div class=\"wp-block-group is-nowrap is-layout-flex wp-container-core-group-is-layout-07e61161 wp-block-group-is-layout-flex\">\n<figure class=\"wp-block-image aligncenter size-full is-resized\"><img loading=\"lazy\" decoding=\"async\" width=\"601\" height=\"601\" src=\"https:\/\/www.ortholite.com\/wp-content\/uploads\/2025\/02\/breathability.circle.png\" alt=\"\" class=\"wp-image-17062\" style=\"width:60px\" srcset=\"https:\/\/www.ortholite.com\/wp-content\/uploads\/2025\/02\/breathability.circle.png 601w, https:\/\/www.ortholite.com\/wp-content\/uploads\/2025\/02\/breathability.circle-300x300.png 300w, https:\/\/www.ortholite.com\/wp-content\/uploads\/2025\/02\/breathability.circle-150x150.png 150w\" sizes=\"auto, (max-width: 601px) 100vw, 601px\" \/><\/figure>\n\n\n\n<p class=\"has-text-align-left is-style-small-paragraph\">Alto n\u00edvel<br>Respirabilidade<\/p>\n<\/div>\n\n\n\n<div class=\"wp-block-group is-nowrap is-layout-flex wp-container-core-group-is-layout-07e61161 wp-block-group-is-layout-flex\">\n<figure class=\"wp-block-image aligncenter size-full is-resized\"><img loading=\"lazy\" decoding=\"async\" width=\"601\" height=\"601\" src=\"https:\/\/www.ortholite.com\/wp-content\/uploads\/2025\/02\/lightweight.circle.png\" alt=\"\" class=\"wp-image-17050\" style=\"width:60px\" srcset=\"https:\/\/www.ortholite.com\/wp-content\/uploads\/2025\/02\/lightweight.circle.png 601w, https:\/\/www.ortholite.com\/wp-content\/uploads\/2025\/02\/lightweight.circle-300x300.png 300w, https:\/\/www.ortholite.com\/wp-content\/uploads\/2025\/02\/lightweight.circle-150x150.png 150w\" sizes=\"auto, (max-width: 601px) 100vw, 601px\" \/><\/figure>\n\n\n\n<p class=\"has-text-align-left is-style-small-paragraph\">Leve<\/p>\n<\/div>\n\n\n\n<div class=\"wp-block-group is-nowrap is-layout-flex wp-container-core-group-is-layout-07e61161 wp-block-group-is-layout-flex\">\n<figure class=\"wp-block-image aligncenter size-full is-resized\"><img loading=\"lazy\" decoding=\"async\" width=\"601\" height=\"601\" src=\"https:\/\/www.ortholite.com\/wp-content\/uploads\/2025\/02\/washable.circle.png\" alt=\"\" class=\"wp-image-17032\" style=\"width:60px\" srcset=\"https:\/\/www.ortholite.com\/wp-content\/uploads\/2025\/02\/washable.circle.png 601w, https:\/\/www.ortholite.com\/wp-content\/uploads\/2025\/02\/washable.circle-300x300.png 300w, https:\/\/www.ortholite.com\/wp-content\/uploads\/2025\/02\/washable.circle-150x150.png 150w\" sizes=\"auto, (max-width: 601px) 100vw, 601px\" \/><\/figure>\n\n\n\n<p class=\"has-text-align-left is-style-small-paragraph\">Lav\u00e1vel<\/p>\n<\/div>\n\n\n\n<div class=\"wp-block-group is-nowrap is-layout-flex wp-container-core-group-is-layout-07e61161 wp-block-group-is-layout-flex\">\n<figure class=\"wp-block-image aligncenter size-full is-resized\"><img loading=\"lazy\" decoding=\"async\" width=\"601\" height=\"601\" src=\"https:\/\/www.ortholite.com\/wp-content\/uploads\/2025\/02\/antimicrobial.circle.png\" alt=\"\" class=\"wp-image-16994\" style=\"width:60px\" srcset=\"https:\/\/www.ortholite.com\/wp-content\/uploads\/2025\/02\/antimicrobial.circle.png 601w, https:\/\/www.ortholite.com\/wp-content\/uploads\/2025\/02\/antimicrobial.circle-300x300.png 300w, https:\/\/www.ortholite.com\/wp-content\/uploads\/2025\/02\/antimicrobial.circle-150x150.png 150w\" sizes=\"auto, (max-width: 601px) 100vw, 601px\" \/><\/figure>\n\n\n\n<p class=\"has-text-align-left is-style-small-paragraph\">Antimicrobiano<\/p>\n<\/div>\n\n<\/div>\n<\/div>\n\n\n\n<div class=\"alignfull wp-block-ortholite-theme-cta-block\">\n\t<div class=\"img-left\"><\/div>\n\t<div\n\t\tclass=\"block-wrapper\"\n\t\tdata-width='700px'\n\t\tdata-gap='var:preset|spacing|sm'\n\t>\n\t\t\n\n<div class=\"wp-block-group is-content-justification-center is-layout-constrained wp-container-core-group-is-layout-4df2738f wp-block-group-is-layout-constrained\" style=\"padding-top:var(--wp--preset--spacing--md);padding-right:var(--wp--preset--spacing--xs);padding-bottom:var(--wp--preset--spacing--md);padding-left:var(--wp--preset--spacing--xs)\">\n<h2 class=\"wp-block-heading has-text-align-center has-secondary-color has-text-color has-link-color has-h-3-font-size wp-elements-2c7316d866578f4611cd0042d69da013\" style=\"font-style:normal;font-weight:600;text-transform:capitalize\">Comfort &amp; Performance<\/h2>\n\n\n\n<p class=\"has-text-align-center has-h-5-font-size\">DRIVEN BY INNOVATION<\/p>\n\n\n\n<p class=\"has-text-align-center is-style-default has-secondary-color has-text-color has-link-color wp-elements-22a0e28cc2182de2c076014defba20c4\">We\u2019re fueled by innovation, a deep understanding of our brand partners\u2019 needs, true collaboration, and a dedication to limiting our impact on the planet\u2014and it shows in every product we make. That\u2019s how we became the global leader, and why we\u2019re proud to partner with the best brands on earth.<\/p>\n\n\n\n<div class=\"wp-block-buttons is-content-justification-center is-layout-flex wp-container-core-buttons-is-layout-a89b3969 wp-block-buttons-is-layout-flex\">\n<div class=\"wp-block-button is-style-outline is-style-outline--1\"><a class=\"wp-block-button__link has-secondary-color has-text-color has-link-color wp-element-button\" href=\"https:\/\/www.ortholite.com\/pt-pt\/contacto\/\">contacta-nos<\/a><\/div>\n<\/div>\n<\/div>\n\n\t<\/div>\n\t<div class=\"img-right\"><\/div>\n<\/div>\n","protected":false},"excerpt":{"rendered":"<p>3DSkive\u2122: Tecnologia vis\u00edvel com conforto instant\u00e2neo O OrthoLite\u00ae 3D Skive\u2122 apresenta uma tecnologia exclusiva de conforto e desempenho para aumentar o amortecimento e a circula\u00e7\u00e3o de ar sob os p\u00e9s. Resumo do produto A aplica\u00e7\u00e3o OrthoLite\u00ae 3D Skive\u2122 \u00e9 uma tecnologia de corte 3D patenteada que utiliza um padr\u00e3o de geometria ondulado ou em forma [&hellip;]<\/p>\n","protected":false},"author":2,"featured_media":18990,"parent":0,"menu_order":0,"comment_status":"closed","ping_status":"closed","template":"","meta":{"_acf_changed":false,"footnotes":""},"class_list":["post-21132","page","type-page","status-publish","has-post-thumbnail","hentry"],"acf":[],"yoast_head":"<!-- This site is optimized with the Yoast SEO plugin v27.3 - https:\/\/yoast.com\/product\/yoast-seo-wordpress\/ -->\n<title>Tecnologia 3D Skive para palmilhas | OrthoLite<\/title>\n<meta name=\"description\" content=\"Descobre a tecnologia 3D Skive da OrthoLite, que proporciona um melhor ajuste e desempenho atrav\u00e9s de um design avan\u00e7ado para palmilhas.\" \/>\n<meta name=\"robots\" content=\"index, follow, max-snippet:-1, max-image-preview:large, max-video-preview:-1\" \/>\n<link rel=\"canonical\" href=\"https:\/\/www.ortholite.com\/pt-pt\/esqui-3d\/\" \/>\n<meta property=\"og:locale\" content=\"pt_PT\" \/>\n<meta property=\"og:type\" content=\"article\" \/>\n<meta property=\"og:title\" content=\"Tecnologia 3D Skive para palmilhas | OrthoLite\" \/>\n<meta property=\"og:description\" content=\"Descobre a tecnologia 3D Skive da OrthoLite, que proporciona um melhor ajuste e desempenho atrav\u00e9s de um design avan\u00e7ado para palmilhas.\" \/>\n<meta property=\"og:url\" content=\"https:\/\/www.ortholite.com\/pt-pt\/esqui-3d\/\" \/>\n<meta property=\"og:site_name\" content=\"Ortholite\" \/>\n<meta property=\"article:modified_time\" content=\"2025-12-18T05:58:25+00:00\" \/>\n<meta property=\"og:image\" content=\"https:\/\/www.ortholite.com\/wp-content\/uploads\/2025\/03\/3D-Skive.png\" \/>\n\t<meta property=\"og:image:width\" content=\"640\" \/>\n\t<meta property=\"og:image:height\" content=\"754\" \/>\n\t<meta property=\"og:image:type\" content=\"image\/png\" \/>\n<meta name=\"twitter:card\" content=\"summary_large_image\" \/>\n<meta name=\"twitter:label1\" content=\"Tempo estimado de leitura\" \/>\n\t<meta name=\"twitter:data1\" content=\"4 minutos\" \/>\n<script type=\"application\/ld+json\" class=\"yoast-schema-graph\">{\"@context\":\"https:\\\/\\\/schema.org\",\"@graph\":[{\"@type\":\"WebPage\",\"@id\":\"https:\\\/\\\/www.ortholite.com\\\/pt-pt\\\/esqui-3d\\\/\",\"url\":\"https:\\\/\\\/www.ortholite.com\\\/pt-pt\\\/esqui-3d\\\/\",\"name\":\"Tecnologia 3D Skive para palmilhas | OrthoLite\",\"isPartOf\":{\"@id\":\"https:\\\/\\\/www.ortholite.com\\\/pt-pt\\\/#website\"},\"primaryImageOfPage\":{\"@id\":\"https:\\\/\\\/www.ortholite.com\\\/pt-pt\\\/esqui-3d\\\/#primaryimage\"},\"image\":{\"@id\":\"https:\\\/\\\/www.ortholite.com\\\/pt-pt\\\/esqui-3d\\\/#primaryimage\"},\"thumbnailUrl\":\"https:\\\/\\\/www.ortholite.com\\\/wp-content\\\/uploads\\\/2025\\\/03\\\/3D-Skive.png\",\"datePublished\":\"2025-03-07T16:40:59+00:00\",\"dateModified\":\"2025-12-18T05:58:25+00:00\",\"description\":\"Descobre a tecnologia 3D Skive da OrthoLite, que proporciona um melhor ajuste e desempenho atrav\u00e9s de um design avan\u00e7ado para palmilhas.\",\"breadcrumb\":{\"@id\":\"https:\\\/\\\/www.ortholite.com\\\/pt-pt\\\/esqui-3d\\\/#breadcrumb\"},\"inLanguage\":\"pt-PT\",\"potentialAction\":[{\"@type\":\"ReadAction\",\"target\":[\"https:\\\/\\\/www.ortholite.com\\\/pt-pt\\\/esqui-3d\\\/\"]}]},{\"@type\":\"ImageObject\",\"inLanguage\":\"pt-PT\",\"@id\":\"https:\\\/\\\/www.ortholite.com\\\/pt-pt\\\/esqui-3d\\\/#primaryimage\",\"url\":\"https:\\\/\\\/www.ortholite.com\\\/wp-content\\\/uploads\\\/2025\\\/03\\\/3D-Skive.png\",\"contentUrl\":\"https:\\\/\\\/www.ortholite.com\\\/wp-content\\\/uploads\\\/2025\\\/03\\\/3D-Skive.png\",\"width\":640,\"height\":754},{\"@type\":\"BreadcrumbList\",\"@id\":\"https:\\\/\\\/www.ortholite.com\\\/pt-pt\\\/esqui-3d\\\/#breadcrumb\",\"itemListElement\":[{\"@type\":\"ListItem\",\"position\":1,\"name\":\"Home\",\"item\":\"https:\\\/\\\/www.ortholite.com\\\/pt-pt\\\/primeira-pagina\\\/\"},{\"@type\":\"ListItem\",\"position\":2,\"name\":\"Esqui 3D\"}]},{\"@type\":\"WebSite\",\"@id\":\"https:\\\/\\\/www.ortholite.com\\\/pt-pt\\\/#website\",\"url\":\"https:\\\/\\\/www.ortholite.com\\\/pt-pt\\\/\",\"name\":\"Ortholite\",\"description\":\"High Performance Comfort Insoles, Open-Cell Foam Tech\",\"publisher\":{\"@id\":\"https:\\\/\\\/www.ortholite.com\\\/pt-pt\\\/#organization\"},\"potentialAction\":[{\"@type\":\"SearchAction\",\"target\":{\"@type\":\"EntryPoint\",\"urlTemplate\":\"https:\\\/\\\/www.ortholite.com\\\/pt-pt\\\/?s={search_term_string}\"},\"query-input\":{\"@type\":\"PropertyValueSpecification\",\"valueRequired\":true,\"valueName\":\"search_term_string\"}}],\"inLanguage\":\"pt-PT\"},{\"@type\":\"Organization\",\"@id\":\"https:\\\/\\\/www.ortholite.com\\\/pt-pt\\\/#organization\",\"name\":\"Ortholite\",\"url\":\"https:\\\/\\\/www.ortholite.com\\\/pt-pt\\\/\",\"logo\":{\"@type\":\"ImageObject\",\"inLanguage\":\"pt-PT\",\"@id\":\"https:\\\/\\\/www.ortholite.com\\\/pt-pt\\\/#\\\/schema\\\/logo\\\/image\\\/\",\"url\":\"https:\\\/\\\/www.ortholite.com\\\/wp-content\\\/uploads\\\/2024\\\/12\\\/horizontal-logo.svg\",\"contentUrl\":\"https:\\\/\\\/www.ortholite.com\\\/wp-content\\\/uploads\\\/2024\\\/12\\\/horizontal-logo.svg\",\"width\":201,\"height\":52,\"caption\":\"Ortholite\"},\"image\":{\"@id\":\"https:\\\/\\\/www.ortholite.com\\\/pt-pt\\\/#\\\/schema\\\/logo\\\/image\\\/\"}}]}<\/script>\n<!-- \/ Yoast SEO plugin. -->","yoast_head_json":{"title":"Tecnologia 3D Skive para palmilhas | OrthoLite","description":"Descobre a tecnologia 3D Skive da OrthoLite, que proporciona um melhor ajuste e desempenho atrav\u00e9s de um design avan\u00e7ado para palmilhas.","robots":{"index":"index","follow":"follow","max-snippet":"max-snippet:-1","max-image-preview":"max-image-preview:large","max-video-preview":"max-video-preview:-1"},"canonical":"https:\/\/www.ortholite.com\/pt-pt\/esqui-3d\/","og_locale":"pt_PT","og_type":"article","og_title":"Tecnologia 3D Skive para palmilhas | OrthoLite","og_description":"Descobre a tecnologia 3D Skive da OrthoLite, que proporciona um melhor ajuste e desempenho atrav\u00e9s de um design avan\u00e7ado para palmilhas.","og_url":"https:\/\/www.ortholite.com\/pt-pt\/esqui-3d\/","og_site_name":"Ortholite","article_modified_time":"2025-12-18T05:58:25+00:00","og_image":[{"width":640,"height":754,"url":"https:\/\/www.ortholite.com\/wp-content\/uploads\/2025\/03\/3D-Skive.png","type":"image\/png"}],"twitter_card":"summary_large_image","twitter_misc":{"Tempo estimado de leitura":"4 minutos"},"schema":{"@context":"https:\/\/schema.org","@graph":[{"@type":"WebPage","@id":"https:\/\/www.ortholite.com\/pt-pt\/esqui-3d\/","url":"https:\/\/www.ortholite.com\/pt-pt\/esqui-3d\/","name":"Tecnologia 3D Skive para palmilhas | OrthoLite","isPartOf":{"@id":"https:\/\/www.ortholite.com\/pt-pt\/#website"},"primaryImageOfPage":{"@id":"https:\/\/www.ortholite.com\/pt-pt\/esqui-3d\/#primaryimage"},"image":{"@id":"https:\/\/www.ortholite.com\/pt-pt\/esqui-3d\/#primaryimage"},"thumbnailUrl":"https:\/\/www.ortholite.com\/wp-content\/uploads\/2025\/03\/3D-Skive.png","datePublished":"2025-03-07T16:40:59+00:00","dateModified":"2025-12-18T05:58:25+00:00","description":"Descobre a tecnologia 3D Skive da OrthoLite, que proporciona um melhor ajuste e desempenho atrav\u00e9s de um design avan\u00e7ado para palmilhas.","breadcrumb":{"@id":"https:\/\/www.ortholite.com\/pt-pt\/esqui-3d\/#breadcrumb"},"inLanguage":"pt-PT","potentialAction":[{"@type":"ReadAction","target":["https:\/\/www.ortholite.com\/pt-pt\/esqui-3d\/"]}]},{"@type":"ImageObject","inLanguage":"pt-PT","@id":"https:\/\/www.ortholite.com\/pt-pt\/esqui-3d\/#primaryimage","url":"https:\/\/www.ortholite.com\/wp-content\/uploads\/2025\/03\/3D-Skive.png","contentUrl":"https:\/\/www.ortholite.com\/wp-content\/uploads\/2025\/03\/3D-Skive.png","width":640,"height":754},{"@type":"BreadcrumbList","@id":"https:\/\/www.ortholite.com\/pt-pt\/esqui-3d\/#breadcrumb","itemListElement":[{"@type":"ListItem","position":1,"name":"Home","item":"https:\/\/www.ortholite.com\/pt-pt\/primeira-pagina\/"},{"@type":"ListItem","position":2,"name":"Esqui 3D"}]},{"@type":"WebSite","@id":"https:\/\/www.ortholite.com\/pt-pt\/#website","url":"https:\/\/www.ortholite.com\/pt-pt\/","name":"Ortholite","description":"High Performance Comfort Insoles, Open-Cell Foam Tech","publisher":{"@id":"https:\/\/www.ortholite.com\/pt-pt\/#organization"},"potentialAction":[{"@type":"SearchAction","target":{"@type":"EntryPoint","urlTemplate":"https:\/\/www.ortholite.com\/pt-pt\/?s={search_term_string}"},"query-input":{"@type":"PropertyValueSpecification","valueRequired":true,"valueName":"search_term_string"}}],"inLanguage":"pt-PT"},{"@type":"Organization","@id":"https:\/\/www.ortholite.com\/pt-pt\/#organization","name":"Ortholite","url":"https:\/\/www.ortholite.com\/pt-pt\/","logo":{"@type":"ImageObject","inLanguage":"pt-PT","@id":"https:\/\/www.ortholite.com\/pt-pt\/#\/schema\/logo\/image\/","url":"https:\/\/www.ortholite.com\/wp-content\/uploads\/2024\/12\/horizontal-logo.svg","contentUrl":"https:\/\/www.ortholite.com\/wp-content\/uploads\/2024\/12\/horizontal-logo.svg","width":201,"height":52,"caption":"Ortholite"},"image":{"@id":"https:\/\/www.ortholite.com\/pt-pt\/#\/schema\/logo\/image\/"}}]}},"_links":{"self":[{"href":"https:\/\/www.ortholite.com\/pt-pt\/wp-json\/wp\/v2\/pages\/21132","targetHints":{"allow":["GET"]}}],"collection":[{"href":"https:\/\/www.ortholite.com\/pt-pt\/wp-json\/wp\/v2\/pages"}],"about":[{"href":"https:\/\/www.ortholite.com\/pt-pt\/wp-json\/wp\/v2\/types\/page"}],"author":[{"embeddable":true,"href":"https:\/\/www.ortholite.com\/pt-pt\/wp-json\/wp\/v2\/users\/2"}],"replies":[{"embeddable":true,"href":"https:\/\/www.ortholite.com\/pt-pt\/wp-json\/wp\/v2\/comments?post=21132"}],"version-history":[{"count":3,"href":"https:\/\/www.ortholite.com\/pt-pt\/wp-json\/wp\/v2\/pages\/21132\/revisions"}],"predecessor-version":[{"id":23362,"href":"https:\/\/www.ortholite.com\/pt-pt\/wp-json\/wp\/v2\/pages\/21132\/revisions\/23362"}],"wp:featuredmedia":[{"embeddable":true,"href":"https:\/\/www.ortholite.com\/pt-pt\/wp-json\/wp\/v2\/media\/18990"}],"wp:attachment":[{"href":"https:\/\/www.ortholite.com\/pt-pt\/wp-json\/wp\/v2\/media?parent=21132"}],"curies":[{"name":"wp","href":"https:\/\/api.w.org\/{rel}","templated":true}]}}