{"id":22569,"date":"2024-11-26T21:30:18","date_gmt":"2024-11-26T21:30:18","guid":{"rendered":"https:\/\/www.ortholite.com\/politica-de-privacidade\/"},"modified":"2025-08-08T15:07:08","modified_gmt":"2025-08-08T15:07:08","slug":"politica-de-privacidade","status":"publish","type":"page","link":"https:\/\/www.ortholite.com\/pt-br\/politica-de-privacidade\/","title":{"rendered":"Pol\u00edtica de privacidade"},"content":{"rendered":"\n<div class=\"wp-block-group is-layout-constrained wp-container-core-group-is-layout-e8559f58 wp-block-group-is-layout-constrained\" style=\"padding-top:var(--wp--preset--spacing--lg);padding-right:var(--wp--preset--spacing--xs);padding-bottom:var(--wp--preset--spacing--lg);padding-left:var(--wp--preset--spacing--xs)\">\n<h1 class=\"wp-block-heading\">Pol\u00edtica de privacidade<\/h1>\n\n\n\n<div class=\"wp-block-group is-layout-constrained wp-block-group-is-layout-constrained\">\n<h2 class=\"wp-block-heading\">DECLARA\u00c7\u00c3O DE PRIVACIDADE DA ORTHOLITE<\/h2>\n\n\n\n<p>A ORTHOLITE (doravante tamb\u00e9m denominada &#8220;n\u00f3s&#8221; ou &#8220;nos&#8221;) \u00e9 respons\u00e1vel pela coleta e pelo processamento de seus dados pessoais que recebemos de voc\u00ea em conex\u00e3o com o uso de nosso site. Ao acessar ou usar este site ou outro servi\u00e7o da ORTHOLITE em qualquer computador, telefone celular, tablet, console ou outro dispositivo (coletivamente, &#8220;Dispositivo&#8221;), voc\u00ea concorda com nossa pol\u00edtica de privacidade. <\/p>\n<\/div>\n\n\n\n<div class=\"wp-block-group is-layout-constrained wp-block-group-is-layout-constrained\">\n<h3 class=\"wp-block-heading\">Informa\u00e7\u00f5es coletadas<\/h3>\n\n\n\n<p><strong>Informa\u00e7\u00f5es que n\u00e3o s\u00e3o coletadas:<\/strong> seu n\u00famero de telefone, seu nome, seu e-mail e endere\u00e7o f\u00edsico<\/p>\n\n\n\n<p><strong>Informa\u00e7\u00f5es coletadas automaticamente:<\/strong> podemos coletar automaticamente informa\u00e7\u00f5es relacionadas \u00e0 sua intera\u00e7\u00e3o e ao uso de nossos produtos e servi\u00e7os. As informa\u00e7\u00f5es que podemos coletar incluem, entre outras, identificador de dispositivo e informa\u00e7\u00f5es de hardware, endere\u00e7o IP, informa\u00e7\u00f5es de localiza\u00e7\u00e3o (GPS), tipo e idioma do navegador, informa\u00e7\u00f5es de cookies, tipo de sistema, se voc\u00ea tem software habilitado para acessar determinados recursos, hor\u00e1rios de acesso, URLs de sites de refer\u00eancia, informa\u00e7\u00f5es sobre suas compras e outras informa\u00e7\u00f5es sobre suas intera\u00e7\u00f5es conosco. Esses dados s\u00e3o coletados principalmente para fins estat\u00edsticos, para medir e aprimorar o funcionamento do Site.  <\/p>\n\n\n\n<p>Certas informa\u00e7\u00f5es obtidas no ORTHOLITE por meio de cookies podem ser encontradas em nossa Declara\u00e7\u00e3o de Pol\u00edtica de Cookies dispon\u00edvel aqui.<\/p>\n<\/div>\n\n\n\n<div class=\"wp-block-group is-layout-constrained wp-block-group-is-layout-constrained\">\n<h3 class=\"wp-block-heading\">Informa\u00e7\u00f5es de terceiros<\/h3>\n\n\n\n<p>Podemos combinar as informa\u00e7\u00f5es que voc\u00ea nos fornece com outras informa\u00e7\u00f5es de fontes, transa\u00e7\u00f5es e comunica\u00e7\u00f5es da ORTHOLITE. Isso pode incluir, mas n\u00e3o est\u00e1 limitado a, informa\u00e7\u00f5es de mala direta, eventos, produtos e aplicativos, incluindo sites de redes sociais ou outras intera\u00e7\u00f5es da ORTHOLITE. Tamb\u00e9m podemos combinar essas informa\u00e7\u00f5es com dados que estejam dispon\u00edveis publicamente e dados de terceiros.  <\/p>\n<\/div>\n\n\n\n<div class=\"wp-block-group is-layout-constrained wp-block-group-is-layout-constrained\">\n<h3 class=\"wp-block-heading\">Objetivos do processamento de dados pessoais<\/h3>\n\n\n\n<p>Podemos usar suas informa\u00e7\u00f5es para aprimorar, personalizar e customizar suas experi\u00eancias e comunica\u00e7\u00f5es com a ORTHOLITE. Tamb\u00e9m usamos as informa\u00e7\u00f5es para operar, fornecer, melhorar e manter os produtos e servi\u00e7os da ORTHOLITE, incluindo a an\u00e1lise do comportamento e das tend\u00eancias do usu\u00e1rio. Al\u00e9m disso, podemos fornecer e conduzir marketing e promo\u00e7\u00f5es, comunicando-nos com voc\u00ea sobre nossos produtos, servi\u00e7os e eventos, e para outros fins promocionais; administrar concursos, promo\u00e7\u00f5es, eventos, pesquisas ou outros recursos; e exibir marketing relevante para voc\u00ea. Por fim, tamb\u00e9m podemos usar dados sobre como voc\u00ea usa o ORTHOLITE para evitar ou detectar fraudes, abusos e viola\u00e7\u00f5es de nossos Termos de Uso e para cumprir ordens judiciais ou a lei aplic\u00e1vel.   <\/p>\n<\/div>\n\n\n\n<div class=\"wp-block-group is-layout-constrained wp-block-group-is-layout-constrained\">\n<h3 class=\"wp-block-heading\">Base legal para o processamento<\/h3>\n\n\n\n<p>Coletaremos e processaremos seus dados pessoais para as finalidades descritas na se\u00e7\u00e3o acima em uma das seguintes bases legais de acordo com o Regulamento Geral de Prote\u00e7\u00e3o de Dados (GDPR):<\/p>\n\n\n\n<p>Artigo 6.1(a): Quando o seu consentimento espec\u00edfico for necess\u00e1rio para o processamento de seus dados pessoais conforme descrito neste documento, seus dados pessoais ser\u00e3o processados com base em tal consentimento.<\/p>\n\n\n\n<p>Artigo 6.1(f): O processamento \u00e9 necess\u00e1rio para fins de nossos interesses leg\u00edtimos ou de interesses leg\u00edtimos de terceiros, e esses interesses n\u00e3o s\u00e3o sobrepostos por seus interesses ou direitos fundamentais; os interesses leg\u00edtimos que buscamos incluem nosso interesse em atender \u00e0s suas solicita\u00e7\u00f5es espec\u00edficas, solicitar seu feedback para melhorar nosso Site e nossos produtos ou buscar outras atividades gerais de marketing.<\/p>\n<\/div>\n\n\n\n<div class=\"wp-block-group is-layout-constrained wp-block-group-is-layout-constrained\">\n<h3 class=\"wp-block-heading\">Per\u00edodos de reten\u00e7\u00e3o de dados pessoais<\/h3>\n\n\n\n<p>Os dados pessoais n\u00e3o s\u00e3o mantidos por mais tempo do que o necess\u00e1rio para atingir as finalidades espec\u00edficas de processamento de dados descritas neste documento, a menos que per\u00edodos de reten\u00e7\u00e3o mais curtos ou mais longos se apliquem \u00e0 legisla\u00e7\u00e3o aplic\u00e1vel.<\/p>\n<\/div>\n\n\n\n<div class=\"wp-block-group is-layout-constrained wp-block-group-is-layout-constrained\">\n<h3 class=\"wp-block-heading\">Prote\u00e7\u00e3o de seus dados pessoais<\/h3>\n\n\n\n<p>Para proteger as informa\u00e7\u00f5es, usamos uma variedade de medidas de seguran\u00e7a, incluindo ferramentas de criptografia e autentica\u00e7\u00e3o, para ajudar a proteger suas informa\u00e7\u00f5es. No entanto, a ORTHOLITE n\u00e3o pode garantir 100% a seguran\u00e7a ou a confidencialidade das informa\u00e7\u00f5es que voc\u00ea nos fornece. <\/p>\n<\/div>\n\n\n\n<div class=\"wp-block-group is-layout-constrained wp-block-group-is-layout-constrained\">\n<h3 class=\"wp-block-heading\">Destinat\u00e1rios de dados pessoais<\/h3>\n\n\n\n<p>Podemos transferir suas informa\u00e7\u00f5es para os prestadores de servi\u00e7os da ORTHOLITE para conduzir nossos neg\u00f3cios. Por exemplo, suas informa\u00e7\u00f5es podem ser transferidas para um terceiro como parte de nossos ativos comerciais em uma venda de parte ou da totalidade da ORTHOLITE. Se isso acontecer, voc\u00ea receber\u00e1 um aviso por meio de publica\u00e7\u00e3o no site ou outra forma de comunica\u00e7\u00e3o. Al\u00e9m disso, podemos divulgar informa\u00e7\u00f5es mediante solicita\u00e7\u00e3o governamental, em resposta a uma ordem judicial, quando exigido por lei, para fazer cumprir nossas pol\u00edticas ou para proteger nossos direitos, a propriedade ou a seguran\u00e7a de terceiros. Podemos compartilhar informa\u00e7\u00f5es para evitar usos ilegais dos produtos e servi\u00e7os da ORTHOLITE ou viola\u00e7\u00f5es dos Termos de Uso, ou para nos defendermos de reclama\u00e7\u00f5es de terceiros. Tamb\u00e9m podemos compartilhar informa\u00e7\u00f5es com empresas que auxiliam na prote\u00e7\u00e3o ou investiga\u00e7\u00e3o de fraudes.     <\/p>\n<\/div>\n\n\n\n<div class=\"wp-block-group is-layout-constrained wp-block-group-is-layout-constrained\">\n<h3 class=\"wp-block-heading\">Elementos do site controlados por terceiros<\/h3>\n\n\n\n<p>Este Site cont\u00e9m links para outros sites, bem como objetos ou elementos controlados por terceiros.<\/p>\n\n\n\n<p>Um exemplo s\u00e3o os plug-ins que podem conectar a ORTHOLITE a redes sociais como o Facebook ou o Twitter e que geralmente s\u00e3o identificados pelo logotipo da rede social relevante. Se voc\u00ea interagir com um plug-in social em nosso Site, seu navegador poder\u00e1 enviar a essa rede social determinados dados relacionados a voc\u00ea, como seu ID de usu\u00e1rio, informa\u00e7\u00f5es sobre o Site, data e hora e outras informa\u00e7\u00f5es relacionadas ao navegador. Essas informa\u00e7\u00f5es ser\u00e3o processadas pelas redes sociais de acordo com suas pol\u00edticas de privacidade.  <\/p>\n\n\n\n<p>N\u00e3o temos controle sobre como os sites de terceiros processam suas informa\u00e7\u00f5es pessoais. N\u00e3o analisamos sites de terceiros e nos isentamos de qualquer responsabilidade por esses sites. Voc\u00ea deve verificar a pol\u00edtica de privacidade de sites de terceiros para entender o processamento de informa\u00e7\u00f5es pessoais por parte deles.  <\/p>\n<\/div>\n\n\n\n<div class=\"wp-block-group is-layout-constrained wp-block-group-is-layout-constrained\">\n<h3 class=\"wp-block-heading\">Transfer\u00eancias de dados pessoais<\/h3>\n\n\n\n<p>Seus dados pessoais podem ser transferidos para fora do pa\u00eds de onde foram originalmente coletados. Os dados pessoais que processamos ser\u00e3o armazenados nos EUA. Alguns dos destinat\u00e1rios de dados com os quais a OTHOLITE compartilha seus dados pessoais podem estar localizados em pa\u00edses diferentes do pa\u00eds em que seus dados pessoais foram originalmente coletados. As leis desses pa\u00edses podem n\u00e3o oferecer o mesmo n\u00edvel de prote\u00e7\u00e3o de dados em compara\u00e7\u00e3o com o pa\u00eds em que voc\u00ea forneceu seus dados inicialmente. No entanto, protegeremos esses dados pessoais conforme descrito nesta Pol\u00edtica e em conformidade com a legisla\u00e7\u00e3o aplic\u00e1vel.    <\/p>\n<\/div>\n\n\n\n<div class=\"wp-block-group is-layout-constrained wp-block-group-is-layout-constrained\">\n<h3 class=\"wp-block-heading\">Seus direitos<\/h3>\n\n\n\n<p>A lei de prote\u00e7\u00e3o de dados concede direitos aos indiv\u00edduos com rela\u00e7\u00e3o aos dados pessoais que os sites obt\u00eam.<\/p>\n\n\n\n<p>O fornecimento de dados pessoais para fins de pesquisa, marketing e outros perfis, conforme especificado acima, \u00e9 opcional. Solicitaremos consentimento pr\u00e9vio antes de processar seus dados pessoais para tais fins. Quando esses dados forem processados para fins de marketing, voc\u00ea tem o direito de se opor a qualquer momento ao processamento de dados pessoais. Consulte a pol\u00edtica de cookies   <\/p>\n<\/div>\n\n\n\n<div class=\"wp-block-group is-layout-constrained wp-block-group-is-layout-constrained\">\n<h4 class=\"wp-block-heading\">Direito de acesso<\/h4>\n\n\n\n<p>Voc\u00ea tem o direito de obter confirma\u00e7\u00e3o sobre se seus dados pessoais est\u00e3o sendo processados e com que finalidade. A ORTHOLITE fornecer\u00e1 a voc\u00ea uma c\u00f3pia dos dados pessoais, gratuitamente. <\/p>\n<\/div>\n\n\n\n<div class=\"wp-block-group is-layout-constrained wp-block-group-is-layout-constrained\">\n<h4 class=\"wp-block-heading\">Direito de ser esquecido (apagamento de dados)<\/h4>\n\n\n\n<p>Voc\u00ea tem o direito de solicitar que a ORTHOLITE apague os dados pessoais em determinadas circunst\u00e2ncias, conforme definido pela lei aplic\u00e1vel.<\/p>\n<\/div>\n\n\n\n<div class=\"wp-block-group is-layout-constrained wp-block-group-is-layout-constrained\">\n<h5 class=\"wp-block-heading\">Direito de retirar o consentimento<\/h5>\n\n\n\n<p>Caso tenha declarado seu consentimento para quaisquer atividades de processamento de dados pessoais, conforme descrito nesta Declara\u00e7\u00e3o de Privacidade, voc\u00ea poder\u00e1 retirar esse consentimento a qualquer momento, com efeito futuro. Essa retirada n\u00e3o afetar\u00e1 a legalidade do processamento anterior \u00e0 retirada. Observe que a retirada de determinados conte\u00fados pode limitar as fun\u00e7\u00f5es do site ou dos servi\u00e7os on-line.  <\/p>\n\n\n\n<p>Voc\u00ea tem o direito de se opor ao uso ou processamento de seus dados a qualquer momento.<\/p>\n\n\n\n<p>Caso tenha uma reclama\u00e7\u00e3o sobre o processamento de seus dados pessoais, voc\u00ea tem o direito de apresentar uma reclama\u00e7\u00e3o a uma autoridade supervisora competente.<\/p>\n\n\n\n<p>Se voc\u00ea quiser fazer uso dos direitos acima, envie-nos um e-mail para: <a href=\"mailto:info@ortholite.com\">info@ortholite.com<\/a><\/p>\n<\/div>\n\n\n\n<div class=\"wp-block-group is-layout-constrained wp-block-group-is-layout-constrained\">\n<h3 class=\"wp-block-heading\">Comunica\u00e7\u00f5es<\/h3>\n\n\n\n<p>Independentemente das configura\u00e7\u00f5es que voc\u00ea selecionar, a ORTHOLITE poder\u00e1 enviar-lhe comunica\u00e7\u00f5es relacionadas ao servi\u00e7o. Para cancelar a assinatura e parar de receber mensagens, altere suas configura\u00e7\u00f5es ou siga as instru\u00e7\u00f5es no e-mail, na mensagem de texto, na notifica\u00e7\u00e3o ou em outro tipo de mensagem. Se voc\u00ea tiver cancelado a assinatura de qualquer comunica\u00e7\u00e3o da ORTHOLITE, devido aos cronogramas de produ\u00e7\u00e3o, poder\u00e1 receber comunica\u00e7\u00f5es j\u00e1 em produ\u00e7\u00e3o.  <\/p>\n<\/div>\n\n\n\n<div class=\"wp-block-group is-layout-constrained wp-block-group-is-layout-constrained\">\n<h3 class=\"wp-block-heading\">Privacidade das crian\u00e7as<\/h3>\n\n\n\n<p>N\u00e3o coletamos nem solicitamos intencionalmente informa\u00e7\u00f5es pessoais de crian\u00e7as menores de 13 anos. Tamb\u00e9m incentivamos os pais e outros respons\u00e1veis a navegar na Internet junto com seus filhos. <\/p>\n<\/div>\n\n\n\n<div class=\"wp-block-group is-layout-constrained wp-block-group-is-layout-constrained\">\n<h3 class=\"wp-block-heading\">Leis e jurisdi\u00e7\u00f5es aplic\u00e1veis<\/h3>\n\n\n\n<p>A legisla\u00e7\u00e3o do estado de Massachusetts rege a interpreta\u00e7\u00e3o desta Declara\u00e7\u00e3o de Privacidade e se aplica a reivindica\u00e7\u00f5es de viola\u00e7\u00e3o, independentemente dos princ\u00edpios de conflito de leis. Ambas as partes concordam com a jurisdi\u00e7\u00e3o e o foro exclusivos dos tribunais de Boston, Massachusetts. Ambas as partes renunciam a todas as defesas de falta de jurisdi\u00e7\u00e3o pessoal e forum non conveniens.  <\/p>\n<\/div>\n\n\n\n<div class=\"wp-block-group is-layout-constrained wp-block-group-is-layout-constrained\">\n<h3 class=\"wp-block-heading\">Altera\u00e7\u00f5es a esta Declara\u00e7\u00e3o de Privacidade On-line<\/h3>\n\n\n\n<p>A ORTHOLITE adere aos princ\u00edpios de privacidade e prote\u00e7\u00e3o de dados. Podemos atualizar esta Declara\u00e7\u00e3o de Privacidade conforme necess\u00e1rio para refletir as altera\u00e7\u00f5es na legisla\u00e7\u00e3o aplic\u00e1vel. Quando publicarmos altera\u00e7\u00f5es nesta Declara\u00e7\u00e3o de Privacidade, revisaremos a data da &#8220;\u00faltima atualiza\u00e7\u00e3o&#8221; na parte inferior. Se houver altera\u00e7\u00f5es materiais nesta Declara\u00e7\u00e3o de Privacidade ou na forma como a ORTHOLITE usar\u00e1 suas informa\u00e7\u00f5es pessoais, n\u00f3s o notificaremos por meio de um aviso destacado sobre essas altera\u00e7\u00f5es antes de implement\u00e1-las. Incentivamos voc\u00ea a revisar periodicamente esta Declara\u00e7\u00e3o de Privacidade para se manter informado sobre como a ORTHOLITE est\u00e1 protegendo suas informa\u00e7\u00f5es.    <\/p>\n<\/div>\n\n\n\n<div class=\"wp-block-group is-layout-constrained wp-block-group-is-layout-constrained\">\n<h3 class=\"wp-block-heading\">Como entrar em contato conosco<\/h3>\n\n\n\n<p>Se tiver d\u00favidas, coment\u00e1rios ou preocupa\u00e7\u00f5es sobre como lidamos com seus dados pessoais, voc\u00ea pode entrar em contato conosco pelo e-mail <a href=\"mailto:info@ortholite.com\">info@ortholite.com<\/a> ou por outras <a href=\"\/contact-us\/\">informa\u00e7\u00f5es de contato<\/a> aqui.<\/p>\n<\/div>\n<\/div>\n","protected":false},"excerpt":{"rendered":"<p>Pol\u00edtica de privacidade DECLARA\u00c7\u00c3O DE PRIVACIDADE DA ORTHOLITE A ORTHOLITE (doravante tamb\u00e9m denominada &#8220;n\u00f3s&#8221; ou &#8220;nos&#8221;) \u00e9 respons\u00e1vel pela coleta e pelo processamento de seus dados pessoais que recebemos de voc\u00ea em conex\u00e3o com o uso de nosso site. Ao acessar ou usar este site ou outro servi\u00e7o da ORTHOLITE em qualquer computador, telefone celular, [&hellip;]<\/p>\n","protected":false},"author":1,"featured_media":22237,"parent":0,"menu_order":0,"comment_status":"closed","ping_status":"closed","template":"","meta":{"_acf_changed":false,"footnotes":""},"class_list":["post-22569","page","type-page","status-publish","has-post-thumbnail","hentry"],"acf":[],"yoast_head":"<!-- This site is optimized with the Yoast SEO plugin v27.2 - https:\/\/yoast.com\/product\/yoast-seo-wordpress\/ -->\n<title>Pol\u00edtica de Privacidade da OrthoLite | OrthoLite<\/title>\n<meta name=\"description\" content=\"Consulte nossa pol\u00edtica de privacidade para entender como protegemos e gerenciamos suas informa\u00e7\u00f5es pessoais em conformidade com os regulamentos de dados.\" \/>\n<meta name=\"robots\" content=\"index, follow, max-snippet:-1, max-image-preview:large, max-video-preview:-1\" \/>\n<link rel=\"canonical\" href=\"https:\/\/www.ortholite.com\/pt-br\/politica-de-privacidade\/\" \/>\n<meta property=\"og:locale\" content=\"pt_BR\" \/>\n<meta property=\"og:type\" content=\"article\" \/>\n<meta property=\"og:title\" content=\"Pol\u00edtica de Privacidade da OrthoLite | OrthoLite\" \/>\n<meta property=\"og:description\" content=\"Consulte nossa pol\u00edtica de privacidade para entender como protegemos e gerenciamos suas informa\u00e7\u00f5es pessoais em conformidade com os regulamentos de dados.\" \/>\n<meta property=\"og:url\" content=\"https:\/\/www.ortholite.com\/pt-br\/politica-de-privacidade\/\" \/>\n<meta property=\"og:site_name\" content=\"Ortholite\" \/>\n<meta property=\"article:modified_time\" content=\"2025-08-08T15:07:08+00:00\" \/>\n<meta property=\"og:image\" content=\"https:\/\/www.ortholite.com\/wp-content\/uploads\/2025\/05\/android-chrome-512x512-1.png\" \/>\n\t<meta property=\"og:image:width\" content=\"512\" \/>\n\t<meta property=\"og:image:height\" content=\"512\" \/>\n\t<meta property=\"og:image:type\" content=\"image\/png\" \/>\n<meta name=\"twitter:card\" content=\"summary_large_image\" \/>\n<meta name=\"twitter:label1\" content=\"Est. tempo de leitura\" \/>\n\t<meta name=\"twitter:data1\" content=\"9 minutos\" \/>\n<script type=\"application\/ld+json\" class=\"yoast-schema-graph\">{\"@context\":\"https:\/\/schema.org\",\"@graph\":[{\"@type\":\"WebPage\",\"@id\":\"https:\/\/www.ortholite.com\/pt-br\/politica-de-privacidade\/\",\"url\":\"https:\/\/www.ortholite.com\/pt-br\/politica-de-privacidade\/\",\"name\":\"Pol\u00edtica de Privacidade da OrthoLite | OrthoLite\",\"isPartOf\":{\"@id\":\"https:\/\/www.ortholite.com\/pt-br\/#website\"},\"primaryImageOfPage\":{\"@id\":\"https:\/\/www.ortholite.com\/pt-br\/politica-de-privacidade\/#primaryimage\"},\"image\":{\"@id\":\"https:\/\/www.ortholite.com\/pt-br\/politica-de-privacidade\/#primaryimage\"},\"thumbnailUrl\":\"https:\/\/www.ortholite.com\/wp-content\/uploads\/2025\/05\/android-chrome-512x512-1.png\",\"datePublished\":\"2024-11-26T21:30:18+00:00\",\"dateModified\":\"2025-08-08T15:07:08+00:00\",\"description\":\"Consulte nossa pol\u00edtica de privacidade para entender como protegemos e gerenciamos suas informa\u00e7\u00f5es pessoais em conformidade com os regulamentos de dados.\",\"breadcrumb\":{\"@id\":\"https:\/\/www.ortholite.com\/pt-br\/politica-de-privacidade\/#breadcrumb\"},\"inLanguage\":\"pt-BR\",\"potentialAction\":[{\"@type\":\"ReadAction\",\"target\":[\"https:\/\/www.ortholite.com\/pt-br\/politica-de-privacidade\/\"]}]},{\"@type\":\"ImageObject\",\"inLanguage\":\"pt-BR\",\"@id\":\"https:\/\/www.ortholite.com\/pt-br\/politica-de-privacidade\/#primaryimage\",\"url\":\"https:\/\/www.ortholite.com\/wp-content\/uploads\/2025\/05\/android-chrome-512x512-1.png\",\"contentUrl\":\"https:\/\/www.ortholite.com\/wp-content\/uploads\/2025\/05\/android-chrome-512x512-1.png\",\"width\":512,\"height\":512},{\"@type\":\"BreadcrumbList\",\"@id\":\"https:\/\/www.ortholite.com\/pt-br\/politica-de-privacidade\/#breadcrumb\",\"itemListElement\":[{\"@type\":\"ListItem\",\"position\":1,\"name\":\"Home\",\"item\":\"https:\/\/www.ortholite.com\/pt-br\/pagina-inicial\/\"},{\"@type\":\"ListItem\",\"position\":2,\"name\":\"Pol\u00edtica de privacidade\"}]},{\"@type\":\"WebSite\",\"@id\":\"https:\/\/www.ortholite.com\/pt-br\/#website\",\"url\":\"https:\/\/www.ortholite.com\/pt-br\/\",\"name\":\"Ortholite\",\"description\":\"High Performance Comfort Insoles, Open-Cell Foam Tech\",\"publisher\":{\"@id\":\"https:\/\/www.ortholite.com\/pt-br\/#organization\"},\"potentialAction\":[{\"@type\":\"SearchAction\",\"target\":{\"@type\":\"EntryPoint\",\"urlTemplate\":\"https:\/\/www.ortholite.com\/pt-br\/?s={search_term_string}\"},\"query-input\":{\"@type\":\"PropertyValueSpecification\",\"valueRequired\":true,\"valueName\":\"search_term_string\"}}],\"inLanguage\":\"pt-BR\"},{\"@type\":\"Organization\",\"@id\":\"https:\/\/www.ortholite.com\/pt-br\/#organization\",\"name\":\"Ortholite\",\"url\":\"https:\/\/www.ortholite.com\/pt-br\/\",\"logo\":{\"@type\":\"ImageObject\",\"inLanguage\":\"pt-BR\",\"@id\":\"https:\/\/www.ortholite.com\/pt-br\/#\/schema\/logo\/image\/\",\"url\":\"https:\/\/www.ortholite.com\/wp-content\/uploads\/2024\/12\/horizontal-logo.svg\",\"contentUrl\":\"https:\/\/www.ortholite.com\/wp-content\/uploads\/2024\/12\/horizontal-logo.svg\",\"width\":201,\"height\":52,\"caption\":\"Ortholite\"},\"image\":{\"@id\":\"https:\/\/www.ortholite.com\/pt-br\/#\/schema\/logo\/image\/\"}}]}<\/script>\n<!-- \/ Yoast SEO plugin. -->","yoast_head_json":{"title":"Pol\u00edtica de Privacidade da OrthoLite | OrthoLite","description":"Consulte nossa pol\u00edtica de privacidade para entender como protegemos e gerenciamos suas informa\u00e7\u00f5es pessoais em conformidade com os regulamentos de dados.","robots":{"index":"index","follow":"follow","max-snippet":"max-snippet:-1","max-image-preview":"max-image-preview:large","max-video-preview":"max-video-preview:-1"},"canonical":"https:\/\/www.ortholite.com\/pt-br\/politica-de-privacidade\/","og_locale":"pt_BR","og_type":"article","og_title":"Pol\u00edtica de Privacidade da OrthoLite | OrthoLite","og_description":"Consulte nossa pol\u00edtica de privacidade para entender como protegemos e gerenciamos suas informa\u00e7\u00f5es pessoais em conformidade com os regulamentos de dados.","og_url":"https:\/\/www.ortholite.com\/pt-br\/politica-de-privacidade\/","og_site_name":"Ortholite","article_modified_time":"2025-08-08T15:07:08+00:00","og_image":[{"width":512,"height":512,"url":"https:\/\/www.ortholite.com\/wp-content\/uploads\/2025\/05\/android-chrome-512x512-1.png","type":"image\/png"}],"twitter_card":"summary_large_image","twitter_misc":{"Est. tempo de leitura":"9 minutos"},"schema":{"@context":"https:\/\/schema.org","@graph":[{"@type":"WebPage","@id":"https:\/\/www.ortholite.com\/pt-br\/politica-de-privacidade\/","url":"https:\/\/www.ortholite.com\/pt-br\/politica-de-privacidade\/","name":"Pol\u00edtica de Privacidade da OrthoLite | OrthoLite","isPartOf":{"@id":"https:\/\/www.ortholite.com\/pt-br\/#website"},"primaryImageOfPage":{"@id":"https:\/\/www.ortholite.com\/pt-br\/politica-de-privacidade\/#primaryimage"},"image":{"@id":"https:\/\/www.ortholite.com\/pt-br\/politica-de-privacidade\/#primaryimage"},"thumbnailUrl":"https:\/\/www.ortholite.com\/wp-content\/uploads\/2025\/05\/android-chrome-512x512-1.png","datePublished":"2024-11-26T21:30:18+00:00","dateModified":"2025-08-08T15:07:08+00:00","description":"Consulte nossa pol\u00edtica de privacidade para entender como protegemos e gerenciamos suas informa\u00e7\u00f5es pessoais em conformidade com os regulamentos de dados.","breadcrumb":{"@id":"https:\/\/www.ortholite.com\/pt-br\/politica-de-privacidade\/#breadcrumb"},"inLanguage":"pt-BR","potentialAction":[{"@type":"ReadAction","target":["https:\/\/www.ortholite.com\/pt-br\/politica-de-privacidade\/"]}]},{"@type":"ImageObject","inLanguage":"pt-BR","@id":"https:\/\/www.ortholite.com\/pt-br\/politica-de-privacidade\/#primaryimage","url":"https:\/\/www.ortholite.com\/wp-content\/uploads\/2025\/05\/android-chrome-512x512-1.png","contentUrl":"https:\/\/www.ortholite.com\/wp-content\/uploads\/2025\/05\/android-chrome-512x512-1.png","width":512,"height":512},{"@type":"BreadcrumbList","@id":"https:\/\/www.ortholite.com\/pt-br\/politica-de-privacidade\/#breadcrumb","itemListElement":[{"@type":"ListItem","position":1,"name":"Home","item":"https:\/\/www.ortholite.com\/pt-br\/pagina-inicial\/"},{"@type":"ListItem","position":2,"name":"Pol\u00edtica de privacidade"}]},{"@type":"WebSite","@id":"https:\/\/www.ortholite.com\/pt-br\/#website","url":"https:\/\/www.ortholite.com\/pt-br\/","name":"Ortholite","description":"High Performance Comfort Insoles, Open-Cell Foam Tech","publisher":{"@id":"https:\/\/www.ortholite.com\/pt-br\/#organization"},"potentialAction":[{"@type":"SearchAction","target":{"@type":"EntryPoint","urlTemplate":"https:\/\/www.ortholite.com\/pt-br\/?s={search_term_string}"},"query-input":{"@type":"PropertyValueSpecification","valueRequired":true,"valueName":"search_term_string"}}],"inLanguage":"pt-BR"},{"@type":"Organization","@id":"https:\/\/www.ortholite.com\/pt-br\/#organization","name":"Ortholite","url":"https:\/\/www.ortholite.com\/pt-br\/","logo":{"@type":"ImageObject","inLanguage":"pt-BR","@id":"https:\/\/www.ortholite.com\/pt-br\/#\/schema\/logo\/image\/","url":"https:\/\/www.ortholite.com\/wp-content\/uploads\/2024\/12\/horizontal-logo.svg","contentUrl":"https:\/\/www.ortholite.com\/wp-content\/uploads\/2024\/12\/horizontal-logo.svg","width":201,"height":52,"caption":"Ortholite"},"image":{"@id":"https:\/\/www.ortholite.com\/pt-br\/#\/schema\/logo\/image\/"}}]}},"_links":{"self":[{"href":"https:\/\/www.ortholite.com\/pt-br\/wp-json\/wp\/v2\/pages\/22569","targetHints":{"allow":["GET"]}}],"collection":[{"href":"https:\/\/www.ortholite.com\/pt-br\/wp-json\/wp\/v2\/pages"}],"about":[{"href":"https:\/\/www.ortholite.com\/pt-br\/wp-json\/wp\/v2\/types\/page"}],"author":[{"embeddable":true,"href":"https:\/\/www.ortholite.com\/pt-br\/wp-json\/wp\/v2\/users\/1"}],"replies":[{"embeddable":true,"href":"https:\/\/www.ortholite.com\/pt-br\/wp-json\/wp\/v2\/comments?post=22569"}],"version-history":[{"count":1,"href":"https:\/\/www.ortholite.com\/pt-br\/wp-json\/wp\/v2\/pages\/22569\/revisions"}],"predecessor-version":[{"id":22570,"href":"https:\/\/www.ortholite.com\/pt-br\/wp-json\/wp\/v2\/pages\/22569\/revisions\/22570"}],"wp:featuredmedia":[{"embeddable":true,"href":"https:\/\/www.ortholite.com\/pt-br\/wp-json\/wp\/v2\/media\/22237"}],"wp:attachment":[{"href":"https:\/\/www.ortholite.com\/pt-br\/wp-json\/wp\/v2\/media?parent=22569"}],"curies":[{"name":"wp","href":"https:\/\/api.w.org\/{rel}","templated":true}]}}