{"id":21268,"date":"2025-02-14T19:45:53","date_gmt":"2025-02-14T19:45:53","guid":{"rendered":"https:\/\/www.ortholite.com\/componentes-nao-relacionados-a-calcados\/"},"modified":"2025-12-18T05:31:53","modified_gmt":"2025-12-18T05:31:53","slug":"componentes-nao-relacionados-a-calcados","status":"publish","type":"page","link":"https:\/\/www.ortholite.com\/pt-br\/componentes-nao-relacionados-a-calcados\/","title":{"rendered":"componentes n\u00e3o relacionados a cal\u00e7ados"},"content":{"rendered":"\n<div class=\"wp-block-group alignfull has-background-4-gradient-background has-background is-layout-flow wp-block-group-is-layout-flow\" style=\"padding-right:0;padding-left:0\">\n<div class=\"wp-block-cover is-light\" style=\"padding-right:0;padding-left:0;min-height:38vw;aspect-ratio:unset;\"><img loading=\"lazy\" decoding=\"async\" width=\"2000\" height=\"800\" class=\"wp-block-cover__image-background wp-image-17123\" alt=\"\" src=\"https:\/\/www.ortholite.com\/wp-content\/uploads\/2025\/02\/NonFootwear-Components-Runner-1.png\" data-object-fit=\"cover\" srcset=\"https:\/\/www.ortholite.com\/wp-content\/uploads\/2025\/02\/NonFootwear-Components-Runner-1.png 2000w, https:\/\/www.ortholite.com\/wp-content\/uploads\/2025\/02\/NonFootwear-Components-Runner-1-300x120.png 300w, https:\/\/www.ortholite.com\/wp-content\/uploads\/2025\/02\/NonFootwear-Components-Runner-1-1024x410.png 1024w, https:\/\/www.ortholite.com\/wp-content\/uploads\/2025\/02\/NonFootwear-Components-Runner-1-768x307.png 768w, https:\/\/www.ortholite.com\/wp-content\/uploads\/2025\/02\/NonFootwear-Components-Runner-1-1536x614.png 1536w\" sizes=\"auto, (max-width: 2000px) 100vw, 2000px\" \/><span aria-hidden=\"true\" class=\"wp-block-cover__background has-background-dim-0 has-background-dim has-background-gradient has-background-4-gradient-background\"><\/span><div class=\"wp-block-cover__inner-container is-layout-flow wp-block-cover-is-layout-flow\">\n<div class=\"wp-block-columns are-vertically-aligned-center is-layout-flex wp-container-core-columns-is-layout-d1fb7168 wp-block-columns-is-layout-flex\" style=\"padding-right:0;padding-left:0\">\n<div class=\"wp-block-column is-vertically-aligned-center is-layout-flow wp-block-column-is-layout-flow\" style=\"padding-right:var(--wp--preset--spacing--xs);padding-left:var(--wp--preset--spacing--md);flex-basis:50%\">\n<div class=\"wp-block-group is-layout-constrained wp-container-core-group-is-layout-d7b41ed8 wp-block-group-is-layout-constrained\" style=\"padding-top:var(--wp--preset--spacing--md);padding-right:0;padding-bottom:var(--wp--preset--spacing--md);padding-left:var(--wp--preset--spacing--size-fluid-20-100)\">\n<div class=\"wp-block-group is-layout-constrained wp-container-core-group-is-layout-ef7f83af wp-block-group-is-layout-constrained\">\n<h1 class=\"wp-block-heading has-primary-color has-text-color has-link-color has-h-2-font-size wp-elements-126adeecee0b09bb849b065f0f6c3611\">COMPONENTES N\u00c3O RELACIONADOS A CAL\u00c7ADOS<\/h1>\n<\/div>\n\n\n\n<p class=\"is-style-default has-primary-color has-text-color has-link-color wp-elements-24c62c738a44982119ea76f34c5df9c3\">Qualquer aplica\u00e7\u00e3o em que o equipamento esteja em contato com a pele \u00e9 uma aplica\u00e7\u00e3o perfeita para as espumas OrthoLite. As caracter\u00edsticas de respirabilidade, gerenciamento de umidade, leveza e amortecimento de longo prazo s\u00e3o ideais para equipamentos de prote\u00e7\u00e3o, como caneleiras, joelheiras, ombreiras, luvas etc. Pelos mesmos motivos, a OrthoLite tamb\u00e9m \u00e9 excelente para al\u00e7as de mochila e placas para as costas, estojos de computador, estojos de armas, fones de ouvido e uma infinidade de outras aplica\u00e7\u00f5es.  <\/p>\n<\/div>\n<\/div>\n\n\n\n<div class=\"wp-block-column is-vertically-aligned-center is-layout-flow wp-block-column-is-layout-flow\" style=\"flex-basis:50%\"><\/div>\n<\/div>\n<\/div><\/div>\n<\/div>\n\n\n\n<div class=\"wp-block-group has-tertiary-background-color has-background is-layout-constrained wp-container-core-group-is-layout-37ade560 wp-block-group-is-layout-constrained\" style=\"padding-top:var(--wp--preset--spacing--lg);padding-right:var(--wp--preset--spacing--xs);padding-bottom:var(--wp--preset--spacing--lg);padding-left:var(--wp--preset--spacing--xs)\">\n<div class=\"wp-block-group fade-up is-layout-constrained wp-container-core-group-is-layout-bea02a06 wp-block-group-is-layout-constrained\">\n<h2 class=\"wp-block-heading has-text-align-center\">Benef\u00edcios<\/h2>\n\n\n\n<p class=\"has-text-align-center\">A OrthoLite<sup>\u00ae<\/sup> \u00e9 a principal fabricante e fornecedora de espumas de palmilha OEM para as principais marcas de cal\u00e7ados do mundo. Como uma empresa americana verticalmente integrada, com instala\u00e7\u00f5es em todo o mundo, colaboramos com nossos parceiros de marca para criar e produzir formula\u00e7\u00f5es personalizadas que proporcionam conforto e desempenho inigual\u00e1veis. <\/p>\n\n\n\n<p class=\"has-text-align-center\"><strong>Veja como a inova\u00e7\u00e3o da OrthoLite<sup>\u00ae<\/sup> continua a definir o padr\u00e3o:<\/strong><\/p>\n<\/div>\n\n\n\n<div class=\"wp-block-columns is-style-sticky-columns has-background-1-gradient-background has-background is-layout-flex wp-container-core-columns-is-layout-5c4d418f wp-block-columns-is-layout-flex\" style=\"border-radius:20px;padding-right:var(--wp--preset--spacing--xxs);padding-left:var(--wp--preset--spacing--xxs)\">\n<div class=\"wp-block-column is-layout-flow wp-block-column-is-layout-flow\" style=\"padding-top:var(--wp--preset--spacing--md);padding-bottom:var(--wp--preset--spacing--md);flex-basis:50%\">\n<figure class=\"wp-block-image aligncenter size-full front-image\"><img loading=\"lazy\" decoding=\"async\" width=\"853\" height=\"508\" src=\"https:\/\/www.ortholite.com\/wp-content\/uploads\/2025\/02\/Non-footwear-new.png\" alt=\"\" class=\"wp-image-17116\" style=\"object-fit:cover\" srcset=\"https:\/\/www.ortholite.com\/wp-content\/uploads\/2025\/02\/Non-footwear-new.png 853w, https:\/\/www.ortholite.com\/wp-content\/uploads\/2025\/02\/Non-footwear-new-300x179.png 300w, https:\/\/www.ortholite.com\/wp-content\/uploads\/2025\/02\/Non-footwear-new-768x457.png 768w\" sizes=\"auto, (max-width: 853px) 100vw, 853px\" \/><\/figure>\n<\/div>\n\n\n\n<div class=\"wp-block-column is-vertically-aligned-center is-content-justification-left is-layout-constrained wp-container-core-column-is-layout-9b36aaaa wp-block-column-is-layout-constrained\" style=\"padding-top:var(--wp--preset--spacing--lg);padding-right:var(--wp--preset--spacing--xs);padding-bottom:var(--wp--preset--spacing--lg);padding-left:var(--wp--preset--spacing--xs);flex-basis:50%\">\n<div class=\"wp-block-group fade-up is-content-justification-left is-layout-constrained wp-container-core-group-is-layout-e004278d wp-block-group-is-layout-constrained\" style=\"padding-right:var(--wp--preset--spacing--xs);padding-left:var(--wp--preset--spacing--xs)\">\n<figure class=\"wp-block-image size-large is-resized\"><img loading=\"lazy\" decoding=\"async\" width=\"100\" height=\"100\" src=\"https:\/\/www.ortholite.com\/wp-content\/uploads\/2025\/02\/OLT_Eco-icon_65k.svg\" alt=\"\" class=\"wp-image-16679\" style=\"width:auto;height:80px\"\/><\/figure>\n\n\n\n<h2 class=\"wp-block-heading has-accent-color has-text-color has-link-color has-h-5-font-size wp-elements-0c7e7445600faf93a624fa797fad4356\">Ecologicamente correto<\/h2>\n\n\n\n<p class=\"is-style-default has-primary-color has-text-color has-link-color has-default-paragraph-font-size wp-elements-92fb435527d90ae6cb9f599579f770b3\">Todas as espumas OrthoLite<sup>\u00ae<\/sup> cont\u00eam 5% de borracha reciclada, ajudando a manter centenas de toneladas de res\u00edduos fora dos aterros sanit\u00e1rios a cada ano.<\/p>\n<\/div>\n\n\n\n<div class=\"wp-block-group fade-up is-content-justification-left is-layout-constrained wp-container-core-group-is-layout-e004278d wp-block-group-is-layout-constrained\" style=\"padding-right:var(--wp--preset--spacing--xs);padding-left:var(--wp--preset--spacing--xs)\">\n<figure class=\"wp-block-image size-large is-resized\"><img loading=\"lazy\" decoding=\"async\" width=\"100\" height=\"100\" src=\"https:\/\/www.ortholite.com\/wp-content\/uploads\/2025\/02\/OLT_Cushioning-icon_65K.svg\" alt=\"\" class=\"wp-image-16673\" style=\"width:auto;height:80px\"\/><\/figure>\n\n\n\n<h2 class=\"wp-block-heading has-accent-color has-text-color has-link-color has-h-5-font-size wp-elements-eb0610c5dbfc5819afcdb9e2410726bd\">Amortecimento de longo prazo<\/h2>\n\n\n\n<p class=\"is-style-default has-primary-color has-text-color has-link-color has-default-paragraph-font-size wp-elements-95405b33b551658ca8d71fa1520e5e3b\">Diferentemente das palmilhas tradicionais, o conjunto de compress\u00e3o das palmilhas OrthoLite \u00e9 inferior a 5% ao longo do tempo, de modo que o amortecimento e o ajuste nunca mudam dentro do cal\u00e7ado, proporcionando o m\u00e1ximo de conforto sempre que voc\u00ea cal\u00e7a os sapatos.<\/p>\n<\/div>\n\n\n\n<div class=\"wp-block-group fade-up is-content-justification-left is-layout-constrained wp-container-core-group-is-layout-e004278d wp-block-group-is-layout-constrained\" style=\"padding-right:var(--wp--preset--spacing--xs);padding-left:var(--wp--preset--spacing--xs)\">\n<figure class=\"wp-block-image size-large is-resized\"><img loading=\"lazy\" decoding=\"async\" width=\"100\" height=\"100\" src=\"https:\/\/www.ortholite.com\/wp-content\/uploads\/2025\/02\/OLT_Breathability-icon_65K.svg\" alt=\"\" class=\"wp-image-16661\" style=\"width:auto;height:80px\"\/><\/figure>\n\n\n\n<h2 class=\"wp-block-heading has-accent-color has-text-color has-link-color has-h-5-font-size wp-elements-14b0fcaa48c540dec6665f64ff60058c\">Alto n\u00edvel de respirabilidade<\/h2>\n\n\n\n<p class=\"is-style-default has-primary-color has-text-color has-link-color has-default-paragraph-font-size wp-elements-0810bbf03f5fe30dcd2ddca69afe774f\">A espuma de PU de c\u00e9lula aberta OrthoLite \u00e9 95% a 100% respir\u00e1vel, permitindo que o ar circule dentro e ao redor da palmilha, mantendo o p\u00e9 mais fresco dentro do cal\u00e7ado.<\/p>\n<\/div>\n\n\n\n<div class=\"wp-block-group fade-up is-content-justification-left is-layout-constrained wp-container-core-group-is-layout-e004278d wp-block-group-is-layout-constrained\" style=\"padding-right:var(--wp--preset--spacing--xs);padding-left:var(--wp--preset--spacing--xs)\">\n<figure class=\"wp-block-image size-large is-resized\"><img loading=\"lazy\" decoding=\"async\" width=\"100\" height=\"100\" src=\"https:\/\/www.ortholite.com\/wp-content\/uploads\/2025\/02\/OLT_Washable-icon_65K.svg\" alt=\"\" class=\"wp-image-16649\" style=\"width:auto;height:80px\"\/><\/figure>\n\n\n\n<h2 class=\"wp-block-heading has-accent-color has-text-color has-link-color has-h-5-font-size wp-elements-50378d4109ed6cb9ed6407314e23a0c2\">Lav\u00e1vel<\/h2>\n\n\n\n<p class=\"is-style-default has-primary-color has-text-color has-link-color has-default-paragraph-font-size wp-elements-86f188b408900e1da522b82e77e5d3d7\">As palmilhas OrthoLite podem ser lavadas na m\u00e1quina, ficando sempre como novas e mantendo todos os seus benef\u00edcios de desempenho ap\u00f3s a lavagem.<\/p>\n<\/div>\n\n\n\n<div class=\"wp-block-group fade-up is-content-justification-left is-layout-constrained wp-container-core-group-is-layout-e004278d wp-block-group-is-layout-constrained\" style=\"padding-right:var(--wp--preset--spacing--xs);padding-left:var(--wp--preset--spacing--xs)\">\n<figure class=\"wp-block-image size-large is-resized\"><img loading=\"lazy\" decoding=\"async\" width=\"100\" height=\"100\" src=\"https:\/\/www.ortholite.com\/wp-content\/uploads\/2025\/02\/OLT_Lightweight-icon_65K.svg\" alt=\"\" class=\"wp-image-16655\" style=\"width:auto;height:80px\"\/><\/figure>\n\n\n\n<h2 class=\"wp-block-heading has-accent-color has-text-color has-link-color has-h-5-font-size wp-elements-d4fee73f18175ef54d73e4df22015035\">Leve<\/h2>\n\n\n\n<p class=\"is-style-default has-primary-color has-text-color has-link-color has-default-paragraph-font-size wp-elements-f791354775fcbb86ce135fd79cc9f5a8\">As palmilhas OrthoLite s\u00e3o leves e aprimoram o desempenho dos cal\u00e7ados com um conforto arejado.<\/p>\n<\/div>\n\n\n\n<div class=\"wp-block-group fade-up is-content-justification-left is-layout-constrained wp-container-core-group-is-layout-e004278d wp-block-group-is-layout-constrained\" style=\"padding-right:var(--wp--preset--spacing--xs);padding-left:var(--wp--preset--spacing--xs)\">\n<figure class=\"wp-block-image size-large is-resized\"><img loading=\"lazy\" decoding=\"async\" width=\"100\" height=\"100\" src=\"https:\/\/www.ortholite.com\/wp-content\/uploads\/2025\/02\/OLT_Moisture-Management.svg\" alt=\"\" class=\"wp-image-16667\" style=\"width:auto;height:80px\"\/><\/figure>\n\n\n\n<h2 class=\"wp-block-heading has-accent-color has-text-color has-link-color has-h-5-font-size wp-elements-c6f464b36733904698fc19b125b2509c\">Gerenciamento de umidade<\/h2>\n\n\n\n<p class=\"is-style-default has-primary-color has-text-color has-link-color has-default-paragraph-font-size wp-elements-b3bf96f76e5f32f26af9ba53f0980707\">A estrutura exclusiva de c\u00e9lulas abertas das palmilhas OrthoLite cria um sistema de gerenciamento de umidade, ajudando a afastar a umidade do p\u00e9 para proporcionar um ambiente mais fresco, seco e saud\u00e1vel para o cal\u00e7ado.<\/p>\n<\/div>\n<\/div>\n<\/div>\n<\/div>\n\n\n\n<div class=\"alignfull wp-block-ortholite-theme-cta-block\">\n\t<div class=\"img-left\"><\/div>\n\t<div\n\t\tclass=\"block-wrapper\"\n\t\tdata-width='850px'\n\t\tdata-gap='var:preset|spacing|sm'\n\t>\n\t\t\n\n<div class=\"wp-block-group is-content-justification-center is-layout-constrained wp-container-core-group-is-layout-c607767f wp-block-group-is-layout-constrained\" style=\"padding-top:var(--wp--preset--spacing--xl);padding-right:var(--wp--preset--spacing--md);padding-bottom:var(--wp--preset--spacing--xl);padding-left:var(--wp--preset--spacing--md)\">\n<h2 class=\"wp-block-heading has-text-align-center is-style-default has-secondary-color has-text-color has-link-color wp-elements-953b05a6dc9b8195abf1fa8e7bb46d32\">Conforto e desempenho<\/h2>\n\n\n\n<p class=\"has-text-align-center is-style-default has-secondary-color has-text-color has-link-color has-h-6-font-size wp-elements-f79ecf5774d12aeb0c3d82ab7640f63b\" style=\"font-style:normal;font-weight:500\">IMPULSIONADO PELA INOVA\u00c7\u00c3O<\/p>\n\n\n\n<p class=\"has-text-align-center\">Somos movidos pela inova\u00e7\u00e3o, por um profundo entendimento das necessidades de nossos parceiros de marca, por uma verdadeira colabora\u00e7\u00e3o e pela dedica\u00e7\u00e3o em limitar nosso impacto no planeta &#8211; e isso fica evidente em cada produto que fabricamos. Foi assim que nos tornamos o l\u00edder global e \u00e9 por isso que temos orgulho de fazer parcerias com as melhores marcas do mundo.<\/p>\n\n\n\n<div class=\"wp-block-buttons is-content-justification-center is-layout-flex wp-container-core-buttons-is-layout-a89b3969 wp-block-buttons-is-layout-flex\">\n<div class=\"wp-block-button is-style-outline is-style-outline--1\"><a class=\"wp-block-button__link has-secondary-color has-text-color has-link-color wp-element-button\" href=\"https:\/\/www.ortholite.com\/pt-br\/contato\/\">Entre em contato conosco<\/a><\/div>\n<\/div>\n<\/div>\n\n\t<\/div>\n\t<div class=\"img-right\"><\/div>\n<\/div>\n","protected":false},"excerpt":{"rendered":"<p>Benef\u00edcios A OrthoLite\u00ae \u00e9 a principal fabricante e fornecedora de espumas de palmilha OEM para as principais marcas de cal\u00e7ados do mundo. Como uma empresa americana verticalmente integrada, com instala\u00e7\u00f5es em todo o mundo, colaboramos com nossos parceiros de marca para criar e produzir formula\u00e7\u00f5es personalizadas que proporcionam conforto e desempenho inigual\u00e1veis. Veja como a [&hellip;]<\/p>\n","protected":false},"author":2,"featured_media":17119,"parent":0,"menu_order":0,"comment_status":"closed","ping_status":"closed","template":"","meta":{"_acf_changed":false,"footnotes":""},"class_list":["post-21268","page","type-page","status-publish","has-post-thumbnail","hentry"],"acf":[],"yoast_head":"<!-- This site is optimized with the Yoast SEO plugin v27.2 - https:\/\/yoast.com\/product\/yoast-seo-wordpress\/ -->\n<title>Componentes n\u00e3o relacionados ao cal\u00e7ado | OrthoLite<\/title>\n<meta name=\"description\" content=\"Descubra os componentes vers\u00e1teis da OrthoLite para n\u00e3o cal\u00e7ados, projetados para oferecer qualidade e desempenho em v\u00e1rias aplica\u00e7\u00f5es.\" \/>\n<meta name=\"robots\" content=\"index, follow, max-snippet:-1, max-image-preview:large, max-video-preview:-1\" \/>\n<link rel=\"canonical\" href=\"https:\/\/www.ortholite.com\/pt-br\/componentes-nao-relacionados-a-calcados\/\" \/>\n<meta property=\"og:locale\" content=\"pt_BR\" \/>\n<meta property=\"og:type\" content=\"article\" \/>\n<meta property=\"og:title\" content=\"Componentes n\u00e3o relacionados ao cal\u00e7ado | OrthoLite\" \/>\n<meta property=\"og:description\" content=\"Descubra os componentes vers\u00e1teis da OrthoLite para n\u00e3o cal\u00e7ados, projetados para oferecer qualidade e desempenho em v\u00e1rias aplica\u00e7\u00f5es.\" \/>\n<meta property=\"og:url\" content=\"https:\/\/www.ortholite.com\/pt-br\/componentes-nao-relacionados-a-calcados\/\" \/>\n<meta property=\"og:site_name\" content=\"Ortholite\" \/>\n<meta property=\"article:modified_time\" content=\"2025-12-18T05:31:53+00:00\" \/>\n<meta property=\"og:image\" content=\"https:\/\/www.ortholite.com\/wp-content\/uploads\/2025\/02\/Non-footwear-new.png\" \/>\n\t<meta property=\"og:image:width\" content=\"853\" \/>\n\t<meta property=\"og:image:height\" content=\"508\" \/>\n\t<meta property=\"og:image:type\" content=\"image\/png\" \/>\n<meta name=\"twitter:card\" content=\"summary_large_image\" \/>\n<meta name=\"twitter:label1\" content=\"Est. tempo de leitura\" \/>\n\t<meta name=\"twitter:data1\" content=\"4 minutos\" \/>\n<script type=\"application\/ld+json\" class=\"yoast-schema-graph\">{\"@context\":\"https:\/\/schema.org\",\"@graph\":[{\"@type\":\"WebPage\",\"@id\":\"https:\/\/www.ortholite.com\/pt-br\/componentes-nao-relacionados-a-calcados\/\",\"url\":\"https:\/\/www.ortholite.com\/pt-br\/componentes-nao-relacionados-a-calcados\/\",\"name\":\"Componentes n\u00e3o relacionados ao cal\u00e7ado | OrthoLite\",\"isPartOf\":{\"@id\":\"https:\/\/www.ortholite.com\/pt-br\/#website\"},\"primaryImageOfPage\":{\"@id\":\"https:\/\/www.ortholite.com\/pt-br\/componentes-nao-relacionados-a-calcados\/#primaryimage\"},\"image\":{\"@id\":\"https:\/\/www.ortholite.com\/pt-br\/componentes-nao-relacionados-a-calcados\/#primaryimage\"},\"thumbnailUrl\":\"https:\/\/www.ortholite.com\/wp-content\/uploads\/2025\/02\/Non-footwear-new.png\",\"datePublished\":\"2025-02-14T19:45:53+00:00\",\"dateModified\":\"2025-12-18T05:31:53+00:00\",\"description\":\"Descubra os componentes vers\u00e1teis da OrthoLite para n\u00e3o cal\u00e7ados, projetados para oferecer qualidade e desempenho em v\u00e1rias aplica\u00e7\u00f5es.\",\"breadcrumb\":{\"@id\":\"https:\/\/www.ortholite.com\/pt-br\/componentes-nao-relacionados-a-calcados\/#breadcrumb\"},\"inLanguage\":\"pt-BR\",\"potentialAction\":[{\"@type\":\"ReadAction\",\"target\":[\"https:\/\/www.ortholite.com\/pt-br\/componentes-nao-relacionados-a-calcados\/\"]}]},{\"@type\":\"ImageObject\",\"inLanguage\":\"pt-BR\",\"@id\":\"https:\/\/www.ortholite.com\/pt-br\/componentes-nao-relacionados-a-calcados\/#primaryimage\",\"url\":\"https:\/\/www.ortholite.com\/wp-content\/uploads\/2025\/02\/Non-footwear-new.png\",\"contentUrl\":\"https:\/\/www.ortholite.com\/wp-content\/uploads\/2025\/02\/Non-footwear-new.png\",\"width\":853,\"height\":508},{\"@type\":\"BreadcrumbList\",\"@id\":\"https:\/\/www.ortholite.com\/pt-br\/componentes-nao-relacionados-a-calcados\/#breadcrumb\",\"itemListElement\":[{\"@type\":\"ListItem\",\"position\":1,\"name\":\"Home\",\"item\":\"https:\/\/www.ortholite.com\/pt-br\/pagina-inicial\/\"},{\"@type\":\"ListItem\",\"position\":2,\"name\":\"componentes n\u00e3o relacionados a cal\u00e7ados\"}]},{\"@type\":\"WebSite\",\"@id\":\"https:\/\/www.ortholite.com\/pt-br\/#website\",\"url\":\"https:\/\/www.ortholite.com\/pt-br\/\",\"name\":\"Ortholite\",\"description\":\"High Performance Comfort Insoles, Open-Cell Foam Tech\",\"publisher\":{\"@id\":\"https:\/\/www.ortholite.com\/pt-br\/#organization\"},\"potentialAction\":[{\"@type\":\"SearchAction\",\"target\":{\"@type\":\"EntryPoint\",\"urlTemplate\":\"https:\/\/www.ortholite.com\/pt-br\/?s={search_term_string}\"},\"query-input\":{\"@type\":\"PropertyValueSpecification\",\"valueRequired\":true,\"valueName\":\"search_term_string\"}}],\"inLanguage\":\"pt-BR\"},{\"@type\":\"Organization\",\"@id\":\"https:\/\/www.ortholite.com\/pt-br\/#organization\",\"name\":\"Ortholite\",\"url\":\"https:\/\/www.ortholite.com\/pt-br\/\",\"logo\":{\"@type\":\"ImageObject\",\"inLanguage\":\"pt-BR\",\"@id\":\"https:\/\/www.ortholite.com\/pt-br\/#\/schema\/logo\/image\/\",\"url\":\"https:\/\/www.ortholite.com\/wp-content\/uploads\/2024\/12\/horizontal-logo.svg\",\"contentUrl\":\"https:\/\/www.ortholite.com\/wp-content\/uploads\/2024\/12\/horizontal-logo.svg\",\"width\":201,\"height\":52,\"caption\":\"Ortholite\"},\"image\":{\"@id\":\"https:\/\/www.ortholite.com\/pt-br\/#\/schema\/logo\/image\/\"}}]}<\/script>\n<!-- \/ Yoast SEO plugin. -->","yoast_head_json":{"title":"Componentes n\u00e3o relacionados ao cal\u00e7ado | OrthoLite","description":"Descubra os componentes vers\u00e1teis da OrthoLite para n\u00e3o cal\u00e7ados, projetados para oferecer qualidade e desempenho em v\u00e1rias aplica\u00e7\u00f5es.","robots":{"index":"index","follow":"follow","max-snippet":"max-snippet:-1","max-image-preview":"max-image-preview:large","max-video-preview":"max-video-preview:-1"},"canonical":"https:\/\/www.ortholite.com\/pt-br\/componentes-nao-relacionados-a-calcados\/","og_locale":"pt_BR","og_type":"article","og_title":"Componentes n\u00e3o relacionados ao cal\u00e7ado | OrthoLite","og_description":"Descubra os componentes vers\u00e1teis da OrthoLite para n\u00e3o cal\u00e7ados, projetados para oferecer qualidade e desempenho em v\u00e1rias aplica\u00e7\u00f5es.","og_url":"https:\/\/www.ortholite.com\/pt-br\/componentes-nao-relacionados-a-calcados\/","og_site_name":"Ortholite","article_modified_time":"2025-12-18T05:31:53+00:00","og_image":[{"width":853,"height":508,"url":"https:\/\/www.ortholite.com\/wp-content\/uploads\/2025\/02\/Non-footwear-new.png","type":"image\/png"}],"twitter_card":"summary_large_image","twitter_misc":{"Est. tempo de leitura":"4 minutos"},"schema":{"@context":"https:\/\/schema.org","@graph":[{"@type":"WebPage","@id":"https:\/\/www.ortholite.com\/pt-br\/componentes-nao-relacionados-a-calcados\/","url":"https:\/\/www.ortholite.com\/pt-br\/componentes-nao-relacionados-a-calcados\/","name":"Componentes n\u00e3o relacionados ao cal\u00e7ado | OrthoLite","isPartOf":{"@id":"https:\/\/www.ortholite.com\/pt-br\/#website"},"primaryImageOfPage":{"@id":"https:\/\/www.ortholite.com\/pt-br\/componentes-nao-relacionados-a-calcados\/#primaryimage"},"image":{"@id":"https:\/\/www.ortholite.com\/pt-br\/componentes-nao-relacionados-a-calcados\/#primaryimage"},"thumbnailUrl":"https:\/\/www.ortholite.com\/wp-content\/uploads\/2025\/02\/Non-footwear-new.png","datePublished":"2025-02-14T19:45:53+00:00","dateModified":"2025-12-18T05:31:53+00:00","description":"Descubra os componentes vers\u00e1teis da OrthoLite para n\u00e3o cal\u00e7ados, projetados para oferecer qualidade e desempenho em v\u00e1rias aplica\u00e7\u00f5es.","breadcrumb":{"@id":"https:\/\/www.ortholite.com\/pt-br\/componentes-nao-relacionados-a-calcados\/#breadcrumb"},"inLanguage":"pt-BR","potentialAction":[{"@type":"ReadAction","target":["https:\/\/www.ortholite.com\/pt-br\/componentes-nao-relacionados-a-calcados\/"]}]},{"@type":"ImageObject","inLanguage":"pt-BR","@id":"https:\/\/www.ortholite.com\/pt-br\/componentes-nao-relacionados-a-calcados\/#primaryimage","url":"https:\/\/www.ortholite.com\/wp-content\/uploads\/2025\/02\/Non-footwear-new.png","contentUrl":"https:\/\/www.ortholite.com\/wp-content\/uploads\/2025\/02\/Non-footwear-new.png","width":853,"height":508},{"@type":"BreadcrumbList","@id":"https:\/\/www.ortholite.com\/pt-br\/componentes-nao-relacionados-a-calcados\/#breadcrumb","itemListElement":[{"@type":"ListItem","position":1,"name":"Home","item":"https:\/\/www.ortholite.com\/pt-br\/pagina-inicial\/"},{"@type":"ListItem","position":2,"name":"componentes n\u00e3o relacionados a cal\u00e7ados"}]},{"@type":"WebSite","@id":"https:\/\/www.ortholite.com\/pt-br\/#website","url":"https:\/\/www.ortholite.com\/pt-br\/","name":"Ortholite","description":"High Performance Comfort Insoles, Open-Cell Foam Tech","publisher":{"@id":"https:\/\/www.ortholite.com\/pt-br\/#organization"},"potentialAction":[{"@type":"SearchAction","target":{"@type":"EntryPoint","urlTemplate":"https:\/\/www.ortholite.com\/pt-br\/?s={search_term_string}"},"query-input":{"@type":"PropertyValueSpecification","valueRequired":true,"valueName":"search_term_string"}}],"inLanguage":"pt-BR"},{"@type":"Organization","@id":"https:\/\/www.ortholite.com\/pt-br\/#organization","name":"Ortholite","url":"https:\/\/www.ortholite.com\/pt-br\/","logo":{"@type":"ImageObject","inLanguage":"pt-BR","@id":"https:\/\/www.ortholite.com\/pt-br\/#\/schema\/logo\/image\/","url":"https:\/\/www.ortholite.com\/wp-content\/uploads\/2024\/12\/horizontal-logo.svg","contentUrl":"https:\/\/www.ortholite.com\/wp-content\/uploads\/2024\/12\/horizontal-logo.svg","width":201,"height":52,"caption":"Ortholite"},"image":{"@id":"https:\/\/www.ortholite.com\/pt-br\/#\/schema\/logo\/image\/"}}]}},"_links":{"self":[{"href":"https:\/\/www.ortholite.com\/pt-br\/wp-json\/wp\/v2\/pages\/21268","targetHints":{"allow":["GET"]}}],"collection":[{"href":"https:\/\/www.ortholite.com\/pt-br\/wp-json\/wp\/v2\/pages"}],"about":[{"href":"https:\/\/www.ortholite.com\/pt-br\/wp-json\/wp\/v2\/types\/page"}],"author":[{"embeddable":true,"href":"https:\/\/www.ortholite.com\/pt-br\/wp-json\/wp\/v2\/users\/2"}],"replies":[{"embeddable":true,"href":"https:\/\/www.ortholite.com\/pt-br\/wp-json\/wp\/v2\/comments?post=21268"}],"version-history":[{"count":3,"href":"https:\/\/www.ortholite.com\/pt-br\/wp-json\/wp\/v2\/pages\/21268\/revisions"}],"predecessor-version":[{"id":23353,"href":"https:\/\/www.ortholite.com\/pt-br\/wp-json\/wp\/v2\/pages\/21268\/revisions\/23353"}],"wp:featuredmedia":[{"embeddable":true,"href":"https:\/\/www.ortholite.com\/pt-br\/wp-json\/wp\/v2\/media\/17119"}],"wp:attachment":[{"href":"https:\/\/www.ortholite.com\/pt-br\/wp-json\/wp\/v2\/media?parent=21268"}],"curies":[{"name":"wp","href":"https:\/\/api.w.org\/{rel}","templated":true}]}}