{"id":21244,"date":"2025-01-23T18:50:17","date_gmt":"2025-01-23T18:50:17","guid":{"rendered":"https:\/\/www.ortholite.com\/politica-de-cookies\/"},"modified":"2025-08-08T15:06:05","modified_gmt":"2025-08-08T15:06:05","slug":"politica-de-cookies","status":"publish","type":"page","link":"https:\/\/www.ortholite.com\/pt-br\/politica-de-cookies\/","title":{"rendered":"Pol\u00edtica de cookies"},"content":{"rendered":"\n<div class=\"wp-block-group is-layout-constrained wp-container-core-group-is-layout-de662d45 wp-block-group-is-layout-constrained\" style=\"padding-top:var(--wp--preset--spacing--lg);padding-right:var(--wp--preset--spacing--xs);padding-bottom:var(--wp--preset--spacing--lg);padding-left:var(--wp--preset--spacing--xs)\">\n<div class=\"wp-block-group is-layout-constrained wp-block-group-is-layout-constrained\">\n<h1 class=\"wp-block-heading has-h-2-font-size\">POL\u00cdTICA DE COOKIES DA ORTHOLITE<\/h1>\n\n\n\n<p>A ORTHOLITE usa cookies. Cookies s\u00e3o arquivos de texto que s\u00e3o colocados em seu computador pelos sites que voc\u00ea visita. Eles s\u00e3o usados para o funcionamento necess\u00e1rio do site, bem como para fornecer informa\u00e7\u00f5es comerciais e de marketing aos propriet\u00e1rios do site.  <\/p>\n<\/div>\n\n\n\n<div class=\"wp-block-group is-layout-constrained wp-block-group-is-layout-constrained\">\n<h2 class=\"wp-block-heading has-h-4-font-size\">Tipos de cookies que usamos:<\/h2>\n\n\n\n<p>Os cookies definidos pela ORTHOLITE s\u00e3o chamados de &#8220;cookies prim\u00e1rios&#8221;. Os cookies definidos por terceiros s\u00e3o chamados de &#8220;cookies de terceiros&#8221;. Este site usa cookies &#8220;persistentes&#8221; e cookies de &#8220;sess\u00e3o&#8221;: um cookie persistente ser\u00e1 armazenado por um navegador da Web e permanecer\u00e1 v\u00e1lido at\u00e9 a expira\u00e7\u00e3o de 2 anos, a menos que seja exclu\u00eddo pelo usu\u00e1rio antes da data de expira\u00e7\u00e3o; um cookie de sess\u00e3o expirar\u00e1 no final da sess\u00e3o do usu\u00e1rio quando o navegador da Web for fechado.  <\/p>\n<\/div>\n\n\n\n<div class=\"wp-block-group is-layout-constrained wp-block-group-is-layout-constrained\">\n<h2 class=\"wp-block-heading has-h-4-font-size\">Os dados que eles rastreiam:<\/h2>\n\n\n\n<p>Os cookies s\u00e3o usados para coletar estat\u00edsticas sobre como os visitantes usam nosso site. Usamos cookies para rastrear o uso do nosso site e entender as prefer\u00eancias do usu\u00e1rio (como pa\u00eds e idioma). Isso nos permite prestar servi\u00e7os aos nossos clientes e aprimorar sua experi\u00eancia on-line. Tamb\u00e9m usamos cookies para obter informa\u00e7\u00f5es gerais sobre o tr\u00e1fego do site, para identificar tend\u00eancias e obter estat\u00edsticas, e para aprimorar nosso site.   <\/p>\n<\/div>\n\n\n\n<div class=\"wp-block-group is-layout-constrained wp-block-group-is-layout-constrained\">\n<h2 class=\"wp-block-heading has-h-4-font-size\">Finalidade dos cookies que usamos:<\/h2>\n\n\n\n<p>Ao acessar nosso site, voc\u00ea pode ser solicitado a compartilhar algumas informa\u00e7\u00f5es b\u00e1sicas sobre si mesmo, que podem incluir seu nome, nome de usu\u00e1rio, cidade, local e\/ou perfil. As informa\u00e7\u00f5es compartilhadas publicamente por voc\u00ea podem ser usadas pela ORTHOLITE para fins promocionais. <\/p>\n<\/div>\n\n\n\n<div class=\"wp-block-group is-layout-constrained wp-block-group-is-layout-constrained\">\n<h2 class=\"wp-block-heading has-h-4-font-size\">Com quem os dados s\u00e3o compartilhados:<\/h2>\n\n\n\n<p>Os dados coletados dos cookies podem ser usados por ag\u00eancias de publicidade terceirizadas para personalizar melhor a experi\u00eancia de marketing e monitorar o tr\u00e1fego do site.<\/p>\n\n\n\n<p>Usamos empresas terceirizadas, inclusive o Google Analytics, para medir e direcionar an\u00fancios em nosso nome para personalizar nossos produtos e servi\u00e7os. Permitimos que empresas terceirizadas usem cookies para coletar informa\u00e7\u00f5es sobre sua intera\u00e7\u00e3o em nosso site. <\/p>\n<\/div>\n\n\n\n<div class=\"wp-block-group is-layout-constrained wp-block-group-is-layout-constrained\">\n<h2 class=\"wp-block-heading has-h-4-font-size\">Gerenciar cookies:<\/h2>\n\n\n\n<p>Voc\u00ea pode gerenciar os cookies ativando a configura\u00e7\u00e3o no seu navegador da Internet que permite recusar a configura\u00e7\u00e3o de todos ou de alguns cookies.<\/p>\n\n\n\n<p>Se quiser compartilhar seus coment\u00e1rios, d\u00favidas ou preocupa\u00e7\u00f5es, voc\u00ea pode entrar em contato conosco pelo <a href=\"mailto:info@ortholite.com\">e-mail info@ortholite.com<\/a><\/p>\n<\/div>\n\n\n\n<div class=\"wp-block-group is-layout-constrained wp-block-group-is-layout-constrained\">\n<h2 class=\"wp-block-heading has-h-4-font-size\">Altera\u00e7\u00f5es a esta pol\u00edtica de cookies:<\/h2>\n\n\n\n<p>N\u00f3s nos reservamos o direito de alterar a forma como usamos e colocamos os cookies. Por isso, recomendamos que voc\u00ea consulte esta p\u00e1gina periodicamente para revisar nossa pol\u00edtica de cookies atual. <\/p>\n<\/div>\n<\/div>\n","protected":false},"excerpt":{"rendered":"<p>POL\u00cdTICA DE COOKIES DA ORTHOLITE A ORTHOLITE usa cookies. Cookies s\u00e3o arquivos de texto que s\u00e3o colocados em seu computador pelos sites que voc\u00ea visita. Eles s\u00e3o usados para o funcionamento necess\u00e1rio do site, bem como para fornecer informa\u00e7\u00f5es comerciais e de marketing aos propriet\u00e1rios do site. Tipos de cookies que usamos: Os cookies definidos [&hellip;]<\/p>\n","protected":false},"author":1,"featured_media":22237,"parent":0,"menu_order":0,"comment_status":"closed","ping_status":"closed","template":"","meta":{"_acf_changed":false,"footnotes":""},"class_list":["post-21244","page","type-page","status-publish","has-post-thumbnail","hentry"],"acf":[],"yoast_head":"<!-- This site is optimized with the Yoast SEO plugin v27.3 - https:\/\/yoast.com\/product\/yoast-seo-wordpress\/ -->\n<title>Pol\u00edtica de Cookies | OrthoLite<\/title>\n<meta name=\"description\" content=\"Entenda como a OrthoLite usa cookies para melhorar sua experi\u00eancia no site e, ao mesmo tempo, manter sua privacidade protegida.\" \/>\n<meta name=\"robots\" content=\"index, follow, max-snippet:-1, max-image-preview:large, max-video-preview:-1\" \/>\n<link rel=\"canonical\" href=\"https:\/\/www.ortholite.com\/pt-br\/politica-de-cookies\/\" \/>\n<meta property=\"og:locale\" content=\"pt_BR\" \/>\n<meta property=\"og:type\" content=\"article\" \/>\n<meta property=\"og:title\" content=\"Pol\u00edtica de Cookies | OrthoLite\" \/>\n<meta property=\"og:description\" content=\"Entenda como a OrthoLite usa cookies para melhorar sua experi\u00eancia no site e, ao mesmo tempo, manter sua privacidade protegida.\" \/>\n<meta property=\"og:url\" content=\"https:\/\/www.ortholite.com\/pt-br\/politica-de-cookies\/\" \/>\n<meta property=\"og:site_name\" content=\"Ortholite\" \/>\n<meta property=\"article:modified_time\" content=\"2025-08-08T15:06:05+00:00\" \/>\n<meta property=\"og:image\" content=\"https:\/\/www.ortholite.com\/wp-content\/uploads\/2025\/05\/android-chrome-512x512-1.png\" \/>\n\t<meta property=\"og:image:width\" content=\"512\" \/>\n\t<meta property=\"og:image:height\" content=\"512\" \/>\n\t<meta property=\"og:image:type\" content=\"image\/png\" \/>\n<meta name=\"twitter:card\" content=\"summary_large_image\" \/>\n<meta name=\"twitter:label1\" content=\"Est. tempo de leitura\" \/>\n\t<meta name=\"twitter:data1\" content=\"2 minutos\" \/>\n<script type=\"application\/ld+json\" class=\"yoast-schema-graph\">{\"@context\":\"https:\\\/\\\/schema.org\",\"@graph\":[{\"@type\":\"WebPage\",\"@id\":\"https:\\\/\\\/www.ortholite.com\\\/pt-br\\\/politica-de-cookies\\\/\",\"url\":\"https:\\\/\\\/www.ortholite.com\\\/pt-br\\\/politica-de-cookies\\\/\",\"name\":\"Pol\u00edtica de Cookies | OrthoLite\",\"isPartOf\":{\"@id\":\"https:\\\/\\\/www.ortholite.com\\\/pt-br\\\/#website\"},\"primaryImageOfPage\":{\"@id\":\"https:\\\/\\\/www.ortholite.com\\\/pt-br\\\/politica-de-cookies\\\/#primaryimage\"},\"image\":{\"@id\":\"https:\\\/\\\/www.ortholite.com\\\/pt-br\\\/politica-de-cookies\\\/#primaryimage\"},\"thumbnailUrl\":\"https:\\\/\\\/www.ortholite.com\\\/wp-content\\\/uploads\\\/2025\\\/05\\\/android-chrome-512x512-1.png\",\"datePublished\":\"2025-01-23T18:50:17+00:00\",\"dateModified\":\"2025-08-08T15:06:05+00:00\",\"description\":\"Entenda como a OrthoLite usa cookies para melhorar sua experi\u00eancia no site e, ao mesmo tempo, manter sua privacidade protegida.\",\"breadcrumb\":{\"@id\":\"https:\\\/\\\/www.ortholite.com\\\/pt-br\\\/politica-de-cookies\\\/#breadcrumb\"},\"inLanguage\":\"pt-BR\",\"potentialAction\":[{\"@type\":\"ReadAction\",\"target\":[\"https:\\\/\\\/www.ortholite.com\\\/pt-br\\\/politica-de-cookies\\\/\"]}]},{\"@type\":\"ImageObject\",\"inLanguage\":\"pt-BR\",\"@id\":\"https:\\\/\\\/www.ortholite.com\\\/pt-br\\\/politica-de-cookies\\\/#primaryimage\",\"url\":\"https:\\\/\\\/www.ortholite.com\\\/wp-content\\\/uploads\\\/2025\\\/05\\\/android-chrome-512x512-1.png\",\"contentUrl\":\"https:\\\/\\\/www.ortholite.com\\\/wp-content\\\/uploads\\\/2025\\\/05\\\/android-chrome-512x512-1.png\",\"width\":512,\"height\":512},{\"@type\":\"BreadcrumbList\",\"@id\":\"https:\\\/\\\/www.ortholite.com\\\/pt-br\\\/politica-de-cookies\\\/#breadcrumb\",\"itemListElement\":[{\"@type\":\"ListItem\",\"position\":1,\"name\":\"Home\",\"item\":\"https:\\\/\\\/www.ortholite.com\\\/pt-br\\\/pagina-inicial\\\/\"},{\"@type\":\"ListItem\",\"position\":2,\"name\":\"Pol\u00edtica de cookies\"}]},{\"@type\":\"WebSite\",\"@id\":\"https:\\\/\\\/www.ortholite.com\\\/pt-br\\\/#website\",\"url\":\"https:\\\/\\\/www.ortholite.com\\\/pt-br\\\/\",\"name\":\"Ortholite\",\"description\":\"High Performance Comfort Insoles, Open-Cell Foam Tech\",\"publisher\":{\"@id\":\"https:\\\/\\\/www.ortholite.com\\\/pt-br\\\/#organization\"},\"potentialAction\":[{\"@type\":\"SearchAction\",\"target\":{\"@type\":\"EntryPoint\",\"urlTemplate\":\"https:\\\/\\\/www.ortholite.com\\\/pt-br\\\/?s={search_term_string}\"},\"query-input\":{\"@type\":\"PropertyValueSpecification\",\"valueRequired\":true,\"valueName\":\"search_term_string\"}}],\"inLanguage\":\"pt-BR\"},{\"@type\":\"Organization\",\"@id\":\"https:\\\/\\\/www.ortholite.com\\\/pt-br\\\/#organization\",\"name\":\"Ortholite\",\"url\":\"https:\\\/\\\/www.ortholite.com\\\/pt-br\\\/\",\"logo\":{\"@type\":\"ImageObject\",\"inLanguage\":\"pt-BR\",\"@id\":\"https:\\\/\\\/www.ortholite.com\\\/pt-br\\\/#\\\/schema\\\/logo\\\/image\\\/\",\"url\":\"https:\\\/\\\/www.ortholite.com\\\/wp-content\\\/uploads\\\/2024\\\/12\\\/horizontal-logo.svg\",\"contentUrl\":\"https:\\\/\\\/www.ortholite.com\\\/wp-content\\\/uploads\\\/2024\\\/12\\\/horizontal-logo.svg\",\"width\":201,\"height\":52,\"caption\":\"Ortholite\"},\"image\":{\"@id\":\"https:\\\/\\\/www.ortholite.com\\\/pt-br\\\/#\\\/schema\\\/logo\\\/image\\\/\"}}]}<\/script>\n<!-- \/ Yoast SEO plugin. -->","yoast_head_json":{"title":"Pol\u00edtica de Cookies | OrthoLite","description":"Entenda como a OrthoLite usa cookies para melhorar sua experi\u00eancia no site e, ao mesmo tempo, manter sua privacidade protegida.","robots":{"index":"index","follow":"follow","max-snippet":"max-snippet:-1","max-image-preview":"max-image-preview:large","max-video-preview":"max-video-preview:-1"},"canonical":"https:\/\/www.ortholite.com\/pt-br\/politica-de-cookies\/","og_locale":"pt_BR","og_type":"article","og_title":"Pol\u00edtica de Cookies | OrthoLite","og_description":"Entenda como a OrthoLite usa cookies para melhorar sua experi\u00eancia no site e, ao mesmo tempo, manter sua privacidade protegida.","og_url":"https:\/\/www.ortholite.com\/pt-br\/politica-de-cookies\/","og_site_name":"Ortholite","article_modified_time":"2025-08-08T15:06:05+00:00","og_image":[{"width":512,"height":512,"url":"https:\/\/www.ortholite.com\/wp-content\/uploads\/2025\/05\/android-chrome-512x512-1.png","type":"image\/png"}],"twitter_card":"summary_large_image","twitter_misc":{"Est. tempo de leitura":"2 minutos"},"schema":{"@context":"https:\/\/schema.org","@graph":[{"@type":"WebPage","@id":"https:\/\/www.ortholite.com\/pt-br\/politica-de-cookies\/","url":"https:\/\/www.ortholite.com\/pt-br\/politica-de-cookies\/","name":"Pol\u00edtica de Cookies | OrthoLite","isPartOf":{"@id":"https:\/\/www.ortholite.com\/pt-br\/#website"},"primaryImageOfPage":{"@id":"https:\/\/www.ortholite.com\/pt-br\/politica-de-cookies\/#primaryimage"},"image":{"@id":"https:\/\/www.ortholite.com\/pt-br\/politica-de-cookies\/#primaryimage"},"thumbnailUrl":"https:\/\/www.ortholite.com\/wp-content\/uploads\/2025\/05\/android-chrome-512x512-1.png","datePublished":"2025-01-23T18:50:17+00:00","dateModified":"2025-08-08T15:06:05+00:00","description":"Entenda como a OrthoLite usa cookies para melhorar sua experi\u00eancia no site e, ao mesmo tempo, manter sua privacidade protegida.","breadcrumb":{"@id":"https:\/\/www.ortholite.com\/pt-br\/politica-de-cookies\/#breadcrumb"},"inLanguage":"pt-BR","potentialAction":[{"@type":"ReadAction","target":["https:\/\/www.ortholite.com\/pt-br\/politica-de-cookies\/"]}]},{"@type":"ImageObject","inLanguage":"pt-BR","@id":"https:\/\/www.ortholite.com\/pt-br\/politica-de-cookies\/#primaryimage","url":"https:\/\/www.ortholite.com\/wp-content\/uploads\/2025\/05\/android-chrome-512x512-1.png","contentUrl":"https:\/\/www.ortholite.com\/wp-content\/uploads\/2025\/05\/android-chrome-512x512-1.png","width":512,"height":512},{"@type":"BreadcrumbList","@id":"https:\/\/www.ortholite.com\/pt-br\/politica-de-cookies\/#breadcrumb","itemListElement":[{"@type":"ListItem","position":1,"name":"Home","item":"https:\/\/www.ortholite.com\/pt-br\/pagina-inicial\/"},{"@type":"ListItem","position":2,"name":"Pol\u00edtica de cookies"}]},{"@type":"WebSite","@id":"https:\/\/www.ortholite.com\/pt-br\/#website","url":"https:\/\/www.ortholite.com\/pt-br\/","name":"Ortholite","description":"High Performance Comfort Insoles, Open-Cell Foam Tech","publisher":{"@id":"https:\/\/www.ortholite.com\/pt-br\/#organization"},"potentialAction":[{"@type":"SearchAction","target":{"@type":"EntryPoint","urlTemplate":"https:\/\/www.ortholite.com\/pt-br\/?s={search_term_string}"},"query-input":{"@type":"PropertyValueSpecification","valueRequired":true,"valueName":"search_term_string"}}],"inLanguage":"pt-BR"},{"@type":"Organization","@id":"https:\/\/www.ortholite.com\/pt-br\/#organization","name":"Ortholite","url":"https:\/\/www.ortholite.com\/pt-br\/","logo":{"@type":"ImageObject","inLanguage":"pt-BR","@id":"https:\/\/www.ortholite.com\/pt-br\/#\/schema\/logo\/image\/","url":"https:\/\/www.ortholite.com\/wp-content\/uploads\/2024\/12\/horizontal-logo.svg","contentUrl":"https:\/\/www.ortholite.com\/wp-content\/uploads\/2024\/12\/horizontal-logo.svg","width":201,"height":52,"caption":"Ortholite"},"image":{"@id":"https:\/\/www.ortholite.com\/pt-br\/#\/schema\/logo\/image\/"}}]}},"_links":{"self":[{"href":"https:\/\/www.ortholite.com\/pt-br\/wp-json\/wp\/v2\/pages\/21244","targetHints":{"allow":["GET"]}}],"collection":[{"href":"https:\/\/www.ortholite.com\/pt-br\/wp-json\/wp\/v2\/pages"}],"about":[{"href":"https:\/\/www.ortholite.com\/pt-br\/wp-json\/wp\/v2\/types\/page"}],"author":[{"embeddable":true,"href":"https:\/\/www.ortholite.com\/pt-br\/wp-json\/wp\/v2\/users\/1"}],"replies":[{"embeddable":true,"href":"https:\/\/www.ortholite.com\/pt-br\/wp-json\/wp\/v2\/comments?post=21244"}],"version-history":[{"count":1,"href":"https:\/\/www.ortholite.com\/pt-br\/wp-json\/wp\/v2\/pages\/21244\/revisions"}],"predecessor-version":[{"id":21245,"href":"https:\/\/www.ortholite.com\/pt-br\/wp-json\/wp\/v2\/pages\/21244\/revisions\/21245"}],"wp:featuredmedia":[{"embeddable":true,"href":"https:\/\/www.ortholite.com\/pt-br\/wp-json\/wp\/v2\/media\/22237"}],"wp:attachment":[{"href":"https:\/\/www.ortholite.com\/pt-br\/wp-json\/wp\/v2\/media?parent=21244"}],"curies":[{"name":"wp","href":"https:\/\/api.w.org\/{rel}","templated":true}]}}