{"id":21323,"date":"2025-02-14T20:23:33","date_gmt":"2025-02-14T20:23:33","guid":{"rendered":"https:\/\/www.ortholite.com\/strobel\/"},"modified":"2025-12-18T06:10:49","modified_gmt":"2025-12-18T06:10:49","slug":"strobel","status":"publish","type":"page","link":"https:\/\/www.ortholite.com\/fr\/strobel\/","title":{"rendered":"strobel"},"content":{"rendered":"\n<div class=\"wp-block-group alignfull has-background-6-gradient-background has-background is-layout-flow wp-block-group-is-layout-flow\" style=\"padding-right:0;padding-left:0\">\n<div class=\"wp-block-columns are-vertically-aligned-center is-layout-flex wp-container-core-columns-is-layout-d1fb7168 wp-block-columns-is-layout-flex\" style=\"padding-right:0;padding-left:0\">\n<div class=\"wp-block-column is-vertically-aligned-center is-layout-flow wp-block-column-is-layout-flow\" style=\"padding-right:var(--wp--preset--spacing--xs);padding-left:var(--wp--preset--spacing--md);flex-basis:50%\">\n<div class=\"wp-block-group is-layout-constrained wp-container-core-group-is-layout-d7b41ed8 wp-block-group-is-layout-constrained\" style=\"padding-top:var(--wp--preset--spacing--md);padding-right:0;padding-bottom:var(--wp--preset--spacing--md);padding-left:var(--wp--preset--spacing--size-fluid-20-100)\">\n<div class=\"wp-block-group is-layout-constrained wp-container-core-group-is-layout-ef7f83af wp-block-group-is-layout-constrained\">\n<h1 class=\"wp-block-heading has-primary-color has-text-color has-link-color has-h-2-font-size wp-elements-75588d8d5e03af1ebbbe71597af94d77\">ORTHOLITE STROBEL<\/h1>\n<\/div>\n\n\n\n<div class=\"wp-block-group is-layout-constrained wp-block-group-is-layout-constrained\">\n<p class=\"is-style-default has-primary-color has-text-color has-link-color wp-elements-98f69c91c66c9c832c725c1bd6276b4b\">Pour maximiser l&rsquo;amorti et apporter des caract\u00e9ristiques plus fra\u00eeches, plus s\u00e8ches et plus saines \u00e0 l&rsquo;int\u00e9rieur de la chaussure, combinez OrthoLite<sup>\u00ae<\/sup> avec un tissu non extensible \u00e0 la place des mat\u00e9riaux strobel traditionnels.<\/p>\n\n\n\n<p>Pour les mod\u00e8les \u00e0 profil bas, comme les chaussures de course pieds nus, \u00e9liminez compl\u00e8tement la semelle int\u00e9rieure et utilisez le strobile OrthoLite<sup>\u00ae<\/sup> pour une fine couche d&rsquo;amorti et de gestion de l&rsquo;humidit\u00e9.<\/p>\n\n\n\n<p class=\"is-style-default has-primary-color has-text-color has-link-color wp-elements-fe4bef4502d4e48cea63931f1298f69e\">Nos mousses de densit\u00e9 .11 ou .13 sont id\u00e9ales pour cette application &#8211; et l&rsquo;avantage d&rsquo;un rebond \u00e9lev\u00e9 peut \u00eatre ajout\u00e9 avec la formulation OrthoLite<sup>\u00ae<\/sup> X40\u2122.<\/p>\n<\/div>\n<\/div>\n<\/div>\n\n\n\n<div class=\"wp-block-column is-vertically-aligned-center is-layout-flow wp-block-column-is-layout-flow\" style=\"flex-basis:50%\">\n<figure class=\"wp-block-image aligncenter size-full is-resized\"><img loading=\"lazy\" decoding=\"async\" width=\"662\" height=\"598\" src=\"https:\/\/www.ortholite.com\/wp-content\/uploads\/2025\/02\/strobel-image-fr-site.resave.png\" alt=\"\" class=\"wp-image-17151\" style=\"width:450px\" srcset=\"https:\/\/www.ortholite.com\/wp-content\/uploads\/2025\/02\/strobel-image-fr-site.resave.png 662w, https:\/\/www.ortholite.com\/wp-content\/uploads\/2025\/02\/strobel-image-fr-site.resave-300x271.png 300w\" sizes=\"auto, (max-width: 662px) 100vw, 662px\" \/><\/figure>\n<\/div>\n<\/div>\n<\/div>\n\n\n\n<div class=\"wp-block-group has-tertiary-background-color has-background is-layout-constrained wp-container-core-group-is-layout-37ade560 wp-block-group-is-layout-constrained\" style=\"padding-top:var(--wp--preset--spacing--lg);padding-right:var(--wp--preset--spacing--xs);padding-bottom:var(--wp--preset--spacing--lg);padding-left:var(--wp--preset--spacing--xs)\">\n<div class=\"wp-block-group fade-up is-layout-constrained wp-container-core-group-is-layout-bea02a06 wp-block-group-is-layout-constrained\">\n<h2 class=\"wp-block-heading has-text-align-center\">Avantages<\/h2>\n\n\n\n<p class=\"has-text-align-center\">OrthoLite<sup>\u00ae<\/sup> est le premier fabricant et fournisseur de mousses de semelles OEM pour les plus grandes marques de chaussures au monde. En tant qu&rsquo;entreprise am\u00e9ricaine int\u00e9gr\u00e9e verticalement et disposant d&rsquo;installations dans le monde entier, nous collaborons avec nos marques partenaires pour cr\u00e9er et produire des formulations personnalis\u00e9es qui offrent un confort et des performances in\u00e9gal\u00e9s. <\/p>\n\n\n\n<p class=\"has-text-align-center\"><strong>Voici comment l&rsquo;innovation d&rsquo;OrthoLite<sup>\u00ae<\/sup> continue d&rsquo;\u00e9tablir la norme :<\/strong><\/p>\n<\/div>\n\n\n\n<div class=\"wp-block-columns is-style-sticky-columns has-background-1-gradient-background has-background is-layout-flex wp-container-core-columns-is-layout-5c4d418f wp-block-columns-is-layout-flex\" style=\"border-radius:20px;padding-right:var(--wp--preset--spacing--xxs);padding-left:var(--wp--preset--spacing--xxs)\">\n<div class=\"wp-block-column is-layout-flow wp-block-column-is-layout-flow\" style=\"padding-top:var(--wp--preset--spacing--md);padding-bottom:var(--wp--preset--spacing--md);flex-basis:50%\">\n<figure class=\"wp-block-image aligncenter size-full front-image\"><img loading=\"lazy\" decoding=\"async\" width=\"662\" height=\"598\" src=\"https:\/\/www.ortholite.com\/wp-content\/uploads\/2025\/02\/strobel-image-fr-site.resave.png\" alt=\"\" class=\"wp-image-17151\" style=\"object-fit:cover\" srcset=\"https:\/\/www.ortholite.com\/wp-content\/uploads\/2025\/02\/strobel-image-fr-site.resave.png 662w, https:\/\/www.ortholite.com\/wp-content\/uploads\/2025\/02\/strobel-image-fr-site.resave-300x271.png 300w\" sizes=\"auto, (max-width: 662px) 100vw, 662px\" \/><\/figure>\n<\/div>\n\n\n\n<div class=\"wp-block-column is-vertically-aligned-center is-content-justification-left is-layout-constrained wp-container-core-column-is-layout-9b36aaaa wp-block-column-is-layout-constrained\" style=\"padding-top:var(--wp--preset--spacing--lg);padding-right:var(--wp--preset--spacing--xs);padding-bottom:var(--wp--preset--spacing--lg);padding-left:var(--wp--preset--spacing--xs);flex-basis:50%\">\n<div class=\"wp-block-group fade-up is-content-justification-left is-layout-constrained wp-container-core-group-is-layout-e004278d wp-block-group-is-layout-constrained\" style=\"padding-right:var(--wp--preset--spacing--xs);padding-left:var(--wp--preset--spacing--xs)\">\n<figure class=\"wp-block-image size-large is-resized\"><img loading=\"lazy\" decoding=\"async\" width=\"100\" height=\"100\" src=\"https:\/\/www.ortholite.com\/wp-content\/uploads\/2025\/02\/OLT_Eco-icon_65k.svg\" alt=\"\" class=\"wp-image-16679\" style=\"width:auto;height:80px\"\/><\/figure>\n\n\n\n<h2 class=\"wp-block-heading has-accent-color has-text-color has-link-color has-h-5-font-size wp-elements-7c7661986834b2ad19abe9df9b822bd8\">Respect de l&rsquo;environnement<\/h2>\n\n\n\n<p class=\"is-style-default has-primary-color has-text-color has-link-color has-default-paragraph-font-size wp-elements-247640222b6da1559e48c91842205e01\">Toutes les mousses OrthoLite<sup>\u00ae<\/sup> contiennent 5 % de caoutchouc recycl\u00e9, ce qui permet d&rsquo;\u00e9viter que des centaines de tonnes de d\u00e9chets ne se retrouvent dans les d\u00e9charges chaque ann\u00e9e.<\/p>\n<\/div>\n\n\n\n<div class=\"wp-block-group fade-up is-content-justification-left is-layout-constrained wp-container-core-group-is-layout-e004278d wp-block-group-is-layout-constrained\" style=\"padding-right:var(--wp--preset--spacing--xs);padding-left:var(--wp--preset--spacing--xs)\">\n<figure class=\"wp-block-image size-large is-resized\"><img loading=\"lazy\" decoding=\"async\" width=\"100\" height=\"100\" src=\"https:\/\/www.ortholite.com\/wp-content\/uploads\/2025\/02\/OLT_Cushioning-icon_65K.svg\" alt=\"\" class=\"wp-image-16673\" style=\"width:auto;height:80px\"\/><\/figure>\n\n\n\n<h2 class=\"wp-block-heading has-accent-color has-text-color has-link-color has-h-5-font-size wp-elements-27583cbaa6387c478c3dd98ff3aae3af\">Amortissement \u00e0 long terme<\/h2>\n\n\n\n<p class=\"is-style-default has-primary-color has-text-color has-link-color has-default-paragraph-font-size wp-elements-37785a7cc386e334a15684851ff9f3fe\">Contrairement aux semelles traditionnelles, la compression des semelles OrthoLite est inf\u00e9rieure \u00e0 5 % au fil du temps, de sorte que l&rsquo;amortissement et l&rsquo;ajustement ne changent jamais \u00e0 l&rsquo;int\u00e9rieur de la chaussure, offrant ainsi un confort maximal \u00e0 chaque fois que vous mettez vos chaussures.<\/p>\n<\/div>\n\n\n\n<div class=\"wp-block-group fade-up is-content-justification-left is-layout-constrained wp-container-core-group-is-layout-e004278d wp-block-group-is-layout-constrained\" style=\"padding-right:var(--wp--preset--spacing--xs);padding-left:var(--wp--preset--spacing--xs)\">\n<figure class=\"wp-block-image size-large is-resized\"><img loading=\"lazy\" decoding=\"async\" width=\"100\" height=\"100\" src=\"https:\/\/www.ortholite.com\/wp-content\/uploads\/2025\/02\/OLT_Breathability-icon_65K.svg\" alt=\"\" class=\"wp-image-16661\" style=\"width:auto;height:80px\"\/><\/figure>\n\n\n\n<h2 class=\"wp-block-heading has-accent-color has-text-color has-link-color has-h-5-font-size wp-elements-0ba9ed0fa60f31b93695c7e721058f4d\">Haute respirabilit\u00e9<\/h2>\n\n\n\n<p class=\"is-style-default has-primary-color has-text-color has-link-color has-default-paragraph-font-size wp-elements-b120b83f977779639ee1fc0c17a78963\">La mousse PU \u00e0 cellules ouvertes OrthoLite est respirante \u00e0 95 % ou 100 %, ce qui permet \u00e0 l&rsquo;air de circuler \u00e0 l&rsquo;int\u00e9rieur et autour de la semelle int\u00e9rieure et de garder le pied au frais \u00e0 l&rsquo;int\u00e9rieur de la chaussure.<\/p>\n<\/div>\n\n\n\n<div class=\"wp-block-group fade-up is-content-justification-left is-layout-constrained wp-container-core-group-is-layout-e004278d wp-block-group-is-layout-constrained\" style=\"padding-right:var(--wp--preset--spacing--xs);padding-left:var(--wp--preset--spacing--xs)\">\n<figure class=\"wp-block-image size-large is-resized\"><img loading=\"lazy\" decoding=\"async\" width=\"100\" height=\"100\" src=\"https:\/\/www.ortholite.com\/wp-content\/uploads\/2025\/02\/OLT_Washable-icon_65K.svg\" alt=\"\" class=\"wp-image-16649\" style=\"width:auto;height:80px\"\/><\/figure>\n\n\n\n<h2 class=\"wp-block-heading has-accent-color has-text-color has-link-color has-h-5-font-size wp-elements-e87ee88eac5f77b2bfbc2553dc72218e\">Lavable<\/h2>\n\n\n\n<p class=\"is-style-default has-primary-color has-text-color has-link-color has-default-paragraph-font-size wp-elements-824dc65475948f11de5485546055c0be\">Les semelles OrthoLite sont lavables en machine, elles ressortent comme neuves \u00e0 chaque fois et conservent tous leurs avantages apr\u00e8s le lavage.<\/p>\n<\/div>\n\n\n\n<div class=\"wp-block-group fade-up is-content-justification-left is-layout-constrained wp-container-core-group-is-layout-e004278d wp-block-group-is-layout-constrained\" style=\"padding-right:var(--wp--preset--spacing--xs);padding-left:var(--wp--preset--spacing--xs)\">\n<figure class=\"wp-block-image size-large is-resized\"><img loading=\"lazy\" decoding=\"async\" width=\"100\" height=\"100\" src=\"https:\/\/www.ortholite.com\/wp-content\/uploads\/2025\/02\/OLT_Lightweight-icon_65K.svg\" alt=\"\" class=\"wp-image-16655\" style=\"width:auto;height:80px\"\/><\/figure>\n\n\n\n<h2 class=\"wp-block-heading has-accent-color has-text-color has-link-color has-h-5-font-size wp-elements-57f62aa91a0f1ec4c9518798034fc853\">L\u00e9ger<\/h2>\n\n\n\n<p class=\"is-style-default has-primary-color has-text-color has-link-color has-default-paragraph-font-size wp-elements-016d31356604e36e6338028834656bd0\">Les semelles OrthoLite sont l\u00e9g\u00e8res et am\u00e9liorent les performances des chaussures gr\u00e2ce \u00e0 un confort a\u00e9r\u00e9.<\/p>\n<\/div>\n\n\n\n<div class=\"wp-block-group fade-up is-content-justification-left is-layout-constrained wp-container-core-group-is-layout-e004278d wp-block-group-is-layout-constrained\" style=\"padding-right:var(--wp--preset--spacing--xs);padding-left:var(--wp--preset--spacing--xs)\">\n<figure class=\"wp-block-image size-large is-resized\"><img loading=\"lazy\" decoding=\"async\" width=\"100\" height=\"100\" src=\"https:\/\/www.ortholite.com\/wp-content\/uploads\/2025\/02\/OLT_Moisture-Management.svg\" alt=\"\" class=\"wp-image-16667\" style=\"width:auto;height:80px\"\/><\/figure>\n\n\n\n<h2 class=\"wp-block-heading has-accent-color has-text-color has-link-color has-h-5-font-size wp-elements-fe79d8bf979e59a7795c627836705893\">Gestion de l&rsquo;humidit\u00e9<\/h2>\n\n\n\n<p class=\"is-style-default has-primary-color has-text-color has-link-color has-default-paragraph-font-size wp-elements-c3dcb5ca8bc759f53e67a038191e2bec\">La structure unique \u00e0 cellules ouvertes des semelles OrthoLite cr\u00e9e un syst\u00e8me de gestion de l&rsquo;humidit\u00e9, aidant \u00e0 \u00e9vacuer l&rsquo;humidit\u00e9 du pied pour offrir un environnement plus frais, plus sec et plus sain \u00e0 la chaussure.<\/p>\n<\/div>\n<\/div>\n<\/div>\n<\/div>\n\n\n\n<div class=\"alignfull wp-block-ortholite-theme-cta-block\">\n\t<div class=\"img-left\"><\/div>\n\t<div\n\t\tclass=\"block-wrapper\"\n\t\tdata-width='850px'\n\t\tdata-gap='var:preset|spacing|sm'\n\t>\n\t\t\n\n<div class=\"wp-block-group is-content-justification-center is-layout-constrained wp-container-core-group-is-layout-c607767f wp-block-group-is-layout-constrained\" style=\"padding-top:var(--wp--preset--spacing--xl);padding-right:var(--wp--preset--spacing--md);padding-bottom:var(--wp--preset--spacing--xl);padding-left:var(--wp--preset--spacing--md)\">\n<h2 class=\"wp-block-heading has-text-align-center is-style-default has-secondary-color has-text-color has-link-color wp-elements-cd0a721468af0ce36df51001f0a104eb\">Confort et performance<\/h2>\n\n\n\n<p class=\"has-text-align-center is-style-default has-secondary-color has-text-color has-link-color has-h-6-font-size wp-elements-baaaa1a4a910f9ea2784058ff8a5e6b1\" style=\"font-style:normal;font-weight:500\">L&rsquo;INNOVATION AU C\u0152UR DE L&rsquo;ACTION<\/p>\n\n\n\n<p class=\"has-text-align-center\">Nous nous appuyons sur l&rsquo;innovation, une compr\u00e9hension approfondie des besoins de nos marques partenaires, une v\u00e9ritable collaboration et une volont\u00e9 de limiter notre impact sur la plan\u00e8te &#8211; et cela se voit dans chaque produit que nous fabriquons. C&rsquo;est ainsi que nous sommes devenus le leader mondial et que nous sommes fiers de nous associer aux meilleures marques du monde.<\/p>\n\n\n\n<div class=\"wp-block-buttons is-content-justification-center is-layout-flex wp-container-core-buttons-is-layout-a89b3969 wp-block-buttons-is-layout-flex\">\n<div class=\"wp-block-button is-style-outline is-style-outline--1\"><a class=\"wp-block-button__link has-secondary-color has-text-color has-link-color wp-element-button\" href=\"https:\/\/www.ortholite.com\/fr\/contact\/\">contactez-nous<\/a><\/div>\n<\/div>\n<\/div>\n\n\t<\/div>\n\t<div class=\"img-right\"><\/div>\n<\/div>\n","protected":false},"excerpt":{"rendered":"<p>ORTHOLITE STROBEL Pour maximiser l&rsquo;amorti et apporter des caract\u00e9ristiques plus fra\u00eeches, plus s\u00e8ches et plus saines \u00e0 l&rsquo;int\u00e9rieur de la chaussure, combinez OrthoLite\u00ae avec un tissu non extensible \u00e0 la place des mat\u00e9riaux strobel traditionnels. Pour les mod\u00e8les \u00e0 profil bas, comme les chaussures de course pieds nus, \u00e9liminez compl\u00e8tement la semelle int\u00e9rieure et utilisez [&hellip;]<\/p>\n","protected":false},"author":2,"featured_media":17153,"parent":0,"menu_order":0,"comment_status":"closed","ping_status":"closed","template":"","meta":{"_acf_changed":false,"footnotes":""},"class_list":["post-21323","page","type-page","status-publish","has-post-thumbnail","hentry"],"acf":[],"yoast_head":"<!-- This site is optimized with the Yoast SEO plugin v27.3 - https:\/\/yoast.com\/product\/yoast-seo-wordpress\/ -->\n<title>OrthoLite Strobel Technology | OrthoLite<\/title>\n<meta name=\"description\" content=\"D\u00e9couvrez les avantages de la technologie OrthoLite Strobel, con\u00e7ue pour am\u00e9liorer la flexibilit\u00e9 et le confort des chaussures.\" \/>\n<meta name=\"robots\" content=\"index, follow, max-snippet:-1, max-image-preview:large, max-video-preview:-1\" \/>\n<link rel=\"canonical\" href=\"https:\/\/www.ortholite.com\/fr\/strobel\/\" \/>\n<meta property=\"og:locale\" content=\"fr_FR\" \/>\n<meta property=\"og:type\" content=\"article\" \/>\n<meta property=\"og:title\" content=\"OrthoLite Strobel Technology | OrthoLite\" \/>\n<meta property=\"og:description\" content=\"D\u00e9couvrez les avantages de la technologie OrthoLite Strobel, con\u00e7ue pour am\u00e9liorer la flexibilit\u00e9 et le confort des chaussures.\" \/>\n<meta property=\"og:url\" content=\"https:\/\/www.ortholite.com\/fr\/strobel\/\" \/>\n<meta property=\"og:site_name\" content=\"Ortholite\" \/>\n<meta property=\"article:modified_time\" content=\"2025-12-18T06:10:49+00:00\" \/>\n<meta property=\"og:image\" content=\"https:\/\/www.ortholite.com\/wp-content\/uploads\/2025\/02\/strobel-image-fr-site.resave.png\" \/>\n\t<meta property=\"og:image:width\" content=\"662\" \/>\n\t<meta property=\"og:image:height\" content=\"598\" \/>\n\t<meta property=\"og:image:type\" content=\"image\/png\" \/>\n<meta name=\"twitter:card\" content=\"summary_large_image\" \/>\n<meta name=\"twitter:label1\" content=\"Dur\u00e9e de lecture estim\u00e9e\" \/>\n\t<meta name=\"twitter:data1\" content=\"4 minutes\" \/>\n<script type=\"application\/ld+json\" class=\"yoast-schema-graph\">{\"@context\":\"https:\\\/\\\/schema.org\",\"@graph\":[{\"@type\":\"WebPage\",\"@id\":\"https:\\\/\\\/www.ortholite.com\\\/fr\\\/strobel\\\/\",\"url\":\"https:\\\/\\\/www.ortholite.com\\\/fr\\\/strobel\\\/\",\"name\":\"OrthoLite Strobel Technology | OrthoLite\",\"isPartOf\":{\"@id\":\"https:\\\/\\\/www.ortholite.com\\\/fr\\\/#website\"},\"primaryImageOfPage\":{\"@id\":\"https:\\\/\\\/www.ortholite.com\\\/fr\\\/strobel\\\/#primaryimage\"},\"image\":{\"@id\":\"https:\\\/\\\/www.ortholite.com\\\/fr\\\/strobel\\\/#primaryimage\"},\"thumbnailUrl\":\"https:\\\/\\\/www.ortholite.com\\\/wp-content\\\/uploads\\\/2025\\\/02\\\/strobel-image-fr-site.resave.png\",\"datePublished\":\"2025-02-14T20:23:33+00:00\",\"dateModified\":\"2025-12-18T06:10:49+00:00\",\"description\":\"D\u00e9couvrez les avantages de la technologie OrthoLite Strobel, con\u00e7ue pour am\u00e9liorer la flexibilit\u00e9 et le confort des chaussures.\",\"breadcrumb\":{\"@id\":\"https:\\\/\\\/www.ortholite.com\\\/fr\\\/strobel\\\/#breadcrumb\"},\"inLanguage\":\"fr-FR\",\"potentialAction\":[{\"@type\":\"ReadAction\",\"target\":[\"https:\\\/\\\/www.ortholite.com\\\/fr\\\/strobel\\\/\"]}]},{\"@type\":\"ImageObject\",\"inLanguage\":\"fr-FR\",\"@id\":\"https:\\\/\\\/www.ortholite.com\\\/fr\\\/strobel\\\/#primaryimage\",\"url\":\"https:\\\/\\\/www.ortholite.com\\\/wp-content\\\/uploads\\\/2025\\\/02\\\/strobel-image-fr-site.resave.png\",\"contentUrl\":\"https:\\\/\\\/www.ortholite.com\\\/wp-content\\\/uploads\\\/2025\\\/02\\\/strobel-image-fr-site.resave.png\",\"width\":662,\"height\":598},{\"@type\":\"BreadcrumbList\",\"@id\":\"https:\\\/\\\/www.ortholite.com\\\/fr\\\/strobel\\\/#breadcrumb\",\"itemListElement\":[{\"@type\":\"ListItem\",\"position\":1,\"name\":\"Home\",\"item\":\"https:\\\/\\\/www.ortholite.com\\\/fr\\\/premiere-page\\\/\"},{\"@type\":\"ListItem\",\"position\":2,\"name\":\"strobel\"}]},{\"@type\":\"WebSite\",\"@id\":\"https:\\\/\\\/www.ortholite.com\\\/fr\\\/#website\",\"url\":\"https:\\\/\\\/www.ortholite.com\\\/fr\\\/\",\"name\":\"Ortholite\",\"description\":\"High Performance Comfort Insoles, Open-Cell Foam Tech\",\"publisher\":{\"@id\":\"https:\\\/\\\/www.ortholite.com\\\/fr\\\/#organization\"},\"potentialAction\":[{\"@type\":\"SearchAction\",\"target\":{\"@type\":\"EntryPoint\",\"urlTemplate\":\"https:\\\/\\\/www.ortholite.com\\\/fr\\\/?s={search_term_string}\"},\"query-input\":{\"@type\":\"PropertyValueSpecification\",\"valueRequired\":true,\"valueName\":\"search_term_string\"}}],\"inLanguage\":\"fr-FR\"},{\"@type\":\"Organization\",\"@id\":\"https:\\\/\\\/www.ortholite.com\\\/fr\\\/#organization\",\"name\":\"Ortholite\",\"url\":\"https:\\\/\\\/www.ortholite.com\\\/fr\\\/\",\"logo\":{\"@type\":\"ImageObject\",\"inLanguage\":\"fr-FR\",\"@id\":\"https:\\\/\\\/www.ortholite.com\\\/fr\\\/#\\\/schema\\\/logo\\\/image\\\/\",\"url\":\"https:\\\/\\\/www.ortholite.com\\\/wp-content\\\/uploads\\\/2024\\\/12\\\/horizontal-logo.svg\",\"contentUrl\":\"https:\\\/\\\/www.ortholite.com\\\/wp-content\\\/uploads\\\/2024\\\/12\\\/horizontal-logo.svg\",\"width\":201,\"height\":52,\"caption\":\"Ortholite\"},\"image\":{\"@id\":\"https:\\\/\\\/www.ortholite.com\\\/fr\\\/#\\\/schema\\\/logo\\\/image\\\/\"}}]}<\/script>\n<!-- \/ Yoast SEO plugin. -->","yoast_head_json":{"title":"OrthoLite Strobel Technology | OrthoLite","description":"D\u00e9couvrez les avantages de la technologie OrthoLite Strobel, con\u00e7ue pour am\u00e9liorer la flexibilit\u00e9 et le confort des chaussures.","robots":{"index":"index","follow":"follow","max-snippet":"max-snippet:-1","max-image-preview":"max-image-preview:large","max-video-preview":"max-video-preview:-1"},"canonical":"https:\/\/www.ortholite.com\/fr\/strobel\/","og_locale":"fr_FR","og_type":"article","og_title":"OrthoLite Strobel Technology | OrthoLite","og_description":"D\u00e9couvrez les avantages de la technologie OrthoLite Strobel, con\u00e7ue pour am\u00e9liorer la flexibilit\u00e9 et le confort des chaussures.","og_url":"https:\/\/www.ortholite.com\/fr\/strobel\/","og_site_name":"Ortholite","article_modified_time":"2025-12-18T06:10:49+00:00","og_image":[{"width":662,"height":598,"url":"https:\/\/www.ortholite.com\/wp-content\/uploads\/2025\/02\/strobel-image-fr-site.resave.png","type":"image\/png"}],"twitter_card":"summary_large_image","twitter_misc":{"Dur\u00e9e de lecture estim\u00e9e":"4 minutes"},"schema":{"@context":"https:\/\/schema.org","@graph":[{"@type":"WebPage","@id":"https:\/\/www.ortholite.com\/fr\/strobel\/","url":"https:\/\/www.ortholite.com\/fr\/strobel\/","name":"OrthoLite Strobel Technology | OrthoLite","isPartOf":{"@id":"https:\/\/www.ortholite.com\/fr\/#website"},"primaryImageOfPage":{"@id":"https:\/\/www.ortholite.com\/fr\/strobel\/#primaryimage"},"image":{"@id":"https:\/\/www.ortholite.com\/fr\/strobel\/#primaryimage"},"thumbnailUrl":"https:\/\/www.ortholite.com\/wp-content\/uploads\/2025\/02\/strobel-image-fr-site.resave.png","datePublished":"2025-02-14T20:23:33+00:00","dateModified":"2025-12-18T06:10:49+00:00","description":"D\u00e9couvrez les avantages de la technologie OrthoLite Strobel, con\u00e7ue pour am\u00e9liorer la flexibilit\u00e9 et le confort des chaussures.","breadcrumb":{"@id":"https:\/\/www.ortholite.com\/fr\/strobel\/#breadcrumb"},"inLanguage":"fr-FR","potentialAction":[{"@type":"ReadAction","target":["https:\/\/www.ortholite.com\/fr\/strobel\/"]}]},{"@type":"ImageObject","inLanguage":"fr-FR","@id":"https:\/\/www.ortholite.com\/fr\/strobel\/#primaryimage","url":"https:\/\/www.ortholite.com\/wp-content\/uploads\/2025\/02\/strobel-image-fr-site.resave.png","contentUrl":"https:\/\/www.ortholite.com\/wp-content\/uploads\/2025\/02\/strobel-image-fr-site.resave.png","width":662,"height":598},{"@type":"BreadcrumbList","@id":"https:\/\/www.ortholite.com\/fr\/strobel\/#breadcrumb","itemListElement":[{"@type":"ListItem","position":1,"name":"Home","item":"https:\/\/www.ortholite.com\/fr\/premiere-page\/"},{"@type":"ListItem","position":2,"name":"strobel"}]},{"@type":"WebSite","@id":"https:\/\/www.ortholite.com\/fr\/#website","url":"https:\/\/www.ortholite.com\/fr\/","name":"Ortholite","description":"High Performance Comfort Insoles, Open-Cell Foam Tech","publisher":{"@id":"https:\/\/www.ortholite.com\/fr\/#organization"},"potentialAction":[{"@type":"SearchAction","target":{"@type":"EntryPoint","urlTemplate":"https:\/\/www.ortholite.com\/fr\/?s={search_term_string}"},"query-input":{"@type":"PropertyValueSpecification","valueRequired":true,"valueName":"search_term_string"}}],"inLanguage":"fr-FR"},{"@type":"Organization","@id":"https:\/\/www.ortholite.com\/fr\/#organization","name":"Ortholite","url":"https:\/\/www.ortholite.com\/fr\/","logo":{"@type":"ImageObject","inLanguage":"fr-FR","@id":"https:\/\/www.ortholite.com\/fr\/#\/schema\/logo\/image\/","url":"https:\/\/www.ortholite.com\/wp-content\/uploads\/2024\/12\/horizontal-logo.svg","contentUrl":"https:\/\/www.ortholite.com\/wp-content\/uploads\/2024\/12\/horizontal-logo.svg","width":201,"height":52,"caption":"Ortholite"},"image":{"@id":"https:\/\/www.ortholite.com\/fr\/#\/schema\/logo\/image\/"}}]}},"_links":{"self":[{"href":"https:\/\/www.ortholite.com\/fr\/wp-json\/wp\/v2\/pages\/21323","targetHints":{"allow":["GET"]}}],"collection":[{"href":"https:\/\/www.ortholite.com\/fr\/wp-json\/wp\/v2\/pages"}],"about":[{"href":"https:\/\/www.ortholite.com\/fr\/wp-json\/wp\/v2\/types\/page"}],"author":[{"embeddable":true,"href":"https:\/\/www.ortholite.com\/fr\/wp-json\/wp\/v2\/users\/2"}],"replies":[{"embeddable":true,"href":"https:\/\/www.ortholite.com\/fr\/wp-json\/wp\/v2\/comments?post=21323"}],"version-history":[{"count":3,"href":"https:\/\/www.ortholite.com\/fr\/wp-json\/wp\/v2\/pages\/21323\/revisions"}],"predecessor-version":[{"id":23375,"href":"https:\/\/www.ortholite.com\/fr\/wp-json\/wp\/v2\/pages\/21323\/revisions\/23375"}],"wp:featuredmedia":[{"embeddable":true,"href":"https:\/\/www.ortholite.com\/fr\/wp-json\/wp\/v2\/media\/17153"}],"wp:attachment":[{"href":"https:\/\/www.ortholite.com\/fr\/wp-json\/wp\/v2\/media?parent=21323"}],"curies":[{"name":"wp","href":"https:\/\/api.w.org\/{rel}","templated":true}]}}