{"id":21242,"date":"2025-01-23T18:50:17","date_gmt":"2025-01-23T18:50:17","guid":{"rendered":"https:\/\/www.ortholite.com\/politique-en-matiere-de-cookies\/"},"modified":"2025-08-08T15:06:05","modified_gmt":"2025-08-08T15:06:05","slug":"politique-en-matiere-de-cookies","status":"publish","type":"page","link":"https:\/\/www.ortholite.com\/fr\/politique-en-matiere-de-cookies\/","title":{"rendered":"Politique en mati\u00e8re de cookies"},"content":{"rendered":"\n<div class=\"wp-block-group is-layout-constrained wp-container-core-group-is-layout-de662d45 wp-block-group-is-layout-constrained\" style=\"padding-top:var(--wp--preset--spacing--lg);padding-right:var(--wp--preset--spacing--xs);padding-bottom:var(--wp--preset--spacing--lg);padding-left:var(--wp--preset--spacing--xs)\">\n<div class=\"wp-block-group is-layout-constrained wp-block-group-is-layout-constrained\">\n<h1 class=\"wp-block-heading has-h-2-font-size\">POLITIQUE EN MATI\u00c8RE DE COOKIES D&rsquo;ORTHOLITE<\/h1>\n\n\n\n<p>ORTHOLITE utilise des cookies. Les cookies sont des fichiers texte plac\u00e9s sur votre ordinateur par les sites web que vous visitez. Ils sont utilis\u00e9s pour assurer le bon fonctionnement du site web, ainsi que pour fournir des informations commerciales et marketing aux propri\u00e9taires du site.  <\/p>\n<\/div>\n\n\n\n<div class=\"wp-block-group is-layout-constrained wp-block-group-is-layout-constrained\">\n<h2 class=\"wp-block-heading has-h-4-font-size\">Type de cookies que nous utilisons :<\/h2>\n\n\n\n<p>Les cookies mis en place par ORTHOLITE sont appel\u00e9s \u00ab\u00a0cookies de premi\u00e8re partie\u00a0\u00bb. Les cookies mis en place par des tiers sont appel\u00e9s \u00ab\u00a0cookies de tierce partie\u00a0\u00bb. Ce site utilise \u00e0 la fois des cookies \u00ab\u00a0persistants\u00a0\u00bb et des cookies \u00ab\u00a0de session\u00a0\u00bb : un cookie persistant sera stock\u00e9 par un navigateur web et restera valide jusqu&rsquo;\u00e0 l&rsquo;expiration de 2 ans, \u00e0 moins qu&rsquo;il ne soit supprim\u00e9 par l&rsquo;utilisateur avant la date d&rsquo;expiration ; un cookie de session expirera \u00e0 la fin de la session de l&rsquo;utilisateur lorsque le navigateur web sera ferm\u00e9.  <\/p>\n<\/div>\n\n\n\n<div class=\"wp-block-group is-layout-constrained wp-block-group-is-layout-constrained\">\n<h2 class=\"wp-block-heading has-h-4-font-size\">Les donn\u00e9es qu&rsquo;ils suivent :<\/h2>\n\n\n\n<p>Les cookies sont utilis\u00e9s pour recueillir des statistiques sur la fa\u00e7on dont les visiteurs utilisent notre site web. Nous utilisons des cookies pour suivre l&rsquo;utilisation de notre site et pour comprendre les pr\u00e9f\u00e9rences des utilisateurs (comme le pays et la langue). Cela nous permet de fournir des services \u00e0 nos clients et d&rsquo;am\u00e9liorer leur exp\u00e9rience en ligne. Nous utilisons \u00e9galement des cookies pour obtenir des informations g\u00e9n\u00e9rales sur le trafic du site afin d&rsquo;identifier les tendances, d&rsquo;obtenir des statistiques et d&rsquo;am\u00e9liorer notre site.   <\/p>\n<\/div>\n\n\n\n<div class=\"wp-block-group is-layout-constrained wp-block-group-is-layout-constrained\">\n<h2 class=\"wp-block-heading has-h-4-font-size\">Objectif des cookies que nous utilisons :<\/h2>\n\n\n\n<p>Lorsque vous acc\u00e9dez \u00e0 notre site web, il peut vous \u00eatre demand\u00e9 de partager certaines informations de base vous concernant, notamment votre nom, votre nom d&rsquo;utilisateur, votre ville, votre localisation et\/ou votre profil. Les informations que vous partagez publiquement peuvent \u00eatre utilis\u00e9es par ORTHOLITE \u00e0 des fins promotionnelles. <\/p>\n<\/div>\n\n\n\n<div class=\"wp-block-group is-layout-constrained wp-block-group-is-layout-constrained\">\n<h2 class=\"wp-block-heading has-h-4-font-size\">Avec qui les donn\u00e9es sont partag\u00e9es :<\/h2>\n\n\n\n<p>Les donn\u00e9es recueillies par les cookies peuvent \u00eatre utilis\u00e9es par des agences de publicit\u00e9 tierces pour mieux personnaliser l&rsquo;exp\u00e9rience marketing et surveiller le trafic sur le site.<\/p>\n\n\n\n<p>Nous faisons appel \u00e0 des soci\u00e9t\u00e9s tierces, dont Google Analytics, pour mesurer et cibler les annonces en notre nom afin d&rsquo;adapter nos produits et services. Nous autorisons des soci\u00e9t\u00e9s tierces \u00e0 utiliser des cookies pour collecter des informations sur votre interaction avec notre site web. <\/p>\n<\/div>\n\n\n\n<div class=\"wp-block-group is-layout-constrained wp-block-group-is-layout-constrained\">\n<h2 class=\"wp-block-heading has-h-4-font-size\">Gestion des cookies :<\/h2>\n\n\n\n<p>Vous pouvez g\u00e9rer les cookies en activant le param\u00e8tre de votre navigateur Internet qui vous permet de refuser l&rsquo;installation de tous les cookies ou de certains d&rsquo;entre eux.<\/p>\n\n\n\n<p>Si vous souhaitez nous faire part de vos commentaires, questions ou pr\u00e9occupations, vous pouvez nous contacter \u00e0 l&rsquo;adresse suivante <a href=\"mailto:info@ortholite.com\">: info@ortholite.com<\/a><\/p>\n<\/div>\n\n\n\n<div class=\"wp-block-group is-layout-constrained wp-block-group-is-layout-constrained\">\n<h2 class=\"wp-block-heading has-h-4-font-size\">Modifications de la pr\u00e9sente politique en mati\u00e8re de cookies :<\/h2>\n\n\n\n<p>Nous nous r\u00e9servons le droit de modifier la mani\u00e8re dont nous utilisons et pla\u00e7ons les cookies. Par cons\u00e9quent, nous vous recommandons de consulter r\u00e9guli\u00e8rement cette page pour prendre connaissance de notre politique actuelle en mati\u00e8re de cookies. <\/p>\n<\/div>\n<\/div>\n","protected":false},"excerpt":{"rendered":"<p>POLITIQUE EN MATI\u00c8RE DE COOKIES D&rsquo;ORTHOLITE ORTHOLITE utilise des cookies. Les cookies sont des fichiers texte plac\u00e9s sur votre ordinateur par les sites web que vous visitez. Ils sont utilis\u00e9s pour assurer le bon fonctionnement du site web, ainsi que pour fournir des informations commerciales et marketing aux propri\u00e9taires du site. Type de cookies que [&hellip;]<\/p>\n","protected":false},"author":1,"featured_media":22236,"parent":0,"menu_order":0,"comment_status":"closed","ping_status":"closed","template":"","meta":{"_acf_changed":false,"footnotes":""},"class_list":["post-21242","page","type-page","status-publish","has-post-thumbnail","hentry"],"acf":[],"yoast_head":"<!-- This site is optimized with the Yoast SEO plugin v27.2 - https:\/\/yoast.com\/product\/yoast-seo-wordpress\/ -->\n<title>Politique en mati\u00e8re de cookies - OrthoLite<\/title>\n<meta name=\"description\" content=\"Comprenez comment OrthoLite utilise les cookies pour am\u00e9liorer votre exp\u00e9rience sur le site Web tout en prot\u00e9geant votre vie priv\u00e9e.\" \/>\n<meta name=\"robots\" content=\"index, follow, max-snippet:-1, max-image-preview:large, max-video-preview:-1\" \/>\n<link rel=\"canonical\" href=\"https:\/\/www.ortholite.com\/fr\/politique-en-matiere-de-cookies\/\" \/>\n<meta property=\"og:locale\" content=\"fr_FR\" \/>\n<meta property=\"og:type\" content=\"article\" \/>\n<meta property=\"og:title\" content=\"Politique en mati\u00e8re de cookies - OrthoLite\" \/>\n<meta property=\"og:description\" content=\"Comprenez comment OrthoLite utilise les cookies pour am\u00e9liorer votre exp\u00e9rience sur le site Web tout en prot\u00e9geant votre vie priv\u00e9e.\" \/>\n<meta property=\"og:url\" content=\"https:\/\/www.ortholite.com\/fr\/politique-en-matiere-de-cookies\/\" \/>\n<meta property=\"og:site_name\" content=\"Ortholite\" \/>\n<meta property=\"article:modified_time\" content=\"2025-08-08T15:06:05+00:00\" \/>\n<meta property=\"og:image\" content=\"https:\/\/www.ortholite.com\/wp-content\/uploads\/2025\/05\/android-chrome-512x512-1.png\" \/>\n\t<meta property=\"og:image:width\" content=\"512\" \/>\n\t<meta property=\"og:image:height\" content=\"512\" \/>\n\t<meta property=\"og:image:type\" content=\"image\/png\" \/>\n<meta name=\"twitter:card\" content=\"summary_large_image\" \/>\n<meta name=\"twitter:label1\" content=\"Dur\u00e9e de lecture estim\u00e9e\" \/>\n\t<meta name=\"twitter:data1\" content=\"2 minutes\" \/>\n<script type=\"application\/ld+json\" class=\"yoast-schema-graph\">{\"@context\":\"https:\/\/schema.org\",\"@graph\":[{\"@type\":\"WebPage\",\"@id\":\"https:\/\/www.ortholite.com\/fr\/politique-en-matiere-de-cookies\/\",\"url\":\"https:\/\/www.ortholite.com\/fr\/politique-en-matiere-de-cookies\/\",\"name\":\"Politique en mati\u00e8re de cookies - OrthoLite\",\"isPartOf\":{\"@id\":\"https:\/\/www.ortholite.com\/fr\/#website\"},\"primaryImageOfPage\":{\"@id\":\"https:\/\/www.ortholite.com\/fr\/politique-en-matiere-de-cookies\/#primaryimage\"},\"image\":{\"@id\":\"https:\/\/www.ortholite.com\/fr\/politique-en-matiere-de-cookies\/#primaryimage\"},\"thumbnailUrl\":\"https:\/\/www.ortholite.com\/wp-content\/uploads\/2025\/05\/android-chrome-512x512-1.png\",\"datePublished\":\"2025-01-23T18:50:17+00:00\",\"dateModified\":\"2025-08-08T15:06:05+00:00\",\"description\":\"Comprenez comment OrthoLite utilise les cookies pour am\u00e9liorer votre exp\u00e9rience sur le site Web tout en prot\u00e9geant votre vie priv\u00e9e.\",\"breadcrumb\":{\"@id\":\"https:\/\/www.ortholite.com\/fr\/politique-en-matiere-de-cookies\/#breadcrumb\"},\"inLanguage\":\"fr-FR\",\"potentialAction\":[{\"@type\":\"ReadAction\",\"target\":[\"https:\/\/www.ortholite.com\/fr\/politique-en-matiere-de-cookies\/\"]}]},{\"@type\":\"ImageObject\",\"inLanguage\":\"fr-FR\",\"@id\":\"https:\/\/www.ortholite.com\/fr\/politique-en-matiere-de-cookies\/#primaryimage\",\"url\":\"https:\/\/www.ortholite.com\/wp-content\/uploads\/2025\/05\/android-chrome-512x512-1.png\",\"contentUrl\":\"https:\/\/www.ortholite.com\/wp-content\/uploads\/2025\/05\/android-chrome-512x512-1.png\",\"width\":512,\"height\":512},{\"@type\":\"BreadcrumbList\",\"@id\":\"https:\/\/www.ortholite.com\/fr\/politique-en-matiere-de-cookies\/#breadcrumb\",\"itemListElement\":[{\"@type\":\"ListItem\",\"position\":1,\"name\":\"Home\",\"item\":\"https:\/\/www.ortholite.com\/fr\/premiere-page\/\"},{\"@type\":\"ListItem\",\"position\":2,\"name\":\"Politique en mati\u00e8re de cookies\"}]},{\"@type\":\"WebSite\",\"@id\":\"https:\/\/www.ortholite.com\/fr\/#website\",\"url\":\"https:\/\/www.ortholite.com\/fr\/\",\"name\":\"Ortholite\",\"description\":\"High Performance Comfort Insoles, Open-Cell Foam Tech\",\"publisher\":{\"@id\":\"https:\/\/www.ortholite.com\/fr\/#organization\"},\"potentialAction\":[{\"@type\":\"SearchAction\",\"target\":{\"@type\":\"EntryPoint\",\"urlTemplate\":\"https:\/\/www.ortholite.com\/fr\/?s={search_term_string}\"},\"query-input\":{\"@type\":\"PropertyValueSpecification\",\"valueRequired\":true,\"valueName\":\"search_term_string\"}}],\"inLanguage\":\"fr-FR\"},{\"@type\":\"Organization\",\"@id\":\"https:\/\/www.ortholite.com\/fr\/#organization\",\"name\":\"Ortholite\",\"url\":\"https:\/\/www.ortholite.com\/fr\/\",\"logo\":{\"@type\":\"ImageObject\",\"inLanguage\":\"fr-FR\",\"@id\":\"https:\/\/www.ortholite.com\/fr\/#\/schema\/logo\/image\/\",\"url\":\"https:\/\/www.ortholite.com\/wp-content\/uploads\/2024\/12\/horizontal-logo.svg\",\"contentUrl\":\"https:\/\/www.ortholite.com\/wp-content\/uploads\/2024\/12\/horizontal-logo.svg\",\"width\":201,\"height\":52,\"caption\":\"Ortholite\"},\"image\":{\"@id\":\"https:\/\/www.ortholite.com\/fr\/#\/schema\/logo\/image\/\"}}]}<\/script>\n<!-- \/ Yoast SEO plugin. -->","yoast_head_json":{"title":"Politique en mati\u00e8re de cookies - OrthoLite","description":"Comprenez comment OrthoLite utilise les cookies pour am\u00e9liorer votre exp\u00e9rience sur le site Web tout en prot\u00e9geant votre vie priv\u00e9e.","robots":{"index":"index","follow":"follow","max-snippet":"max-snippet:-1","max-image-preview":"max-image-preview:large","max-video-preview":"max-video-preview:-1"},"canonical":"https:\/\/www.ortholite.com\/fr\/politique-en-matiere-de-cookies\/","og_locale":"fr_FR","og_type":"article","og_title":"Politique en mati\u00e8re de cookies - OrthoLite","og_description":"Comprenez comment OrthoLite utilise les cookies pour am\u00e9liorer votre exp\u00e9rience sur le site Web tout en prot\u00e9geant votre vie priv\u00e9e.","og_url":"https:\/\/www.ortholite.com\/fr\/politique-en-matiere-de-cookies\/","og_site_name":"Ortholite","article_modified_time":"2025-08-08T15:06:05+00:00","og_image":[{"width":512,"height":512,"url":"https:\/\/www.ortholite.com\/wp-content\/uploads\/2025\/05\/android-chrome-512x512-1.png","type":"image\/png"}],"twitter_card":"summary_large_image","twitter_misc":{"Dur\u00e9e de lecture estim\u00e9e":"2 minutes"},"schema":{"@context":"https:\/\/schema.org","@graph":[{"@type":"WebPage","@id":"https:\/\/www.ortholite.com\/fr\/politique-en-matiere-de-cookies\/","url":"https:\/\/www.ortholite.com\/fr\/politique-en-matiere-de-cookies\/","name":"Politique en mati\u00e8re de cookies - OrthoLite","isPartOf":{"@id":"https:\/\/www.ortholite.com\/fr\/#website"},"primaryImageOfPage":{"@id":"https:\/\/www.ortholite.com\/fr\/politique-en-matiere-de-cookies\/#primaryimage"},"image":{"@id":"https:\/\/www.ortholite.com\/fr\/politique-en-matiere-de-cookies\/#primaryimage"},"thumbnailUrl":"https:\/\/www.ortholite.com\/wp-content\/uploads\/2025\/05\/android-chrome-512x512-1.png","datePublished":"2025-01-23T18:50:17+00:00","dateModified":"2025-08-08T15:06:05+00:00","description":"Comprenez comment OrthoLite utilise les cookies pour am\u00e9liorer votre exp\u00e9rience sur le site Web tout en prot\u00e9geant votre vie priv\u00e9e.","breadcrumb":{"@id":"https:\/\/www.ortholite.com\/fr\/politique-en-matiere-de-cookies\/#breadcrumb"},"inLanguage":"fr-FR","potentialAction":[{"@type":"ReadAction","target":["https:\/\/www.ortholite.com\/fr\/politique-en-matiere-de-cookies\/"]}]},{"@type":"ImageObject","inLanguage":"fr-FR","@id":"https:\/\/www.ortholite.com\/fr\/politique-en-matiere-de-cookies\/#primaryimage","url":"https:\/\/www.ortholite.com\/wp-content\/uploads\/2025\/05\/android-chrome-512x512-1.png","contentUrl":"https:\/\/www.ortholite.com\/wp-content\/uploads\/2025\/05\/android-chrome-512x512-1.png","width":512,"height":512},{"@type":"BreadcrumbList","@id":"https:\/\/www.ortholite.com\/fr\/politique-en-matiere-de-cookies\/#breadcrumb","itemListElement":[{"@type":"ListItem","position":1,"name":"Home","item":"https:\/\/www.ortholite.com\/fr\/premiere-page\/"},{"@type":"ListItem","position":2,"name":"Politique en mati\u00e8re de cookies"}]},{"@type":"WebSite","@id":"https:\/\/www.ortholite.com\/fr\/#website","url":"https:\/\/www.ortholite.com\/fr\/","name":"Ortholite","description":"High Performance Comfort Insoles, Open-Cell Foam Tech","publisher":{"@id":"https:\/\/www.ortholite.com\/fr\/#organization"},"potentialAction":[{"@type":"SearchAction","target":{"@type":"EntryPoint","urlTemplate":"https:\/\/www.ortholite.com\/fr\/?s={search_term_string}"},"query-input":{"@type":"PropertyValueSpecification","valueRequired":true,"valueName":"search_term_string"}}],"inLanguage":"fr-FR"},{"@type":"Organization","@id":"https:\/\/www.ortholite.com\/fr\/#organization","name":"Ortholite","url":"https:\/\/www.ortholite.com\/fr\/","logo":{"@type":"ImageObject","inLanguage":"fr-FR","@id":"https:\/\/www.ortholite.com\/fr\/#\/schema\/logo\/image\/","url":"https:\/\/www.ortholite.com\/wp-content\/uploads\/2024\/12\/horizontal-logo.svg","contentUrl":"https:\/\/www.ortholite.com\/wp-content\/uploads\/2024\/12\/horizontal-logo.svg","width":201,"height":52,"caption":"Ortholite"},"image":{"@id":"https:\/\/www.ortholite.com\/fr\/#\/schema\/logo\/image\/"}}]}},"_links":{"self":[{"href":"https:\/\/www.ortholite.com\/fr\/wp-json\/wp\/v2\/pages\/21242","targetHints":{"allow":["GET"]}}],"collection":[{"href":"https:\/\/www.ortholite.com\/fr\/wp-json\/wp\/v2\/pages"}],"about":[{"href":"https:\/\/www.ortholite.com\/fr\/wp-json\/wp\/v2\/types\/page"}],"author":[{"embeddable":true,"href":"https:\/\/www.ortholite.com\/fr\/wp-json\/wp\/v2\/users\/1"}],"replies":[{"embeddable":true,"href":"https:\/\/www.ortholite.com\/fr\/wp-json\/wp\/v2\/comments?post=21242"}],"version-history":[{"count":1,"href":"https:\/\/www.ortholite.com\/fr\/wp-json\/wp\/v2\/pages\/21242\/revisions"}],"predecessor-version":[{"id":21243,"href":"https:\/\/www.ortholite.com\/fr\/wp-json\/wp\/v2\/pages\/21242\/revisions\/21243"}],"wp:featuredmedia":[{"embeddable":true,"href":"https:\/\/www.ortholite.com\/fr\/wp-json\/wp\/v2\/media\/22236"}],"wp:attachment":[{"href":"https:\/\/www.ortholite.com\/fr\/wp-json\/wp\/v2\/media?parent=21242"}],"curies":[{"name":"wp","href":"https:\/\/api.w.org\/{rel}","templated":true}]}}