{"id":22561,"date":"2024-11-26T21:30:18","date_gmt":"2024-11-26T21:30:18","guid":{"rendered":"https:\/\/www.ortholite.com\/politica-de-privacidad\/"},"modified":"2025-08-08T15:07:08","modified_gmt":"2025-08-08T15:07:08","slug":"politica-de-privacidad","status":"publish","type":"page","link":"https:\/\/www.ortholite.com\/es\/politica-de-privacidad\/","title":{"rendered":"Pol\u00edtica de privacidad"},"content":{"rendered":"\n<div class=\"wp-block-group is-layout-constrained wp-container-core-group-is-layout-e8559f58 wp-block-group-is-layout-constrained\" style=\"padding-top:var(--wp--preset--spacing--lg);padding-right:var(--wp--preset--spacing--xs);padding-bottom:var(--wp--preset--spacing--lg);padding-left:var(--wp--preset--spacing--xs)\">\n<h1 class=\"wp-block-heading\">Pol\u00edtica de privacidad<\/h1>\n\n\n\n<div class=\"wp-block-group is-layout-constrained wp-block-group-is-layout-constrained\">\n<h2 class=\"wp-block-heading\">DECLARACI\u00d3N DE PRIVACIDAD DE ORTHOLITE<\/h2>\n\n\n\n<p>ORTHOLITE (en adelante tambi\u00e9n &#8220;nosotros&#8221; o &#8220;nos&#8221;) es responsable de la recogida y tratamiento de tus datos personales que recibimos de ti en relaci\u00f3n con el uso de nuestro sitio web. Al acceder o utilizar este sitio web u otro servicio de ORTHOLITE en cualquier ordenador, tel\u00e9fono m\u00f3vil, tableta, consola u otro dispositivo (colectivamente, &#8220;Dispositivo&#8221;), aceptas nuestra pol\u00edtica de privacidad. <\/p>\n<\/div>\n\n\n\n<div class=\"wp-block-group is-layout-constrained wp-block-group-is-layout-constrained\">\n<h3 class=\"wp-block-heading\">Informaci\u00f3n recogida<\/h3>\n\n\n\n<p><strong>Datos que no se recogen:<\/strong> tu n\u00famero de tel\u00e9fono, tu nombre y tu direcci\u00f3n electr\u00f3nica y f\u00edsica<\/p>\n\n\n\n<p><strong>Informaci\u00f3n que se recopila autom\u00e1ticamente:<\/strong> podemos recopilar autom\u00e1ticamente informaci\u00f3n relativa a tu interacci\u00f3n con nuestros productos y servicios y al uso que haces de ellos. La informaci\u00f3n que podemos recopilar incluye, entre otros, el identificador del dispositivo y la informaci\u00f3n del hardware, la direcci\u00f3n IP, la informaci\u00f3n de localizaci\u00f3n (GPS), el tipo de navegador y el idioma, la informaci\u00f3n de las cookies, el tipo de sistema, si has habilitado software para acceder a determinadas funciones, las horas de acceso, las URL de sitios web de referencia, informaci\u00f3n sobre tus compras y otra informaci\u00f3n sobre tus interacciones con nosotros. Estos datos se recogen principalmente con fines estad\u00edsticos para medir y mejorar el funcionamiento del Sitio.  <\/p>\n\n\n\n<p>Cierta informaci\u00f3n obtenida en ORTHOLITE por medio de cookies puede encontrarse en nuestra Declaraci\u00f3n de Pol\u00edtica de Cookies disponible aqu\u00ed.<\/p>\n<\/div>\n\n\n\n<div class=\"wp-block-group is-layout-constrained wp-block-group-is-layout-constrained\">\n<h3 class=\"wp-block-heading\">Informaci\u00f3n de terceros<\/h3>\n\n\n\n<p>Podemos combinar la informaci\u00f3n que nos facilitas con otra informaci\u00f3n procedente de fuentes, transacciones y comunicaciones de ORTHOLITE. Esto puede incluir, entre otros, informaci\u00f3n procedente de correo directo, eventos, productos y aplicaciones, incluidas las redes sociales, u otras interacciones de ORTHOLITE. Tambi\u00e9n podemos combinar esa informaci\u00f3n con datos disponibles p\u00fablicamente y datos de terceros.  <\/p>\n<\/div>\n\n\n\n<div class=\"wp-block-group is-layout-constrained wp-block-group-is-layout-constrained\">\n<h3 class=\"wp-block-heading\">Fines del tratamiento de datos personales<\/h3>\n\n\n\n<p>Podemos utilizar tu informaci\u00f3n para mejorar, personalizar y adaptar tus experiencias y comunicaciones con ORTHOLITE. Tambi\u00e9n utilizamos la informaci\u00f3n para operar, proporcionar, mejorar y mantener los productos y servicios de ORTHOLITE, incluyendo el an\u00e1lisis del comportamiento y las tendencias de los usuarios. Adem\u00e1s, podemos proporcionar y realizar marketing y promociones comunic\u00e1ndonos contigo sobre nuestros productos, servicios y eventos, y para otros fines promocionales; administrar concursos, promociones, eventos, encuestas u otras funciones; y mostrarte marketing relevante. Por \u00faltimo, tambi\u00e9n podemos utilizar datos sobre c\u00f3mo utilizas ORTHOLITE para prevenir o detectar fraudes, abusos e infracciones de nuestras Condiciones de Uso y para cumplir \u00f3rdenes judiciales o la legislaci\u00f3n aplicable.   <\/p>\n<\/div>\n\n\n\n<div class=\"wp-block-group is-layout-constrained wp-block-group-is-layout-constrained\">\n<h3 class=\"wp-block-heading\">Base jur\u00eddica del tratamiento<\/h3>\n\n\n\n<p>Recopilaremos y procesaremos tus datos personales para los fines descritos en la secci\u00f3n anterior sobre una de las siguientes bases jur\u00eddicas en virtud del Reglamento General de Protecci\u00f3n de Datos (RGPD):<\/p>\n\n\n\n<p>Art\u00edculo 6.1 (a): Cuando se requiera tu consentimiento espec\u00edfico para el tratamiento de tus datos personales tal y como se describe en el presente documento, tus datos personales se tratar\u00e1n bas\u00e1ndose en dicho consentimiento.<\/p>\n\n\n\n<p>Art\u00edculo 6.1 (f): El tratamiento es necesario a efectos de nuestros intereses leg\u00edtimos o de los intereses leg\u00edtimos de otros terceros, y dichos intereses no se ven anulados por tus intereses o derechos fundamentales; Los intereses leg\u00edtimos que perseguimos incluyen nuestro inter\u00e9s por responder a tus solicitudes espec\u00edficas, solicitar tus comentarios para mejorar nuestro Sitio y nuestros productos, o llevar a cabo otras actividades generales de marketing.<\/p>\n<\/div>\n\n\n\n<div class=\"wp-block-group is-layout-constrained wp-block-group-is-layout-constrained\">\n<h3 class=\"wp-block-heading\">Periodos de conservaci\u00f3n de los datos personales<\/h3>\n\n\n\n<p>Los datos personales no se conservan durante m\u00e1s tiempo que el necesario para alcanzar los fines espec\u00edficos del tratamiento de datos aqu\u00ed descritos, a menos que se apliquen periodos de conservaci\u00f3n m\u00e1s cortos o m\u00e1s largos en virtud de la legislaci\u00f3n aplicable.<\/p>\n<\/div>\n\n\n\n<div class=\"wp-block-group is-layout-constrained wp-block-group-is-layout-constrained\">\n<h3 class=\"wp-block-heading\">Proteger tus datos personales<\/h3>\n\n\n\n<p>Con el fin de proteger la informaci\u00f3n, utilizamos diversas medidas de seguridad, incluidas herramientas de encriptaci\u00f3n y autenticaci\u00f3n, para ayudar a proteger tu informaci\u00f3n. Sin embargo, ORTHOLITE no puede garantizar al 100% la seguridad o confidencialidad de la informaci\u00f3n que nos proporcionas. <\/p>\n<\/div>\n\n\n\n<div class=\"wp-block-group is-layout-constrained wp-block-group-is-layout-constrained\">\n<h3 class=\"wp-block-heading\">Destinatarios de los datos personales<\/h3>\n\n\n\n<p>Podemos transferir tu informaci\u00f3n a proveedores de servicios de ORTHOLITE para llevar a cabo nuestro negocio. Por ejemplo, tu informaci\u00f3n puede ser transferida a un tercero como parte de nuestros activos empresariales en una venta de una parte o la totalidad de ORTHOLITE. Si esto ocurriera, se proporcionar\u00e1 un aviso mediante su publicaci\u00f3n en el sitio web u otra forma de comunicaci\u00f3n. Adem\u00e1s, podemos revelar informaci\u00f3n a petici\u00f3n gubernamental, en respuesta a una orden judicial, cuando lo exija la ley, para hacer cumplir nuestras pol\u00edticas o para proteger nuestros derechos, propiedad o seguridad o los de otros. Podemos compartir informaci\u00f3n para evitar usos ilegales de los productos y servicios de ORTHOLITE o violaciones de las Condiciones de Uso, o para defendernos de reclamaciones de terceros. Tambi\u00e9n podemos compartir informaci\u00f3n con empresas que colaboren en la protecci\u00f3n o investigaci\u00f3n de fraudes.     <\/p>\n<\/div>\n\n\n\n<div class=\"wp-block-group is-layout-constrained wp-block-group-is-layout-constrained\">\n<h3 class=\"wp-block-heading\">Elementos del sitio controlados por terceros<\/h3>\n\n\n\n<p>Este Sitio contiene enlaces a otros sitios, as\u00ed como objetos o elementos controlados por terceros.<\/p>\n\n\n\n<p>Un ejemplo son los plug-ins que pueden conectar ORTHOLITE a redes sociales como Facebook o Twitter y que suelen identificarse con el logotipo de la red social correspondiente. Si interact\u00faas con un plug-in social en nuestro Sitio, tu navegador puede enviar a dicha red social ciertos datos relacionados contigo, como tu ID de usuario, informaci\u00f3n sobre el Sitio, fecha y hora, y otra informaci\u00f3n relacionada con el navegador. Dicha informaci\u00f3n ser\u00e1 procesada por las redes sociales de acuerdo con sus pol\u00edticas de privacidad.  <\/p>\n\n\n\n<p>No tenemos ning\u00fan control sobre la forma en que los sitios web de terceros procesan tu informaci\u00f3n personal. No revisamos los sitios web de terceros y declinamos toda responsabilidad sobre dichos sitios web. Debes consultar la pol\u00edtica de privacidad de los sitios web de terceros para comprender el tratamiento que hacen de la informaci\u00f3n personal.  <\/p>\n<\/div>\n\n\n\n<div class=\"wp-block-group is-layout-constrained wp-block-group-is-layout-constrained\">\n<h3 class=\"wp-block-heading\">Transferencias de datos personales<\/h3>\n\n\n\n<p>Tus datos personales pueden ser transferidos fuera del pa\u00eds desde el que fueron recogidos originalmente. Los datos personales que procesamos se almacenar\u00e1n en EE.UU. Algunos de los destinatarios con los que OTHOLITE comparte tus datos personales pueden estar ubicados en pa\u00edses distintos del pa\u00eds en el que se recogieron originalmente tus datos personales. Las leyes de esos pa\u00edses pueden no proporcionar el mismo nivel de protecci\u00f3n de datos en comparaci\u00f3n con el pa\u00eds en el que proporcionaste inicialmente tus datos. No obstante, protegeremos esos datos personales tal y como se describe en esta Pol\u00edtica y de conformidad con la legislaci\u00f3n aplicable.    <\/p>\n<\/div>\n\n\n\n<div class=\"wp-block-group is-layout-constrained wp-block-group-is-layout-constrained\">\n<h3 class=\"wp-block-heading\">Tus derechos<\/h3>\n\n\n\n<p>La ley de protecci\u00f3n de datos otorga derechos a las personas en relaci\u00f3n con los datos personales que obtienen los sitios web.<\/p>\n\n\n\n<p>Proporcionar datos personales para encuestas, marketing y otros fines de elaboraci\u00f3n de perfiles, como se ha especificado anteriormente, es opcional. Requeriremos tu consentimiento previo antes de procesar tus datos personales para tales fines. Cuando dichos datos se procesen con fines de marketing, tienes derecho a oponerte en cualquier momento al procesamiento de los datos personales. Ver pol\u00edtica de cookies   <\/p>\n<\/div>\n\n\n\n<div class=\"wp-block-group is-layout-constrained wp-block-group-is-layout-constrained\">\n<h4 class=\"wp-block-heading\">Derecho de acceso<\/h4>\n\n\n\n<p>Tienes derecho a obtener confirmaci\u00f3n sobre si se est\u00e1n tratando tus datos personales y con qu\u00e9 finalidad. ORTHOLITE te proporcionar\u00e1 gratuitamente una copia de los datos personales. <\/p>\n<\/div>\n\n\n\n<div class=\"wp-block-group is-layout-constrained wp-block-group-is-layout-constrained\">\n<h4 class=\"wp-block-heading\">Derecho al olvido (supresi\u00f3n de datos)<\/h4>\n\n\n\n<p>Tienes derecho a solicitar a ORTHOLITE que borre los datos personales en determinadas circunstancias definidas en la legislaci\u00f3n aplicable.<\/p>\n<\/div>\n\n\n\n<div class=\"wp-block-group is-layout-constrained wp-block-group-is-layout-constrained\">\n<h5 class=\"wp-block-heading\">Derecho a retirar el consentimiento<\/h5>\n\n\n\n<p>Si has declarado tu consentimiento para alguna de las actividades de tratamiento de datos personales descritas en esta Declaraci\u00f3n de privacidad, puedes retirar este consentimiento en cualquier momento con efecto futuro. Dicha retirada no afectar\u00e1 a la legalidad del tratamiento anterior a la retirada. Ten en cuenta que la retirada de determinados contenidos puede limitar las funciones del sitio web o de los servicios en l\u00ednea.  <\/p>\n\n\n\n<p>Tienes derecho a oponerte al uso o tratamiento de tus datos en cualquier momento.<\/p>\n\n\n\n<p>En caso de que tengas una queja sobre el tratamiento de tus datos personales, tienes derecho a presentar una queja ante una autoridad de control competente.<\/p>\n\n\n\n<p>Si deseas acogerte a los derechos anteriores, env\u00edanos un correo electr\u00f3nico a: <a href=\"mailto:info@ortholite.com\">info@ortholite.com<\/a><\/p>\n<\/div>\n\n\n\n<div class=\"wp-block-group is-layout-constrained wp-block-group-is-layout-constrained\">\n<h3 class=\"wp-block-heading\">Comunicaciones<\/h3>\n\n\n\n<p>Independientemente de la configuraci\u00f3n que selecciones, ORTHOLITE puede enviarte comunicaciones relacionadas con el servicio. Para darte de baja y dejar de recibir mensajes, cambia tu configuraci\u00f3n o sigue las instrucciones del correo electr\u00f3nico, mensaje de texto, notificaci\u00f3n u otro tipo de mensaje. Si te has dado de baja de cualquier comunicaci\u00f3n de ORTHOLITE, debido a los calendarios de producci\u00f3n, es posible que recibas comunicaciones ya en producci\u00f3n.  <\/p>\n<\/div>\n\n\n\n<div class=\"wp-block-group is-layout-constrained wp-block-group-is-layout-constrained\">\n<h3 class=\"wp-block-heading\">Privacidad infantil<\/h3>\n\n\n\n<p>No recopilamos ni solicitamos conscientemente informaci\u00f3n personal de menores de 13 a\u00f1os. Tambi\u00e9n animamos a los padres y otros tutores a navegar por Internet junto con sus hijos. <\/p>\n<\/div>\n\n\n\n<div class=\"wp-block-group is-layout-constrained wp-block-group-is-layout-constrained\">\n<h3 class=\"wp-block-heading\">Ley aplicable y jurisdicciones<\/h3>\n\n\n\n<p>La legislaci\u00f3n del estado de Massachusetts rige la interpretaci\u00f3n de esta Declaraci\u00f3n de Privacidad y se aplica a las reclamaciones por incumplimiento de las mismas, independientemente de los principios de conflicto de leyes. Ambas partes se someten a la jurisdicci\u00f3n exclusiva de los tribunales de Boston, Massachusetts. Ambas partes renuncian a todas las defensas de falta de jurisdicci\u00f3n personal y forum non conveniens.  <\/p>\n<\/div>\n\n\n\n<div class=\"wp-block-group is-layout-constrained wp-block-group-is-layout-constrained\">\n<h3 class=\"wp-block-heading\">Cambios en esta Declaraci\u00f3n de Privacidad Online<\/h3>\n\n\n\n<p>ORTHOLITE se adhiere a los principios de privacidad y protecci\u00f3n de datos. Podemos actualizar esta Declaraci\u00f3n de Privacidad seg\u00fan sea necesario para reflejar los cambios en la legislaci\u00f3n aplicable. Cuando publiquemos cambios en esta Declaraci\u00f3n de Privacidad, revisaremos la fecha de &#8220;\u00faltima actualizaci\u00f3n&#8221; en la parte inferior. Si se producen cambios materiales en esta Declaraci\u00f3n de Privacidad o en la forma en que ORTHOLITE utilizar\u00e1 tu informaci\u00f3n personal, te lo notificaremos mediante la publicaci\u00f3n destacada de un aviso de dichos cambios antes de aplicarlos. Te animamos a que revises peri\u00f3dicamente esta Declaraci\u00f3n de Privacidad para mantenerte informado de c\u00f3mo ORTHOLITE protege tu informaci\u00f3n.    <\/p>\n<\/div>\n\n\n\n<div class=\"wp-block-group is-layout-constrained wp-block-group-is-layout-constrained\">\n<h3 class=\"wp-block-heading\">C\u00f3mo contactar con nosotros<\/h3>\n\n\n\n<p>Si tienes alguna pregunta, comentario o duda sobre la forma en que tratamos tus datos personales, puedes ponerte en contacto con nosotros por correo electr\u00f3nico en <a href=\"mailto:info@ortholite.com\">info@ortholite.com<\/a> o mediante la siguiente <a href=\"\/contact-us\/\">informaci\u00f3n de<\/a> contacto.<\/p>\n<\/div>\n<\/div>\n","protected":false},"excerpt":{"rendered":"<p>Pol\u00edtica de privacidad DECLARACI\u00d3N DE PRIVACIDAD DE ORTHOLITE ORTHOLITE (en adelante tambi\u00e9n &#8220;nosotros&#8221; o &#8220;nos&#8221;) es responsable de la recogida y tratamiento de tus datos personales que recibimos de ti en relaci\u00f3n con el uso de nuestro sitio web. Al acceder o utilizar este sitio web u otro servicio de ORTHOLITE en cualquier ordenador, tel\u00e9fono [&hellip;]<\/p>\n","protected":false},"author":1,"featured_media":22239,"parent":0,"menu_order":0,"comment_status":"closed","ping_status":"closed","template":"","meta":{"_acf_changed":false,"footnotes":""},"class_list":["post-22561","page","type-page","status-publish","has-post-thumbnail","hentry"],"acf":[],"yoast_head":"<!-- This site is optimized with the Yoast SEO plugin v27.2 - https:\/\/yoast.com\/product\/yoast-seo-wordpress\/ -->\n<title>Pol\u00edtica de privacidad de OrthoLite | OrthoLite<\/title>\n<meta name=\"description\" content=\"Revisa nuestra pol\u00edtica de privacidad para comprender c\u00f3mo protegemos y gestionamos tu informaci\u00f3n personal en cumplimiento de la normativa sobre datos.\" \/>\n<meta name=\"robots\" content=\"index, follow, max-snippet:-1, max-image-preview:large, max-video-preview:-1\" \/>\n<link rel=\"canonical\" href=\"https:\/\/www.ortholite.com\/es\/politica-de-privacidad\/\" \/>\n<meta property=\"og:locale\" content=\"es_ES\" \/>\n<meta property=\"og:type\" content=\"article\" \/>\n<meta property=\"og:title\" content=\"Pol\u00edtica de privacidad de OrthoLite | OrthoLite\" \/>\n<meta property=\"og:description\" content=\"Revisa nuestra pol\u00edtica de privacidad para comprender c\u00f3mo protegemos y gestionamos tu informaci\u00f3n personal en cumplimiento de la normativa sobre datos.\" \/>\n<meta property=\"og:url\" content=\"https:\/\/www.ortholite.com\/es\/politica-de-privacidad\/\" \/>\n<meta property=\"og:site_name\" content=\"Ortholite\" \/>\n<meta property=\"article:modified_time\" content=\"2025-08-08T15:07:08+00:00\" \/>\n<meta property=\"og:image\" content=\"https:\/\/www.ortholite.com\/wp-content\/uploads\/2025\/05\/android-chrome-512x512-1.png\" \/>\n\t<meta property=\"og:image:width\" content=\"512\" \/>\n\t<meta property=\"og:image:height\" content=\"512\" \/>\n\t<meta property=\"og:image:type\" content=\"image\/png\" \/>\n<meta name=\"twitter:card\" content=\"summary_large_image\" \/>\n<meta name=\"twitter:label1\" content=\"Est. reading time\" \/>\n\t<meta name=\"twitter:data1\" content=\"9 minutes\" \/>\n<script type=\"application\/ld+json\" class=\"yoast-schema-graph\">{\"@context\":\"https:\/\/schema.org\",\"@graph\":[{\"@type\":\"WebPage\",\"@id\":\"https:\/\/www.ortholite.com\/es\/politica-de-privacidad\/\",\"url\":\"https:\/\/www.ortholite.com\/es\/politica-de-privacidad\/\",\"name\":\"Pol\u00edtica de privacidad de OrthoLite | OrthoLite\",\"isPartOf\":{\"@id\":\"https:\/\/www.ortholite.com\/es\/#website\"},\"primaryImageOfPage\":{\"@id\":\"https:\/\/www.ortholite.com\/es\/politica-de-privacidad\/#primaryimage\"},\"image\":{\"@id\":\"https:\/\/www.ortholite.com\/es\/politica-de-privacidad\/#primaryimage\"},\"thumbnailUrl\":\"https:\/\/www.ortholite.com\/wp-content\/uploads\/2025\/05\/android-chrome-512x512-1.png\",\"datePublished\":\"2024-11-26T21:30:18+00:00\",\"dateModified\":\"2025-08-08T15:07:08+00:00\",\"description\":\"Revisa nuestra pol\u00edtica de privacidad para comprender c\u00f3mo protegemos y gestionamos tu informaci\u00f3n personal en cumplimiento de la normativa sobre datos.\",\"breadcrumb\":{\"@id\":\"https:\/\/www.ortholite.com\/es\/politica-de-privacidad\/#breadcrumb\"},\"inLanguage\":\"es-ES\",\"potentialAction\":[{\"@type\":\"ReadAction\",\"target\":[\"https:\/\/www.ortholite.com\/es\/politica-de-privacidad\/\"]}]},{\"@type\":\"ImageObject\",\"inLanguage\":\"es-ES\",\"@id\":\"https:\/\/www.ortholite.com\/es\/politica-de-privacidad\/#primaryimage\",\"url\":\"https:\/\/www.ortholite.com\/wp-content\/uploads\/2025\/05\/android-chrome-512x512-1.png\",\"contentUrl\":\"https:\/\/www.ortholite.com\/wp-content\/uploads\/2025\/05\/android-chrome-512x512-1.png\",\"width\":512,\"height\":512},{\"@type\":\"BreadcrumbList\",\"@id\":\"https:\/\/www.ortholite.com\/es\/politica-de-privacidad\/#breadcrumb\",\"itemListElement\":[{\"@type\":\"ListItem\",\"position\":1,\"name\":\"Home\",\"item\":\"https:\/\/www.ortholite.com\/es\/portada\/\"},{\"@type\":\"ListItem\",\"position\":2,\"name\":\"Pol\u00edtica de privacidad\"}]},{\"@type\":\"WebSite\",\"@id\":\"https:\/\/www.ortholite.com\/es\/#website\",\"url\":\"https:\/\/www.ortholite.com\/es\/\",\"name\":\"Ortholite\",\"description\":\"High Performance Comfort Insoles, Open-Cell Foam Tech\",\"publisher\":{\"@id\":\"https:\/\/www.ortholite.com\/es\/#organization\"},\"potentialAction\":[{\"@type\":\"SearchAction\",\"target\":{\"@type\":\"EntryPoint\",\"urlTemplate\":\"https:\/\/www.ortholite.com\/es\/?s={search_term_string}\"},\"query-input\":{\"@type\":\"PropertyValueSpecification\",\"valueRequired\":true,\"valueName\":\"search_term_string\"}}],\"inLanguage\":\"es-ES\"},{\"@type\":\"Organization\",\"@id\":\"https:\/\/www.ortholite.com\/es\/#organization\",\"name\":\"Ortholite\",\"url\":\"https:\/\/www.ortholite.com\/es\/\",\"logo\":{\"@type\":\"ImageObject\",\"inLanguage\":\"es-ES\",\"@id\":\"https:\/\/www.ortholite.com\/es\/#\/schema\/logo\/image\/\",\"url\":\"https:\/\/www.ortholite.com\/wp-content\/uploads\/2024\/12\/horizontal-logo.svg\",\"contentUrl\":\"https:\/\/www.ortholite.com\/wp-content\/uploads\/2024\/12\/horizontal-logo.svg\",\"width\":201,\"height\":52,\"caption\":\"Ortholite\"},\"image\":{\"@id\":\"https:\/\/www.ortholite.com\/es\/#\/schema\/logo\/image\/\"}}]}<\/script>\n<!-- \/ Yoast SEO plugin. -->","yoast_head_json":{"title":"Pol\u00edtica de privacidad de OrthoLite | OrthoLite","description":"Revisa nuestra pol\u00edtica de privacidad para comprender c\u00f3mo protegemos y gestionamos tu informaci\u00f3n personal en cumplimiento de la normativa sobre datos.","robots":{"index":"index","follow":"follow","max-snippet":"max-snippet:-1","max-image-preview":"max-image-preview:large","max-video-preview":"max-video-preview:-1"},"canonical":"https:\/\/www.ortholite.com\/es\/politica-de-privacidad\/","og_locale":"es_ES","og_type":"article","og_title":"Pol\u00edtica de privacidad de OrthoLite | OrthoLite","og_description":"Revisa nuestra pol\u00edtica de privacidad para comprender c\u00f3mo protegemos y gestionamos tu informaci\u00f3n personal en cumplimiento de la normativa sobre datos.","og_url":"https:\/\/www.ortholite.com\/es\/politica-de-privacidad\/","og_site_name":"Ortholite","article_modified_time":"2025-08-08T15:07:08+00:00","og_image":[{"width":512,"height":512,"url":"https:\/\/www.ortholite.com\/wp-content\/uploads\/2025\/05\/android-chrome-512x512-1.png","type":"image\/png"}],"twitter_card":"summary_large_image","twitter_misc":{"Est. reading time":"9 minutes"},"schema":{"@context":"https:\/\/schema.org","@graph":[{"@type":"WebPage","@id":"https:\/\/www.ortholite.com\/es\/politica-de-privacidad\/","url":"https:\/\/www.ortholite.com\/es\/politica-de-privacidad\/","name":"Pol\u00edtica de privacidad de OrthoLite | OrthoLite","isPartOf":{"@id":"https:\/\/www.ortholite.com\/es\/#website"},"primaryImageOfPage":{"@id":"https:\/\/www.ortholite.com\/es\/politica-de-privacidad\/#primaryimage"},"image":{"@id":"https:\/\/www.ortholite.com\/es\/politica-de-privacidad\/#primaryimage"},"thumbnailUrl":"https:\/\/www.ortholite.com\/wp-content\/uploads\/2025\/05\/android-chrome-512x512-1.png","datePublished":"2024-11-26T21:30:18+00:00","dateModified":"2025-08-08T15:07:08+00:00","description":"Revisa nuestra pol\u00edtica de privacidad para comprender c\u00f3mo protegemos y gestionamos tu informaci\u00f3n personal en cumplimiento de la normativa sobre datos.","breadcrumb":{"@id":"https:\/\/www.ortholite.com\/es\/politica-de-privacidad\/#breadcrumb"},"inLanguage":"es-ES","potentialAction":[{"@type":"ReadAction","target":["https:\/\/www.ortholite.com\/es\/politica-de-privacidad\/"]}]},{"@type":"ImageObject","inLanguage":"es-ES","@id":"https:\/\/www.ortholite.com\/es\/politica-de-privacidad\/#primaryimage","url":"https:\/\/www.ortholite.com\/wp-content\/uploads\/2025\/05\/android-chrome-512x512-1.png","contentUrl":"https:\/\/www.ortholite.com\/wp-content\/uploads\/2025\/05\/android-chrome-512x512-1.png","width":512,"height":512},{"@type":"BreadcrumbList","@id":"https:\/\/www.ortholite.com\/es\/politica-de-privacidad\/#breadcrumb","itemListElement":[{"@type":"ListItem","position":1,"name":"Home","item":"https:\/\/www.ortholite.com\/es\/portada\/"},{"@type":"ListItem","position":2,"name":"Pol\u00edtica de privacidad"}]},{"@type":"WebSite","@id":"https:\/\/www.ortholite.com\/es\/#website","url":"https:\/\/www.ortholite.com\/es\/","name":"Ortholite","description":"High Performance Comfort Insoles, Open-Cell Foam Tech","publisher":{"@id":"https:\/\/www.ortholite.com\/es\/#organization"},"potentialAction":[{"@type":"SearchAction","target":{"@type":"EntryPoint","urlTemplate":"https:\/\/www.ortholite.com\/es\/?s={search_term_string}"},"query-input":{"@type":"PropertyValueSpecification","valueRequired":true,"valueName":"search_term_string"}}],"inLanguage":"es-ES"},{"@type":"Organization","@id":"https:\/\/www.ortholite.com\/es\/#organization","name":"Ortholite","url":"https:\/\/www.ortholite.com\/es\/","logo":{"@type":"ImageObject","inLanguage":"es-ES","@id":"https:\/\/www.ortholite.com\/es\/#\/schema\/logo\/image\/","url":"https:\/\/www.ortholite.com\/wp-content\/uploads\/2024\/12\/horizontal-logo.svg","contentUrl":"https:\/\/www.ortholite.com\/wp-content\/uploads\/2024\/12\/horizontal-logo.svg","width":201,"height":52,"caption":"Ortholite"},"image":{"@id":"https:\/\/www.ortholite.com\/es\/#\/schema\/logo\/image\/"}}]}},"_links":{"self":[{"href":"https:\/\/www.ortholite.com\/es\/wp-json\/wp\/v2\/pages\/22561","targetHints":{"allow":["GET"]}}],"collection":[{"href":"https:\/\/www.ortholite.com\/es\/wp-json\/wp\/v2\/pages"}],"about":[{"href":"https:\/\/www.ortholite.com\/es\/wp-json\/wp\/v2\/types\/page"}],"author":[{"embeddable":true,"href":"https:\/\/www.ortholite.com\/es\/wp-json\/wp\/v2\/users\/1"}],"replies":[{"embeddable":true,"href":"https:\/\/www.ortholite.com\/es\/wp-json\/wp\/v2\/comments?post=22561"}],"version-history":[{"count":1,"href":"https:\/\/www.ortholite.com\/es\/wp-json\/wp\/v2\/pages\/22561\/revisions"}],"predecessor-version":[{"id":22562,"href":"https:\/\/www.ortholite.com\/es\/wp-json\/wp\/v2\/pages\/22561\/revisions\/22562"}],"wp:featuredmedia":[{"embeddable":true,"href":"https:\/\/www.ortholite.com\/es\/wp-json\/wp\/v2\/media\/22239"}],"wp:attachment":[{"href":"https:\/\/www.ortholite.com\/es\/wp-json\/wp\/v2\/media?parent=22561"}],"curies":[{"name":"wp","href":"https:\/\/api.w.org\/{rel}","templated":true}]}}