{"id":21272,"date":"2025-02-14T19:45:53","date_gmt":"2025-02-14T19:45:53","guid":{"rendered":"https:\/\/www.ortholite.com\/componentes-no-relacionados-con-el-calzado\/"},"modified":"2025-12-18T05:32:26","modified_gmt":"2025-12-18T05:32:26","slug":"componentes-no-relacionados-con-el-calzado","status":"publish","type":"page","link":"https:\/\/www.ortholite.com\/es\/componentes-no-relacionados-con-el-calzado\/","title":{"rendered":"componentes no relacionados con el calzado"},"content":{"rendered":"\n<div class=\"wp-block-group alignfull has-background-4-gradient-background has-background is-layout-flow wp-block-group-is-layout-flow\" style=\"padding-right:0;padding-left:0\">\n<div class=\"wp-block-cover is-light\" style=\"padding-right:0;padding-left:0;min-height:38vw;aspect-ratio:unset;\"><img loading=\"lazy\" decoding=\"async\" width=\"2000\" height=\"800\" class=\"wp-block-cover__image-background wp-image-17123\" alt=\"\" src=\"https:\/\/www.ortholite.com\/wp-content\/uploads\/2025\/02\/NonFootwear-Components-Runner-1.png\" data-object-fit=\"cover\" srcset=\"https:\/\/www.ortholite.com\/wp-content\/uploads\/2025\/02\/NonFootwear-Components-Runner-1.png 2000w, https:\/\/www.ortholite.com\/wp-content\/uploads\/2025\/02\/NonFootwear-Components-Runner-1-300x120.png 300w, https:\/\/www.ortholite.com\/wp-content\/uploads\/2025\/02\/NonFootwear-Components-Runner-1-1024x410.png 1024w, https:\/\/www.ortholite.com\/wp-content\/uploads\/2025\/02\/NonFootwear-Components-Runner-1-768x307.png 768w, https:\/\/www.ortholite.com\/wp-content\/uploads\/2025\/02\/NonFootwear-Components-Runner-1-1536x614.png 1536w\" sizes=\"auto, (max-width: 2000px) 100vw, 2000px\" \/><span aria-hidden=\"true\" class=\"wp-block-cover__background has-background-dim-0 has-background-dim has-background-gradient has-background-4-gradient-background\"><\/span><div class=\"wp-block-cover__inner-container is-layout-flow wp-block-cover-is-layout-flow\">\n<div class=\"wp-block-columns are-vertically-aligned-center is-layout-flex wp-container-core-columns-is-layout-d1fb7168 wp-block-columns-is-layout-flex\" style=\"padding-right:0;padding-left:0\">\n<div class=\"wp-block-column is-vertically-aligned-center is-layout-flow wp-block-column-is-layout-flow\" style=\"padding-right:var(--wp--preset--spacing--xs);padding-left:var(--wp--preset--spacing--md);flex-basis:50%\">\n<div class=\"wp-block-group is-layout-constrained wp-container-core-group-is-layout-d7b41ed8 wp-block-group-is-layout-constrained\" style=\"padding-top:var(--wp--preset--spacing--md);padding-right:0;padding-bottom:var(--wp--preset--spacing--md);padding-left:var(--wp--preset--spacing--size-fluid-20-100)\">\n<div class=\"wp-block-group is-layout-constrained wp-container-core-group-is-layout-ef7f83af wp-block-group-is-layout-constrained\">\n<h1 class=\"wp-block-heading has-primary-color has-text-color has-link-color has-h-2-font-size wp-elements-cebd10c88fcb4d3275e21ddebbf4ac60\">COMPONENTES NO RELACIONADOS CON EL CALZADO<\/h1>\n<\/div>\n\n\n\n<p class=\"is-style-default has-primary-color has-text-color has-link-color wp-elements-56bf94e6ba7e362536859bb042754a0b\">Cualquier aplicaci\u00f3n en la que el equipo est\u00e9 en contacto con la piel es una aplicaci\u00f3n perfecta para las espumas OrthoLite. Las caracter\u00edsticas de transpirabilidad, control de la humedad, ligereza y amortiguaci\u00f3n a largo plazo son ideales para equipos de protecci\u00f3n como espinilleras, rodilleras, hombreras, guantes, etc. Por las mismas razones, OrthoLite tambi\u00e9n es ideal para correas de mochilas y espalderas, fundas de ordenador, fundas de armas, auriculares y un sinf\u00edn de otras aplicaciones.  <\/p>\n<\/div>\n<\/div>\n\n\n\n<div class=\"wp-block-column is-vertically-aligned-center is-layout-flow wp-block-column-is-layout-flow\" style=\"flex-basis:50%\"><\/div>\n<\/div>\n<\/div><\/div>\n<\/div>\n\n\n\n<div class=\"wp-block-group has-tertiary-background-color has-background is-layout-constrained wp-container-core-group-is-layout-37ade560 wp-block-group-is-layout-constrained\" style=\"padding-top:var(--wp--preset--spacing--lg);padding-right:var(--wp--preset--spacing--xs);padding-bottom:var(--wp--preset--spacing--lg);padding-left:var(--wp--preset--spacing--xs)\">\n<div class=\"wp-block-group fade-up is-layout-constrained wp-container-core-group-is-layout-bea02a06 wp-block-group-is-layout-constrained\">\n<h2 class=\"wp-block-heading has-text-align-center\">Beneficios<\/h2>\n\n\n\n<p class=\"has-text-align-center\">OrthoLite<sup>\u00ae<\/sup> es el fabricante y proveedor l\u00edder de espumas para plantillas OEM para las principales marcas de calzado del mundo. Como empresa estadounidense integrada verticalmente y con instalaciones en todo el mundo, colaboramos con nuestros socios de marca para crear y producir f\u00f3rmulas personalizadas que ofrecen un confort y un rendimiento inigualables. <\/p>\n\n\n\n<p class=\"has-text-align-center\"><strong>He aqu\u00ed c\u00f3mo la innovaci\u00f3n de OrthoLite<sup>\u00ae<\/sup> sigue marcando la pauta:<\/strong><\/p>\n<\/div>\n\n\n\n<div class=\"wp-block-columns is-style-sticky-columns has-background-1-gradient-background has-background is-layout-flex wp-container-core-columns-is-layout-5c4d418f wp-block-columns-is-layout-flex\" style=\"border-radius:20px;padding-right:var(--wp--preset--spacing--xxs);padding-left:var(--wp--preset--spacing--xxs)\">\n<div class=\"wp-block-column is-layout-flow wp-block-column-is-layout-flow\" style=\"padding-top:var(--wp--preset--spacing--md);padding-bottom:var(--wp--preset--spacing--md);flex-basis:50%\">\n<figure class=\"wp-block-image aligncenter size-full front-image\"><img loading=\"lazy\" decoding=\"async\" width=\"853\" height=\"508\" src=\"https:\/\/www.ortholite.com\/wp-content\/uploads\/2025\/02\/Non-footwear-new.png\" alt=\"\" class=\"wp-image-17116\" style=\"object-fit:cover\" srcset=\"https:\/\/www.ortholite.com\/wp-content\/uploads\/2025\/02\/Non-footwear-new.png 853w, https:\/\/www.ortholite.com\/wp-content\/uploads\/2025\/02\/Non-footwear-new-300x179.png 300w, https:\/\/www.ortholite.com\/wp-content\/uploads\/2025\/02\/Non-footwear-new-768x457.png 768w\" sizes=\"auto, (max-width: 853px) 100vw, 853px\" \/><\/figure>\n<\/div>\n\n\n\n<div class=\"wp-block-column is-vertically-aligned-center is-content-justification-left is-layout-constrained wp-container-core-column-is-layout-9b36aaaa wp-block-column-is-layout-constrained\" style=\"padding-top:var(--wp--preset--spacing--lg);padding-right:var(--wp--preset--spacing--xs);padding-bottom:var(--wp--preset--spacing--lg);padding-left:var(--wp--preset--spacing--xs);flex-basis:50%\">\n<div class=\"wp-block-group fade-up is-content-justification-left is-layout-constrained wp-container-core-group-is-layout-e004278d wp-block-group-is-layout-constrained\" style=\"padding-right:var(--wp--preset--spacing--xs);padding-left:var(--wp--preset--spacing--xs)\">\n<figure class=\"wp-block-image size-large is-resized\"><img loading=\"lazy\" decoding=\"async\" width=\"100\" height=\"100\" src=\"https:\/\/www.ortholite.com\/wp-content\/uploads\/2025\/02\/OLT_Eco-icon_65k.svg\" alt=\"\" class=\"wp-image-16679\" style=\"width:auto;height:80px\"\/><\/figure>\n\n\n\n<h2 class=\"wp-block-heading has-accent-color has-text-color has-link-color has-h-5-font-size wp-elements-e8be6448851621c2d4e9aecc66407da4\">Ecol\u00f3gico<\/h2>\n\n\n\n<p class=\"is-style-default has-primary-color has-text-color has-link-color has-default-paragraph-font-size wp-elements-5f5bd7498833199a165e5e125f972959\">Todas las espumas OrthoLite<sup>\u00ae<\/sup> contienen un 5% de caucho reciclado, lo que ayuda a mantener cientos de toneladas de residuos fuera de los vertederos cada a\u00f1o.<\/p>\n<\/div>\n\n\n\n<div class=\"wp-block-group fade-up is-content-justification-left is-layout-constrained wp-container-core-group-is-layout-e004278d wp-block-group-is-layout-constrained\" style=\"padding-right:var(--wp--preset--spacing--xs);padding-left:var(--wp--preset--spacing--xs)\">\n<figure class=\"wp-block-image size-large is-resized\"><img loading=\"lazy\" decoding=\"async\" width=\"100\" height=\"100\" src=\"https:\/\/www.ortholite.com\/wp-content\/uploads\/2025\/02\/OLT_Cushioning-icon_65K.svg\" alt=\"\" class=\"wp-image-16673\" style=\"width:auto;height:80px\"\/><\/figure>\n\n\n\n<h2 class=\"wp-block-heading has-accent-color has-text-color has-link-color has-h-5-font-size wp-elements-69fecf8808c0ce14512175ecffdd99a5\">Amortiguaci\u00f3n a largo plazo<\/h2>\n\n\n\n<p class=\"is-style-default has-primary-color has-text-color has-link-color has-default-paragraph-font-size wp-elements-2e7b70612467783e2af7879610c91c2f\">A diferencia de las plantillas tradicionales, el conjunto de compresi\u00f3n de las plantillas OrthoLite es inferior al 5% a lo largo del tiempo, por lo que la amortiguaci\u00f3n y el ajuste nunca cambian dentro del zapato, proporcionando el m\u00e1ximo confort cada vez que te calzas.<\/p>\n<\/div>\n\n\n\n<div class=\"wp-block-group fade-up is-content-justification-left is-layout-constrained wp-container-core-group-is-layout-e004278d wp-block-group-is-layout-constrained\" style=\"padding-right:var(--wp--preset--spacing--xs);padding-left:var(--wp--preset--spacing--xs)\">\n<figure class=\"wp-block-image size-large is-resized\"><img loading=\"lazy\" decoding=\"async\" width=\"100\" height=\"100\" src=\"https:\/\/www.ortholite.com\/wp-content\/uploads\/2025\/02\/OLT_Breathability-icon_65K.svg\" alt=\"\" class=\"wp-image-16661\" style=\"width:auto;height:80px\"\/><\/figure>\n\n\n\n<h2 class=\"wp-block-heading has-accent-color has-text-color has-link-color has-h-5-font-size wp-elements-a6e829413c1ef7a07fe1555f83973cf7\">Gran transpirabilidad<\/h2>\n\n\n\n<p class=\"is-style-default has-primary-color has-text-color has-link-color has-default-paragraph-font-size wp-elements-1a25e6924e97f9af1665ec554f07568e\">La espuma de PU de c\u00e9lula abierta OrthoLite es entre un 95% y un 100% transpirable, lo que permite que el aire circule dentro y alrededor de la plantilla, manteniendo el pie m\u00e1s fresco dentro del calzado.<\/p>\n<\/div>\n\n\n\n<div class=\"wp-block-group fade-up is-content-justification-left is-layout-constrained wp-container-core-group-is-layout-e004278d wp-block-group-is-layout-constrained\" style=\"padding-right:var(--wp--preset--spacing--xs);padding-left:var(--wp--preset--spacing--xs)\">\n<figure class=\"wp-block-image size-large is-resized\"><img loading=\"lazy\" decoding=\"async\" width=\"100\" height=\"100\" src=\"https:\/\/www.ortholite.com\/wp-content\/uploads\/2025\/02\/OLT_Washable-icon_65K.svg\" alt=\"\" class=\"wp-image-16649\" style=\"width:auto;height:80px\"\/><\/figure>\n\n\n\n<h2 class=\"wp-block-heading has-accent-color has-text-color has-link-color has-h-5-font-size wp-elements-e87ee88eac5f77b2bfbc2553dc72218e\">Lavable<\/h2>\n\n\n\n<p class=\"is-style-default has-primary-color has-text-color has-link-color has-default-paragraph-font-size wp-elements-49fe5c768a8ce81d352a0796c61780ea\">Las plantillas OrthoLite son lavables a m\u00e1quina, por lo que siempre salen como nuevas y mantienen todas sus ventajas de rendimiento despu\u00e9s del lavado.<\/p>\n<\/div>\n\n\n\n<div class=\"wp-block-group fade-up is-content-justification-left is-layout-constrained wp-container-core-group-is-layout-e004278d wp-block-group-is-layout-constrained\" style=\"padding-right:var(--wp--preset--spacing--xs);padding-left:var(--wp--preset--spacing--xs)\">\n<figure class=\"wp-block-image size-large is-resized\"><img loading=\"lazy\" decoding=\"async\" width=\"100\" height=\"100\" src=\"https:\/\/www.ortholite.com\/wp-content\/uploads\/2025\/02\/OLT_Lightweight-icon_65K.svg\" alt=\"\" class=\"wp-image-16655\" style=\"width:auto;height:80px\"\/><\/figure>\n\n\n\n<h2 class=\"wp-block-heading has-accent-color has-text-color has-link-color has-h-5-font-size wp-elements-5b2fc95d49ade8413d548ec049f104e9\">Ligero<\/h2>\n\n\n\n<p class=\"is-style-default has-primary-color has-text-color has-link-color has-default-paragraph-font-size wp-elements-f5336951d501ad3b31039a9780bdf891\">Las plantillas OrthoLite son ligeras y mejoran el rendimiento de las zapatillas con una comodidad transpirable.<\/p>\n<\/div>\n\n\n\n<div class=\"wp-block-group fade-up is-content-justification-left is-layout-constrained wp-container-core-group-is-layout-e004278d wp-block-group-is-layout-constrained\" style=\"padding-right:var(--wp--preset--spacing--xs);padding-left:var(--wp--preset--spacing--xs)\">\n<figure class=\"wp-block-image size-large is-resized\"><img loading=\"lazy\" decoding=\"async\" width=\"100\" height=\"100\" src=\"https:\/\/www.ortholite.com\/wp-content\/uploads\/2025\/02\/OLT_Moisture-Management.svg\" alt=\"\" class=\"wp-image-16667\" style=\"width:auto;height:80px\"\/><\/figure>\n\n\n\n<h2 class=\"wp-block-heading has-accent-color has-text-color has-link-color has-h-5-font-size wp-elements-cc203358c717d3482c5c2078c0f61d87\">Gesti\u00f3n de la humedad<\/h2>\n\n\n\n<p class=\"is-style-default has-primary-color has-text-color has-link-color has-default-paragraph-font-size wp-elements-c6c47c9f075d1ef3ab63b5917c90bce4\">La exclusiva estructura de celdas abiertas de las plantillas OrthoLite crea un sistema de control de la humedad, que ayuda a alejar la humedad del pie para proporcionar un entorno de calzado m\u00e1s fresco, seco y saludable.<\/p>\n<\/div>\n<\/div>\n<\/div>\n<\/div>\n\n\n\n<div class=\"alignfull wp-block-ortholite-theme-cta-block\">\n\t<div class=\"img-left\"><\/div>\n\t<div\n\t\tclass=\"block-wrapper\"\n\t\tdata-width='850px'\n\t\tdata-gap='var:preset|spacing|sm'\n\t>\n\t\t\n\n<div class=\"wp-block-group is-content-justification-center is-layout-constrained wp-container-core-group-is-layout-c607767f wp-block-group-is-layout-constrained\" style=\"padding-top:var(--wp--preset--spacing--xl);padding-right:var(--wp--preset--spacing--md);padding-bottom:var(--wp--preset--spacing--xl);padding-left:var(--wp--preset--spacing--md)\">\n<h2 class=\"wp-block-heading has-text-align-center is-style-default has-secondary-color has-text-color has-link-color wp-elements-970ece35ec7de1946d219296f817ef08\">Comodidad y rendimiento<\/h2>\n\n\n\n<p class=\"has-text-align-center is-style-default has-secondary-color has-text-color has-link-color has-h-6-font-size wp-elements-78dce35d18df3fcb4273009aa3f49fe7\" style=\"font-style:normal;font-weight:500\">IMPULSADOS POR LA INNOVACI\u00d3N<\/p>\n\n\n\n<p class=\"has-text-align-center\">Nos impulsa la innovaci\u00f3n, un profundo conocimiento de las necesidades de nuestros socios de marca, una verdadera colaboraci\u00f3n y la dedicaci\u00f3n a limitar nuestro impacto en el planeta, y eso se nota en cada producto que fabricamos. As\u00ed es como nos convertimos en el l\u00edder mundial, y por eso estamos orgullosos de asociarnos con las mejores marcas del planeta.<\/p>\n\n\n\n<div class=\"wp-block-buttons is-content-justification-center is-layout-flex wp-container-core-buttons-is-layout-a89b3969 wp-block-buttons-is-layout-flex\">\n<div class=\"wp-block-button is-style-outline is-style-outline--1\"><a class=\"wp-block-button__link has-secondary-color has-text-color has-link-color wp-element-button\" href=\"https:\/\/www.ortholite.com\/es\/ponte-en-contacto-con\/\">contacta con nosotros<\/a><\/div>\n<\/div>\n<\/div>\n\n\t<\/div>\n\t<div class=\"img-right\"><\/div>\n<\/div>\n","protected":false},"excerpt":{"rendered":"<p>Beneficios OrthoLite\u00ae es el fabricante y proveedor l\u00edder de espumas para plantillas OEM para las principales marcas de calzado del mundo. Como empresa estadounidense integrada verticalmente y con instalaciones en todo el mundo, colaboramos con nuestros socios de marca para crear y producir f\u00f3rmulas personalizadas que ofrecen un confort y un rendimiento inigualables. He aqu\u00ed [&hellip;]<\/p>\n","protected":false},"author":2,"featured_media":17121,"parent":0,"menu_order":0,"comment_status":"closed","ping_status":"closed","template":"","meta":{"_acf_changed":false,"footnotes":""},"class_list":["post-21272","page","type-page","status-publish","has-post-thumbnail","hentry"],"acf":[],"yoast_head":"<!-- This site is optimized with the Yoast SEO plugin v27.2 - https:\/\/yoast.com\/product\/yoast-seo-wordpress\/ -->\n<title>Componentes no calzados | OrthoLite<\/title>\n<meta name=\"description\" content=\"Descubre los vers\u00e1tiles componentes no calzantes de OrthoLite, dise\u00f1ados para ofrecer calidad y rendimiento en diversas aplicaciones.\" \/>\n<meta name=\"robots\" content=\"index, follow, max-snippet:-1, max-image-preview:large, max-video-preview:-1\" \/>\n<link rel=\"canonical\" href=\"https:\/\/www.ortholite.com\/es\/componentes-no-relacionados-con-el-calzado\/\" \/>\n<meta property=\"og:locale\" content=\"es_ES\" \/>\n<meta property=\"og:type\" content=\"article\" \/>\n<meta property=\"og:title\" content=\"Componentes no calzados | OrthoLite\" \/>\n<meta property=\"og:description\" content=\"Descubre los vers\u00e1tiles componentes no calzantes de OrthoLite, dise\u00f1ados para ofrecer calidad y rendimiento en diversas aplicaciones.\" \/>\n<meta property=\"og:url\" content=\"https:\/\/www.ortholite.com\/es\/componentes-no-relacionados-con-el-calzado\/\" \/>\n<meta property=\"og:site_name\" content=\"Ortholite\" \/>\n<meta property=\"article:modified_time\" content=\"2025-12-18T05:32:26+00:00\" \/>\n<meta property=\"og:image\" content=\"https:\/\/www.ortholite.com\/wp-content\/uploads\/2025\/02\/Non-footwear-new.png\" \/>\n\t<meta property=\"og:image:width\" content=\"853\" \/>\n\t<meta property=\"og:image:height\" content=\"508\" \/>\n\t<meta property=\"og:image:type\" content=\"image\/png\" \/>\n<meta name=\"twitter:card\" content=\"summary_large_image\" \/>\n<meta name=\"twitter:label1\" content=\"Est. reading time\" \/>\n\t<meta name=\"twitter:data1\" content=\"4 minutes\" \/>\n<script type=\"application\/ld+json\" class=\"yoast-schema-graph\">{\"@context\":\"https:\/\/schema.org\",\"@graph\":[{\"@type\":\"WebPage\",\"@id\":\"https:\/\/www.ortholite.com\/es\/componentes-no-relacionados-con-el-calzado\/\",\"url\":\"https:\/\/www.ortholite.com\/es\/componentes-no-relacionados-con-el-calzado\/\",\"name\":\"Componentes no calzados | OrthoLite\",\"isPartOf\":{\"@id\":\"https:\/\/www.ortholite.com\/es\/#website\"},\"primaryImageOfPage\":{\"@id\":\"https:\/\/www.ortholite.com\/es\/componentes-no-relacionados-con-el-calzado\/#primaryimage\"},\"image\":{\"@id\":\"https:\/\/www.ortholite.com\/es\/componentes-no-relacionados-con-el-calzado\/#primaryimage\"},\"thumbnailUrl\":\"https:\/\/www.ortholite.com\/wp-content\/uploads\/2025\/02\/Non-footwear-new.png\",\"datePublished\":\"2025-02-14T19:45:53+00:00\",\"dateModified\":\"2025-12-18T05:32:26+00:00\",\"description\":\"Descubre los vers\u00e1tiles componentes no calzantes de OrthoLite, dise\u00f1ados para ofrecer calidad y rendimiento en diversas aplicaciones.\",\"breadcrumb\":{\"@id\":\"https:\/\/www.ortholite.com\/es\/componentes-no-relacionados-con-el-calzado\/#breadcrumb\"},\"inLanguage\":\"es-ES\",\"potentialAction\":[{\"@type\":\"ReadAction\",\"target\":[\"https:\/\/www.ortholite.com\/es\/componentes-no-relacionados-con-el-calzado\/\"]}]},{\"@type\":\"ImageObject\",\"inLanguage\":\"es-ES\",\"@id\":\"https:\/\/www.ortholite.com\/es\/componentes-no-relacionados-con-el-calzado\/#primaryimage\",\"url\":\"https:\/\/www.ortholite.com\/wp-content\/uploads\/2025\/02\/Non-footwear-new.png\",\"contentUrl\":\"https:\/\/www.ortholite.com\/wp-content\/uploads\/2025\/02\/Non-footwear-new.png\",\"width\":853,\"height\":508},{\"@type\":\"BreadcrumbList\",\"@id\":\"https:\/\/www.ortholite.com\/es\/componentes-no-relacionados-con-el-calzado\/#breadcrumb\",\"itemListElement\":[{\"@type\":\"ListItem\",\"position\":1,\"name\":\"Home\",\"item\":\"https:\/\/www.ortholite.com\/es\/portada\/\"},{\"@type\":\"ListItem\",\"position\":2,\"name\":\"componentes no relacionados con el calzado\"}]},{\"@type\":\"WebSite\",\"@id\":\"https:\/\/www.ortholite.com\/es\/#website\",\"url\":\"https:\/\/www.ortholite.com\/es\/\",\"name\":\"Ortholite\",\"description\":\"High Performance Comfort Insoles, Open-Cell Foam Tech\",\"publisher\":{\"@id\":\"https:\/\/www.ortholite.com\/es\/#organization\"},\"potentialAction\":[{\"@type\":\"SearchAction\",\"target\":{\"@type\":\"EntryPoint\",\"urlTemplate\":\"https:\/\/www.ortholite.com\/es\/?s={search_term_string}\"},\"query-input\":{\"@type\":\"PropertyValueSpecification\",\"valueRequired\":true,\"valueName\":\"search_term_string\"}}],\"inLanguage\":\"es-ES\"},{\"@type\":\"Organization\",\"@id\":\"https:\/\/www.ortholite.com\/es\/#organization\",\"name\":\"Ortholite\",\"url\":\"https:\/\/www.ortholite.com\/es\/\",\"logo\":{\"@type\":\"ImageObject\",\"inLanguage\":\"es-ES\",\"@id\":\"https:\/\/www.ortholite.com\/es\/#\/schema\/logo\/image\/\",\"url\":\"https:\/\/www.ortholite.com\/wp-content\/uploads\/2024\/12\/horizontal-logo.svg\",\"contentUrl\":\"https:\/\/www.ortholite.com\/wp-content\/uploads\/2024\/12\/horizontal-logo.svg\",\"width\":201,\"height\":52,\"caption\":\"Ortholite\"},\"image\":{\"@id\":\"https:\/\/www.ortholite.com\/es\/#\/schema\/logo\/image\/\"}}]}<\/script>\n<!-- \/ Yoast SEO plugin. -->","yoast_head_json":{"title":"Componentes no calzados | OrthoLite","description":"Descubre los vers\u00e1tiles componentes no calzantes de OrthoLite, dise\u00f1ados para ofrecer calidad y rendimiento en diversas aplicaciones.","robots":{"index":"index","follow":"follow","max-snippet":"max-snippet:-1","max-image-preview":"max-image-preview:large","max-video-preview":"max-video-preview:-1"},"canonical":"https:\/\/www.ortholite.com\/es\/componentes-no-relacionados-con-el-calzado\/","og_locale":"es_ES","og_type":"article","og_title":"Componentes no calzados | OrthoLite","og_description":"Descubre los vers\u00e1tiles componentes no calzantes de OrthoLite, dise\u00f1ados para ofrecer calidad y rendimiento en diversas aplicaciones.","og_url":"https:\/\/www.ortholite.com\/es\/componentes-no-relacionados-con-el-calzado\/","og_site_name":"Ortholite","article_modified_time":"2025-12-18T05:32:26+00:00","og_image":[{"width":853,"height":508,"url":"https:\/\/www.ortholite.com\/wp-content\/uploads\/2025\/02\/Non-footwear-new.png","type":"image\/png"}],"twitter_card":"summary_large_image","twitter_misc":{"Est. reading time":"4 minutes"},"schema":{"@context":"https:\/\/schema.org","@graph":[{"@type":"WebPage","@id":"https:\/\/www.ortholite.com\/es\/componentes-no-relacionados-con-el-calzado\/","url":"https:\/\/www.ortholite.com\/es\/componentes-no-relacionados-con-el-calzado\/","name":"Componentes no calzados | OrthoLite","isPartOf":{"@id":"https:\/\/www.ortholite.com\/es\/#website"},"primaryImageOfPage":{"@id":"https:\/\/www.ortholite.com\/es\/componentes-no-relacionados-con-el-calzado\/#primaryimage"},"image":{"@id":"https:\/\/www.ortholite.com\/es\/componentes-no-relacionados-con-el-calzado\/#primaryimage"},"thumbnailUrl":"https:\/\/www.ortholite.com\/wp-content\/uploads\/2025\/02\/Non-footwear-new.png","datePublished":"2025-02-14T19:45:53+00:00","dateModified":"2025-12-18T05:32:26+00:00","description":"Descubre los vers\u00e1tiles componentes no calzantes de OrthoLite, dise\u00f1ados para ofrecer calidad y rendimiento en diversas aplicaciones.","breadcrumb":{"@id":"https:\/\/www.ortholite.com\/es\/componentes-no-relacionados-con-el-calzado\/#breadcrumb"},"inLanguage":"es-ES","potentialAction":[{"@type":"ReadAction","target":["https:\/\/www.ortholite.com\/es\/componentes-no-relacionados-con-el-calzado\/"]}]},{"@type":"ImageObject","inLanguage":"es-ES","@id":"https:\/\/www.ortholite.com\/es\/componentes-no-relacionados-con-el-calzado\/#primaryimage","url":"https:\/\/www.ortholite.com\/wp-content\/uploads\/2025\/02\/Non-footwear-new.png","contentUrl":"https:\/\/www.ortholite.com\/wp-content\/uploads\/2025\/02\/Non-footwear-new.png","width":853,"height":508},{"@type":"BreadcrumbList","@id":"https:\/\/www.ortholite.com\/es\/componentes-no-relacionados-con-el-calzado\/#breadcrumb","itemListElement":[{"@type":"ListItem","position":1,"name":"Home","item":"https:\/\/www.ortholite.com\/es\/portada\/"},{"@type":"ListItem","position":2,"name":"componentes no relacionados con el calzado"}]},{"@type":"WebSite","@id":"https:\/\/www.ortholite.com\/es\/#website","url":"https:\/\/www.ortholite.com\/es\/","name":"Ortholite","description":"High Performance Comfort Insoles, Open-Cell Foam Tech","publisher":{"@id":"https:\/\/www.ortholite.com\/es\/#organization"},"potentialAction":[{"@type":"SearchAction","target":{"@type":"EntryPoint","urlTemplate":"https:\/\/www.ortholite.com\/es\/?s={search_term_string}"},"query-input":{"@type":"PropertyValueSpecification","valueRequired":true,"valueName":"search_term_string"}}],"inLanguage":"es-ES"},{"@type":"Organization","@id":"https:\/\/www.ortholite.com\/es\/#organization","name":"Ortholite","url":"https:\/\/www.ortholite.com\/es\/","logo":{"@type":"ImageObject","inLanguage":"es-ES","@id":"https:\/\/www.ortholite.com\/es\/#\/schema\/logo\/image\/","url":"https:\/\/www.ortholite.com\/wp-content\/uploads\/2024\/12\/horizontal-logo.svg","contentUrl":"https:\/\/www.ortholite.com\/wp-content\/uploads\/2024\/12\/horizontal-logo.svg","width":201,"height":52,"caption":"Ortholite"},"image":{"@id":"https:\/\/www.ortholite.com\/es\/#\/schema\/logo\/image\/"}}]}},"_links":{"self":[{"href":"https:\/\/www.ortholite.com\/es\/wp-json\/wp\/v2\/pages\/21272","targetHints":{"allow":["GET"]}}],"collection":[{"href":"https:\/\/www.ortholite.com\/es\/wp-json\/wp\/v2\/pages"}],"about":[{"href":"https:\/\/www.ortholite.com\/es\/wp-json\/wp\/v2\/types\/page"}],"author":[{"embeddable":true,"href":"https:\/\/www.ortholite.com\/es\/wp-json\/wp\/v2\/users\/2"}],"replies":[{"embeddable":true,"href":"https:\/\/www.ortholite.com\/es\/wp-json\/wp\/v2\/comments?post=21272"}],"version-history":[{"count":3,"href":"https:\/\/www.ortholite.com\/es\/wp-json\/wp\/v2\/pages\/21272\/revisions"}],"predecessor-version":[{"id":23355,"href":"https:\/\/www.ortholite.com\/es\/wp-json\/wp\/v2\/pages\/21272\/revisions\/23355"}],"wp:featuredmedia":[{"embeddable":true,"href":"https:\/\/www.ortholite.com\/es\/wp-json\/wp\/v2\/media\/17121"}],"wp:attachment":[{"href":"https:\/\/www.ortholite.com\/es\/wp-json\/wp\/v2\/media?parent=21272"}],"curies":[{"name":"wp","href":"https:\/\/api.w.org\/{rel}","templated":true}]}}