{"id":21134,"date":"2025-03-07T16:40:59","date_gmt":"2025-03-07T16:40:59","guid":{"rendered":"https:\/\/www.ortholite.com\/esqui-3d\/"},"modified":"2025-12-17T20:30:29","modified_gmt":"2025-12-17T20:30:29","slug":"esqui-3d","status":"publish","type":"page","link":"https:\/\/www.ortholite.com\/es\/esqui-3d\/","title":{"rendered":"Esqu\u00ed 3D"},"content":{"rendered":"\n<div class=\"wp-block-group alignfull has-primary-background-color has-background is-layout-constrained wp-container-core-group-is-layout-dc719497 wp-block-group-is-layout-constrained\" style=\"padding-top:var(--wp--preset--spacing--md);padding-right:var(--wp--preset--spacing--xxs);padding-bottom:var(--wp--preset--spacing--md);padding-left:var(--wp--preset--spacing--xxs);background-image:url(&apos;https:\/\/www.ortholite.com\/wp-content\/uploads\/2025\/02\/dark-blue-background.png&apos;);background-size:cover;\">\n<div class=\"wp-block-group is-content-justification-left is-layout-flex wp-container-core-group-is-layout-20bfc4c6 wp-block-group-is-layout-flex\" style=\"padding-right:0;padding-left:0\">\n<figure class=\"wp-block-image size-full is-resized\"><img loading=\"lazy\" decoding=\"async\" width=\"73\" height=\"33\" src=\"https:\/\/www.ortholite.com\/wp-content\/uploads\/2025\/03\/Ortholite-3DSkive-white.svg\" alt=\"\" class=\"wp-image-18998\" style=\"width:auto;height:120px\"\/><\/figure>\n<\/div>\n<\/div>\n\n<div class=\"wp-block-group alignfull has-background is-layout-constrained wp-container-core-group-is-layout-aa362e2d wp-block-group-is-layout-constrained\" style=\"background:linear-gradient(135deg,rgba(255,255,255,0) 69%,rgb(232,240,250) 100%);margin-top:-200px;padding-top:var(--wp--preset--spacing--md);padding-right:var(--wp--preset--spacing--xs);padding-bottom:var(--wp--preset--spacing--md);padding-left:var(--wp--preset--spacing--xs)\">\n<div class=\"wp-block-columns is-style-sticky-r-columns is-layout-flex wp-container-core-columns-is-layout-4b12e7ec wp-block-columns-is-layout-flex\">\n<div class=\"wp-block-column is-layout-flow wp-block-column-is-layout-flow\" style=\"padding-top:10rem\">\n<div class=\"wp-block-group is-layout-constrained wp-container-core-group-is-layout-3156e74c wp-block-group-is-layout-constrained\">\n<div class=\"wp-block-group is-layout-constrained wp-block-group-is-layout-constrained\">\n<div class=\"wp-block-group is-content-justification-left is-nowrap is-layout-flex wp-container-core-group-is-layout-a5411a34 wp-block-group-is-layout-flex\">\n<figure class=\"wp-block-image size-full is-resized\"><img loading=\"lazy\" decoding=\"async\" width=\"100\" height=\"100\" src=\"https:\/\/www.ortholite.com\/wp-content\/uploads\/2025\/02\/OLT_Eco-icon_65k.svg\" alt=\"\" class=\"wp-image-16679\" style=\"width:80px\"\/><\/figure>\n<\/div>\n\n\n\n<h1 class=\"wp-block-heading has-h-3-font-size\" style=\"font-style:normal;font-weight:500;letter-spacing:0px;text-transform:capitalize\"><br\/>3DSkive\u2122: Tecnolog\u00eda visible con comodidad instant\u00e1nea<\/h1>\n\n\n\n<p class=\"is-style-default has-default-paragraph-font-size\"><sup>OrthoLite\u00ae<\/sup> 3D Skive\u2122 incorpora una tecnolog\u00eda exclusiva de confort y rendimiento para amplificar la amortiguaci\u00f3n y la circulaci\u00f3n del aire bajo los pies.<\/p>\n\n\n\n<div class=\"wp-block-buttons is-layout-flex wp-block-buttons-is-layout-flex\">\n<div class=\"wp-block-button\"><a class=\"wp-block-button__link wp-element-button\" href=\"https:\/\/www.ortholite.com\/wp-content\/uploads\/2025\/03\/3D-Skive-Tech-Sheet.pdf\" target=\"_blank\" rel=\"noreferrer noopener\">descargar ficha t\u00e9cnica<\/a><\/div>\n<\/div>\n<\/div>\n\n\n\n<div class=\"wp-block-group is-layout-constrained wp-block-group-is-layout-constrained\">\n<h2 class=\"wp-block-heading has-h-5-font-size\">Resumen del producto<\/h2>\n\n\n\n<div class=\"wp-block-group is-layout-constrained wp-container-core-group-is-layout-19e250f3 wp-block-group-is-layout-constrained\">\n<p class=\"is-style-default\">La aplicaci\u00f3n <sup>OrthoLite\u00ae<\/sup> 3D Skive\u2122 es una tecnolog\u00eda patentada de corte en 3D que utiliza un patr\u00f3n geom\u00e9trico ondulado o en forma de huevo que proporciona una mayor comodidad al pisar y una mejor circulaci\u00f3n del aire bajo el pie.<\/p>\n\n\n\n<p>La amortiguaci\u00f3n texturizada proporciona un extraordinario confort de masaje y crea la sensaci\u00f3n de caminar sobre el aire. Los picos y valles de 3 mm mantienen su forma con el paso del tiempo, maximizando los atributos de amortiguaci\u00f3n y confort de <sup>OrthoLite\u00ae<\/sup>. <\/p>\n<\/div>\n<\/div>\n\n\n\n<div class=\"wp-block-group is-layout-constrained wp-block-group-is-layout-constrained\">\n<figure class=\"wp-block-image size-full is-resized\"><img loading=\"lazy\" decoding=\"async\" width=\"306\" height=\"52\" src=\"https:\/\/www.ortholite.com\/wp-content\/uploads\/2025\/03\/mesh1_primary.png\" alt=\"\" class=\"wp-image-19008\" style=\"width:160px\" srcset=\"https:\/\/www.ortholite.com\/wp-content\/uploads\/2025\/03\/mesh1_primary.png 306w, https:\/\/www.ortholite.com\/wp-content\/uploads\/2025\/03\/mesh1_primary-300x51.png 300w\" sizes=\"auto, (max-width: 306px) 100vw, 306px\" \/><\/figure>\n\n\n\n<p>Pruebas <sup>MESH1\u00ae<\/sup> completadas y aprobadas.<\/p>\n<\/div>\n\n\n\n<div class=\"wp-block-group is-content-justification-center is-layout-constrained wp-container-core-group-is-layout-ffce93fd wp-block-group-is-layout-constrained\" style=\"border-style:none;border-width:0px\">\n<div class=\"wp-block-group has-background wp-container-content-e0b89f81 is-layout-constrained wp-container-core-group-is-layout-d385ac8e wp-block-group-is-layout-constrained\" style=\"border-top-color:var(--wp--preset--color--tertiary);border-top-width:1px;border-left-color:var(--wp--preset--color--tertiary);border-left-width:1px;background:linear-gradient(135deg,rgb(232,240,250) 5%,rgb(232,240,250) 100%);min-height:70px;padding-top:var(--wp--preset--spacing--xs);padding-right:var(--wp--preset--spacing--xs);padding-bottom:var(--wp--preset--spacing--xs);padding-left:var(--wp--preset--spacing--xs)\">\n<p class=\"has-text-align-left is-style-small-paragraph\"><strong>Formulaci\u00f3n<br\/><\/strong><sup>OrthoLite\u00ae<\/sup> 3D Skive\u2122 puede utilizarse con la mayor\u00eda de nuestras formulaciones patentadas (excluidas las espumas <sup>OrthoLite\u00ae<\/sup> Impressions\u2122, <sup>OrthoLite\u00ae<\/sup> Imperial\u2122 y <sup>OrthoLite\u00ae<\/sup> Lazy\u2122).<\/p>\n<\/div>\n\n\n\n<div class=\"wp-block-group has-secondary-background-color has-background wp-container-content-e0b89f81 is-content-justification-center is-nowrap is-layout-flex wp-container-core-group-is-layout-b6773fa8 wp-block-group-is-layout-flex\" style=\"border-top-color:var(--wp--preset--color--tertiary);border-top-width:1px;border-bottom-color:var(--wp--preset--color--tertiary);border-bottom-width:1px;border-left-color:var(--wp--preset--color--tertiary);border-left-width:1px;min-height:60px;padding-top:var(--wp--preset--spacing--xxs);padding-right:var(--wp--preset--spacing--xxs);padding-bottom:var(--wp--preset--spacing--xxs);padding-left:var(--wp--preset--spacing--xxs)\">\n<p class=\"has-text-align-left is-style-default has-tertiary-color has-text-color has-link-color wp-elements-f90d50c055692c7f5a3161d1f95ce70a\"><strong>5%<\/strong> Caucho reciclado  <\/p>\n\n\n\n<p class=\"has-text-align-right has-tertiary-color has-text-color has-link-color has-h-4-font-size wp-elements-00ee38697a6d236e990ad0311260cf70\" style=\"line-height:1.1\">  = <strong>5%<\/strong> Contenido Ecol\u00f3gico Total<\/p>\n<\/div>\n<\/div>\n<\/div>\n<\/div>\n\n\n\n<div class=\"wp-block-column is-layout-flow wp-block-column-is-layout-flow\" style=\"padding-top:var(--wp--preset--spacing--xs)\">\n<figure class=\"wp-block-image aligncenter size-full fade-up\" style=\"margin-top:var(--wp--preset--spacing--xs)\"><img loading=\"lazy\" decoding=\"async\" width=\"640\" height=\"754\" src=\"https:\/\/www.ortholite.com\/wp-content\/uploads\/2025\/03\/3D-Skive.png\" alt=\"\" class=\"wp-image-18986\" style=\"object-fit:cover\" srcset=\"https:\/\/www.ortholite.com\/wp-content\/uploads\/2025\/03\/3D-Skive.png 640w, https:\/\/www.ortholite.com\/wp-content\/uploads\/2025\/03\/3D-Skive-255x300.png 255w\" sizes=\"auto, (max-width: 640px) 100vw, 640px\" \/><\/figure>\n<\/div>\n<\/div>\n<\/div>\n\n<div class=\"wp-block-group alignfull has-background is-layout-flow wp-block-group-is-layout-flow\" style=\"background:linear-gradient(180deg,rgb(205,205,205) 0%,rgb(205,205,205) 100%);padding-top:var(--wp--preset--spacing--xs);padding-bottom:var(--wp--preset--spacing--xs)\">\n<div\n\tclass=\"gap-sm is-style-flex-row-scroll-up wp-block-ortholite-theme-flex-row\"\tdata-child-width=\"\"\n>\n\t\n\n<div class=\"wp-block-group is-nowrap is-layout-flex wp-container-core-group-is-layout-07e61161 wp-block-group-is-layout-flex\">\n<figure class=\"wp-block-image aligncenter size-full is-resized\"><img loading=\"lazy\" decoding=\"async\" width=\"600\" height=\"600\" src=\"https:\/\/www.ortholite.com\/wp-content\/uploads\/2025\/02\/Recycled-icon_circle.png\" alt=\"\" class=\"wp-image-17000\" style=\"width:60px\" srcset=\"https:\/\/www.ortholite.com\/wp-content\/uploads\/2025\/02\/Recycled-icon_circle.png 600w, https:\/\/www.ortholite.com\/wp-content\/uploads\/2025\/02\/Recycled-icon_circle-300x300.png 300w, https:\/\/www.ortholite.com\/wp-content\/uploads\/2025\/02\/Recycled-icon_circle-150x150.png 150w\" sizes=\"auto, (max-width: 600px) 100vw, 600px\" \/><\/figure>\n\n\n\n<p class=\"has-text-align-left is-style-small-paragraph\">Contenido reciclado de<br\/><\/p>\n<\/div>\n\n\n\n<div class=\"wp-block-group is-nowrap is-layout-flex wp-container-core-group-is-layout-07e61161 wp-block-group-is-layout-flex\">\n<figure class=\"wp-block-image aligncenter size-full is-resized\"><img loading=\"lazy\" decoding=\"async\" width=\"601\" height=\"601\" src=\"https:\/\/www.ortholite.com\/wp-content\/uploads\/2025\/02\/cushioning.circle.png\" alt=\"\" class=\"wp-image-17056\" style=\"width:60px\" srcset=\"https:\/\/www.ortholite.com\/wp-content\/uploads\/2025\/02\/cushioning.circle.png 601w, https:\/\/www.ortholite.com\/wp-content\/uploads\/2025\/02\/cushioning.circle-300x300.png 300w, https:\/\/www.ortholite.com\/wp-content\/uploads\/2025\/02\/cushioning.circle-150x150.png 150w\" sizes=\"auto, (max-width: 601px) 100vw, 601px\" \/><\/figure>\n\n\n\n<p class=\"has-text-align-left is-style-small-paragraph\">A largo plazo<br\/>Amortiguaci\u00f3n<\/p>\n<\/div>\n\n\n\n<div class=\"wp-block-group is-nowrap is-layout-flex wp-container-core-group-is-layout-07e61161 wp-block-group-is-layout-flex\">\n<figure class=\"wp-block-image aligncenter size-full is-resized\"><img loading=\"lazy\" decoding=\"async\" width=\"601\" height=\"601\" src=\"https:\/\/www.ortholite.com\/wp-content\/uploads\/2025\/02\/moisture.circle.png\" alt=\"\" class=\"wp-image-17044\" style=\"width:60px\" srcset=\"https:\/\/www.ortholite.com\/wp-content\/uploads\/2025\/02\/moisture.circle.png 601w, https:\/\/www.ortholite.com\/wp-content\/uploads\/2025\/02\/moisture.circle-300x300.png 300w, https:\/\/www.ortholite.com\/wp-content\/uploads\/2025\/02\/moisture.circle-150x150.png 150w\" sizes=\"auto, (max-width: 601px) 100vw, 601px\" \/><\/figure>\n\n\n\n<p class=\"has-text-align-left is-style-small-paragraph\">Gesti\u00f3n de la humedad<br\/><\/p>\n<\/div>\n\n\n\n<div class=\"wp-block-group is-nowrap is-layout-flex wp-container-core-group-is-layout-07e61161 wp-block-group-is-layout-flex\">\n<figure class=\"wp-block-image aligncenter size-full is-resized\"><img loading=\"lazy\" decoding=\"async\" width=\"601\" height=\"601\" src=\"https:\/\/www.ortholite.com\/wp-content\/uploads\/2025\/02\/breathability.circle.png\" alt=\"\" class=\"wp-image-17062\" style=\"width:60px\" srcset=\"https:\/\/www.ortholite.com\/wp-content\/uploads\/2025\/02\/breathability.circle.png 601w, https:\/\/www.ortholite.com\/wp-content\/uploads\/2025\/02\/breathability.circle-300x300.png 300w, https:\/\/www.ortholite.com\/wp-content\/uploads\/2025\/02\/breathability.circle-150x150.png 150w\" sizes=\"auto, (max-width: 601px) 100vw, 601px\" \/><\/figure>\n\n\n\n<p class=\"has-text-align-left is-style-small-paragraph\">Alto nivel<br\/>Transpirabilidad<\/p>\n<\/div>\n\n\n\n<div class=\"wp-block-group is-nowrap is-layout-flex wp-container-core-group-is-layout-07e61161 wp-block-group-is-layout-flex\">\n<figure class=\"wp-block-image aligncenter size-full is-resized\"><img loading=\"lazy\" decoding=\"async\" width=\"601\" height=\"601\" src=\"https:\/\/www.ortholite.com\/wp-content\/uploads\/2025\/02\/lightweight.circle.png\" alt=\"\" class=\"wp-image-17050\" style=\"width:60px\" srcset=\"https:\/\/www.ortholite.com\/wp-content\/uploads\/2025\/02\/lightweight.circle.png 601w, https:\/\/www.ortholite.com\/wp-content\/uploads\/2025\/02\/lightweight.circle-300x300.png 300w, https:\/\/www.ortholite.com\/wp-content\/uploads\/2025\/02\/lightweight.circle-150x150.png 150w\" sizes=\"auto, (max-width: 601px) 100vw, 601px\" \/><\/figure>\n\n\n\n<p class=\"has-text-align-left is-style-small-paragraph\">Ligero<\/p>\n<\/div>\n\n\n\n<div class=\"wp-block-group is-nowrap is-layout-flex wp-container-core-group-is-layout-07e61161 wp-block-group-is-layout-flex\">\n<figure class=\"wp-block-image aligncenter size-full is-resized\"><img loading=\"lazy\" decoding=\"async\" width=\"601\" height=\"601\" src=\"https:\/\/www.ortholite.com\/wp-content\/uploads\/2025\/02\/washable.circle.png\" alt=\"\" class=\"wp-image-17032\" style=\"width:60px\" srcset=\"https:\/\/www.ortholite.com\/wp-content\/uploads\/2025\/02\/washable.circle.png 601w, https:\/\/www.ortholite.com\/wp-content\/uploads\/2025\/02\/washable.circle-300x300.png 300w, https:\/\/www.ortholite.com\/wp-content\/uploads\/2025\/02\/washable.circle-150x150.png 150w\" sizes=\"auto, (max-width: 601px) 100vw, 601px\" \/><\/figure>\n\n\n\n<p class=\"has-text-align-left is-style-small-paragraph\">Lavable<\/p>\n<\/div>\n\n\n\n<div class=\"wp-block-group is-nowrap is-layout-flex wp-container-core-group-is-layout-07e61161 wp-block-group-is-layout-flex\">\n<figure class=\"wp-block-image aligncenter size-full is-resized\"><img loading=\"lazy\" decoding=\"async\" width=\"601\" height=\"601\" src=\"https:\/\/www.ortholite.com\/wp-content\/uploads\/2025\/02\/antimicrobial.circle.png\" alt=\"\" class=\"wp-image-16994\" style=\"width:60px\" srcset=\"https:\/\/www.ortholite.com\/wp-content\/uploads\/2025\/02\/antimicrobial.circle.png 601w, https:\/\/www.ortholite.com\/wp-content\/uploads\/2025\/02\/antimicrobial.circle-300x300.png 300w, https:\/\/www.ortholite.com\/wp-content\/uploads\/2025\/02\/antimicrobial.circle-150x150.png 150w\" sizes=\"auto, (max-width: 601px) 100vw, 601px\" \/><\/figure>\n\n\n\n<p class=\"has-text-align-left is-style-small-paragraph\">Antimicrobiano<\/p>\n<\/div>\n\n<\/div>\n<\/div>\n\n<div class=\"alignfull wp-block-ortholite-theme-cta-block\">\n\t<div class=\"img-left\"><\/div>\n\t<div\n\t\tclass=\"block-wrapper\"\n\t\tdata-width='700px'\n\t\tdata-gap='var:preset|spacing|sm'\n\t>\n\t\t\n\n<div class=\"wp-block-group is-content-justification-center is-layout-constrained wp-container-core-group-is-layout-4df2738f wp-block-group-is-layout-constrained\" style=\"padding-top:var(--wp--preset--spacing--md);padding-right:var(--wp--preset--spacing--xs);padding-bottom:var(--wp--preset--spacing--md);padding-left:var(--wp--preset--spacing--xs)\">\n<h2 class=\"wp-block-heading has-text-align-center has-secondary-color has-text-color has-link-color has-h-3-font-size wp-elements-7bbca8db70de3083eda3d7146d70b540\" style=\"font-style:normal;font-weight:600;text-transform:capitalize\">Comodidad y rendimiento<\/h2>\n\n\n\n<p class=\"has-text-align-center has-h-5-font-size\">IMPULSADOS POR LA INNOVACI\u00d3N<\/p>\n\n\n\n<p class=\"has-text-align-center is-style-default has-secondary-color has-text-color has-link-color wp-elements-d74a621cb0c5f8f2334d37232df25567\">Nos impulsa la innovaci\u00f3n, un profundo conocimiento de las necesidades de nuestros socios de marca, una verdadera colaboraci\u00f3n y la dedicaci\u00f3n a limitar nuestro impacto en el planeta, y eso se nota en cada producto que fabricamos. As\u00ed es como nos convertimos en el l\u00edder mundial, y por eso estamos orgullosos de asociarnos con las mejores marcas del planeta. <\/p>\n\n\n\n<div class=\"wp-block-buttons is-content-justification-center is-layout-flex wp-container-core-buttons-is-layout-a89b3969 wp-block-buttons-is-layout-flex\">\n<div class=\"wp-block-button is-style-outline is-style-outline--1\"><a class=\"wp-block-button__link has-secondary-color has-text-color has-link-color wp-element-button\" href=\"https:\/\/www.ortholite.com\/es\/ponte-en-contacto-con\/\">contacta con nosotros<\/a><\/div>\n<\/div>\n<\/div>\n\n\t<\/div>\n\t<div class=\"img-right\"><\/div>\n<\/div>\n","protected":false},"excerpt":{"rendered":"<p>3DSkive\u2122: Tecnolog\u00eda visible con comodidad instant\u00e1nea OrthoLite\u00ae 3D Skive\u2122 incorpora una tecnolog\u00eda exclusiva de confort y rendimiento para amplificar la amortiguaci\u00f3n y la circulaci\u00f3n del aire bajo los pies. Resumen del producto La aplicaci\u00f3n OrthoLite\u00ae 3D Skive\u2122 es una tecnolog\u00eda patentada de corte en 3D que utiliza un patr\u00f3n geom\u00e9trico ondulado o en forma de [&hellip;]<\/p>\n","protected":false},"author":2,"featured_media":18991,"parent":0,"menu_order":0,"comment_status":"closed","ping_status":"closed","template":"","meta":{"_acf_changed":false,"footnotes":""},"class_list":["post-21134","page","type-page","status-publish","has-post-thumbnail","hentry"],"acf":[],"yoast_head":"<!-- This site is optimized with the Yoast SEO plugin v27.2 - https:\/\/yoast.com\/product\/yoast-seo-wordpress\/ -->\n<title>Tecnolog\u00eda 3D Skive Para Plantillas | OrthoLite<\/title>\n<meta name=\"description\" content=\"Descubre la tecnolog\u00eda 3D Skive de OrthoLite, que mejora el ajuste y el rendimiento gracias al dise\u00f1o avanzado de las plantillas.\" \/>\n<meta name=\"robots\" content=\"index, follow, max-snippet:-1, max-image-preview:large, max-video-preview:-1\" \/>\n<link rel=\"canonical\" href=\"https:\/\/www.ortholite.com\/es\/esqui-3d\/\" \/>\n<meta property=\"og:locale\" content=\"es_ES\" \/>\n<meta property=\"og:type\" content=\"article\" \/>\n<meta property=\"og:title\" content=\"Tecnolog\u00eda 3D Skive Para Plantillas | OrthoLite\" \/>\n<meta property=\"og:description\" content=\"Descubre la tecnolog\u00eda 3D Skive de OrthoLite, que mejora el ajuste y el rendimiento gracias al dise\u00f1o avanzado de las plantillas.\" \/>\n<meta property=\"og:url\" content=\"https:\/\/www.ortholite.com\/es\/esqui-3d\/\" \/>\n<meta property=\"og:site_name\" content=\"Ortholite\" \/>\n<meta property=\"article:modified_time\" content=\"2025-12-17T20:30:29+00:00\" \/>\n<meta property=\"og:image\" content=\"https:\/\/www.ortholite.com\/wp-content\/uploads\/2025\/03\/3D-Skive.png\" \/>\n\t<meta property=\"og:image:width\" content=\"640\" \/>\n\t<meta property=\"og:image:height\" content=\"754\" \/>\n\t<meta property=\"og:image:type\" content=\"image\/png\" \/>\n<meta name=\"twitter:card\" content=\"summary_large_image\" \/>\n<meta name=\"twitter:label1\" content=\"Est. reading time\" \/>\n\t<meta name=\"twitter:data1\" content=\"1 minute\" \/>\n<script type=\"application\/ld+json\" class=\"yoast-schema-graph\">{\"@context\":\"https:\/\/schema.org\",\"@graph\":[{\"@type\":\"WebPage\",\"@id\":\"https:\/\/www.ortholite.com\/es\/esqui-3d\/\",\"url\":\"https:\/\/www.ortholite.com\/es\/esqui-3d\/\",\"name\":\"Tecnolog\u00eda 3D Skive Para Plantillas | OrthoLite\",\"isPartOf\":{\"@id\":\"https:\/\/www.ortholite.com\/es\/#website\"},\"primaryImageOfPage\":{\"@id\":\"https:\/\/www.ortholite.com\/es\/esqui-3d\/#primaryimage\"},\"image\":{\"@id\":\"https:\/\/www.ortholite.com\/es\/esqui-3d\/#primaryimage\"},\"thumbnailUrl\":\"https:\/\/www.ortholite.com\/wp-content\/uploads\/2025\/03\/3D-Skive.png\",\"datePublished\":\"2025-03-07T16:40:59+00:00\",\"dateModified\":\"2025-12-17T20:30:29+00:00\",\"description\":\"Descubre la tecnolog\u00eda 3D Skive de OrthoLite, que mejora el ajuste y el rendimiento gracias al dise\u00f1o avanzado de las plantillas.\",\"breadcrumb\":{\"@id\":\"https:\/\/www.ortholite.com\/es\/esqui-3d\/#breadcrumb\"},\"inLanguage\":\"es-ES\",\"potentialAction\":[{\"@type\":\"ReadAction\",\"target\":[\"https:\/\/www.ortholite.com\/es\/esqui-3d\/\"]}]},{\"@type\":\"ImageObject\",\"inLanguage\":\"es-ES\",\"@id\":\"https:\/\/www.ortholite.com\/es\/esqui-3d\/#primaryimage\",\"url\":\"https:\/\/www.ortholite.com\/wp-content\/uploads\/2025\/03\/3D-Skive.png\",\"contentUrl\":\"https:\/\/www.ortholite.com\/wp-content\/uploads\/2025\/03\/3D-Skive.png\",\"width\":640,\"height\":754},{\"@type\":\"BreadcrumbList\",\"@id\":\"https:\/\/www.ortholite.com\/es\/esqui-3d\/#breadcrumb\",\"itemListElement\":[{\"@type\":\"ListItem\",\"position\":1,\"name\":\"Home\",\"item\":\"https:\/\/www.ortholite.com\/es\/portada\/\"},{\"@type\":\"ListItem\",\"position\":2,\"name\":\"Esqu\u00ed 3D\"}]},{\"@type\":\"WebSite\",\"@id\":\"https:\/\/www.ortholite.com\/es\/#website\",\"url\":\"https:\/\/www.ortholite.com\/es\/\",\"name\":\"Ortholite\",\"description\":\"High Performance Comfort Insoles, Open-Cell Foam Tech\",\"publisher\":{\"@id\":\"https:\/\/www.ortholite.com\/es\/#organization\"},\"potentialAction\":[{\"@type\":\"SearchAction\",\"target\":{\"@type\":\"EntryPoint\",\"urlTemplate\":\"https:\/\/www.ortholite.com\/es\/?s={search_term_string}\"},\"query-input\":{\"@type\":\"PropertyValueSpecification\",\"valueRequired\":true,\"valueName\":\"search_term_string\"}}],\"inLanguage\":\"es-ES\"},{\"@type\":\"Organization\",\"@id\":\"https:\/\/www.ortholite.com\/es\/#organization\",\"name\":\"Ortholite\",\"url\":\"https:\/\/www.ortholite.com\/es\/\",\"logo\":{\"@type\":\"ImageObject\",\"inLanguage\":\"es-ES\",\"@id\":\"https:\/\/www.ortholite.com\/es\/#\/schema\/logo\/image\/\",\"url\":\"https:\/\/www.ortholite.com\/wp-content\/uploads\/2024\/12\/horizontal-logo.svg\",\"contentUrl\":\"https:\/\/www.ortholite.com\/wp-content\/uploads\/2024\/12\/horizontal-logo.svg\",\"width\":201,\"height\":52,\"caption\":\"Ortholite\"},\"image\":{\"@id\":\"https:\/\/www.ortholite.com\/es\/#\/schema\/logo\/image\/\"}}]}<\/script>\n<!-- \/ Yoast SEO plugin. -->","yoast_head_json":{"title":"Tecnolog\u00eda 3D Skive Para Plantillas | OrthoLite","description":"Descubre la tecnolog\u00eda 3D Skive de OrthoLite, que mejora el ajuste y el rendimiento gracias al dise\u00f1o avanzado de las plantillas.","robots":{"index":"index","follow":"follow","max-snippet":"max-snippet:-1","max-image-preview":"max-image-preview:large","max-video-preview":"max-video-preview:-1"},"canonical":"https:\/\/www.ortholite.com\/es\/esqui-3d\/","og_locale":"es_ES","og_type":"article","og_title":"Tecnolog\u00eda 3D Skive Para Plantillas | OrthoLite","og_description":"Descubre la tecnolog\u00eda 3D Skive de OrthoLite, que mejora el ajuste y el rendimiento gracias al dise\u00f1o avanzado de las plantillas.","og_url":"https:\/\/www.ortholite.com\/es\/esqui-3d\/","og_site_name":"Ortholite","article_modified_time":"2025-12-17T20:30:29+00:00","og_image":[{"width":640,"height":754,"url":"https:\/\/www.ortholite.com\/wp-content\/uploads\/2025\/03\/3D-Skive.png","type":"image\/png"}],"twitter_card":"summary_large_image","twitter_misc":{"Est. reading time":"1 minute"},"schema":{"@context":"https:\/\/schema.org","@graph":[{"@type":"WebPage","@id":"https:\/\/www.ortholite.com\/es\/esqui-3d\/","url":"https:\/\/www.ortholite.com\/es\/esqui-3d\/","name":"Tecnolog\u00eda 3D Skive Para Plantillas | OrthoLite","isPartOf":{"@id":"https:\/\/www.ortholite.com\/es\/#website"},"primaryImageOfPage":{"@id":"https:\/\/www.ortholite.com\/es\/esqui-3d\/#primaryimage"},"image":{"@id":"https:\/\/www.ortholite.com\/es\/esqui-3d\/#primaryimage"},"thumbnailUrl":"https:\/\/www.ortholite.com\/wp-content\/uploads\/2025\/03\/3D-Skive.png","datePublished":"2025-03-07T16:40:59+00:00","dateModified":"2025-12-17T20:30:29+00:00","description":"Descubre la tecnolog\u00eda 3D Skive de OrthoLite, que mejora el ajuste y el rendimiento gracias al dise\u00f1o avanzado de las plantillas.","breadcrumb":{"@id":"https:\/\/www.ortholite.com\/es\/esqui-3d\/#breadcrumb"},"inLanguage":"es-ES","potentialAction":[{"@type":"ReadAction","target":["https:\/\/www.ortholite.com\/es\/esqui-3d\/"]}]},{"@type":"ImageObject","inLanguage":"es-ES","@id":"https:\/\/www.ortholite.com\/es\/esqui-3d\/#primaryimage","url":"https:\/\/www.ortholite.com\/wp-content\/uploads\/2025\/03\/3D-Skive.png","contentUrl":"https:\/\/www.ortholite.com\/wp-content\/uploads\/2025\/03\/3D-Skive.png","width":640,"height":754},{"@type":"BreadcrumbList","@id":"https:\/\/www.ortholite.com\/es\/esqui-3d\/#breadcrumb","itemListElement":[{"@type":"ListItem","position":1,"name":"Home","item":"https:\/\/www.ortholite.com\/es\/portada\/"},{"@type":"ListItem","position":2,"name":"Esqu\u00ed 3D"}]},{"@type":"WebSite","@id":"https:\/\/www.ortholite.com\/es\/#website","url":"https:\/\/www.ortholite.com\/es\/","name":"Ortholite","description":"High Performance Comfort Insoles, Open-Cell Foam Tech","publisher":{"@id":"https:\/\/www.ortholite.com\/es\/#organization"},"potentialAction":[{"@type":"SearchAction","target":{"@type":"EntryPoint","urlTemplate":"https:\/\/www.ortholite.com\/es\/?s={search_term_string}"},"query-input":{"@type":"PropertyValueSpecification","valueRequired":true,"valueName":"search_term_string"}}],"inLanguage":"es-ES"},{"@type":"Organization","@id":"https:\/\/www.ortholite.com\/es\/#organization","name":"Ortholite","url":"https:\/\/www.ortholite.com\/es\/","logo":{"@type":"ImageObject","inLanguage":"es-ES","@id":"https:\/\/www.ortholite.com\/es\/#\/schema\/logo\/image\/","url":"https:\/\/www.ortholite.com\/wp-content\/uploads\/2024\/12\/horizontal-logo.svg","contentUrl":"https:\/\/www.ortholite.com\/wp-content\/uploads\/2024\/12\/horizontal-logo.svg","width":201,"height":52,"caption":"Ortholite"},"image":{"@id":"https:\/\/www.ortholite.com\/es\/#\/schema\/logo\/image\/"}}]}},"_links":{"self":[{"href":"https:\/\/www.ortholite.com\/es\/wp-json\/wp\/v2\/pages\/21134","targetHints":{"allow":["GET"]}}],"collection":[{"href":"https:\/\/www.ortholite.com\/es\/wp-json\/wp\/v2\/pages"}],"about":[{"href":"https:\/\/www.ortholite.com\/es\/wp-json\/wp\/v2\/types\/page"}],"author":[{"embeddable":true,"href":"https:\/\/www.ortholite.com\/es\/wp-json\/wp\/v2\/users\/2"}],"replies":[{"embeddable":true,"href":"https:\/\/www.ortholite.com\/es\/wp-json\/wp\/v2\/comments?post=21134"}],"version-history":[{"count":2,"href":"https:\/\/www.ortholite.com\/es\/wp-json\/wp\/v2\/pages\/21134\/revisions"}],"predecessor-version":[{"id":23336,"href":"https:\/\/www.ortholite.com\/es\/wp-json\/wp\/v2\/pages\/21134\/revisions\/23336"}],"wp:featuredmedia":[{"embeddable":true,"href":"https:\/\/www.ortholite.com\/es\/wp-json\/wp\/v2\/media\/18991"}],"wp:attachment":[{"href":"https:\/\/www.ortholite.com\/es\/wp-json\/wp\/v2\/media?parent=21134"}],"curies":[{"name":"wp","href":"https:\/\/api.w.org\/{rel}","templated":true}]}}